{"id":9908,"date":"2025-10-09T00:00:00","date_gmt":"2025-10-08T22:00:00","guid":{"rendered":"https:\/\/yotavis.ch\/product\/ms2762a-0044\/"},"modified":"2026-04-24T13:37:50","modified_gmt":"2026-04-24T11:37:50","slug":"ms2762a-0044","status":"publish","type":"product","link":"https:\/\/yotavis.ch\/de\/produkt\/ms2762a-0044\/","title":{"rendered":"MS2762A-0044"},"content":{"rendered":"<p>Der Anritsu MS2762A-0044 ist ein ultraportabler Spektrumanalysator, der f\u00fcr einen Frequenzbereich von 6 GHz bis 44 GHz ausgelegt ist. Er zeichnet sich durch ein Phasenrauschen von -93 dBc\/Hz aus, das eine pr\u00e4zise Signalanalyse gew\u00e4hrleistet. Das Ger\u00e4t bietet eine Analysebandbreite von 3 MHz, die eine detaillierte Untersuchung der Signaleigenschaften erm\u00f6glicht. Der angezeigte mittlere Rauschpegel (DANL) liegt bei -135 dBm\/Hz, was die Erkennung von Signalen mit niedrigem Pegel unterst\u00fctzt. Dieses Modell ist kein Handger\u00e4t und verf\u00fcgt nicht \u00fcber Echtzeit-Spektrumanalyse (RTSA). Der MS2762A-0044 ist so konzipiert, dass er \u00fcber den gesamten spezifizierten Frequenzbereich hinweg zuverl\u00e4ssig arbeitet und sich daher f\u00fcr verschiedene Anwendungen eignet, die eine Hochfrequenz-Spektrumanalyse erfordern.<\/p>","protected":false},"excerpt":{"rendered":"<p>Ultraportable Spectrum Analyser 44GHz<\/p>","protected":false},"featured_media":10238,"comment_status":"closed","ping_status":"closed","template":"","meta":{"_acf_changed":false,"slim_seo":{"title":"MS2762A-0044 - YOTAVIS AG","description":"Ultraportable Spectrum Analyser 44GHz"}},"product_brand":[758],"product_cat":[523,524],"product_tag":[],"class_list":{"0":"post-9908","1":"product","2":"type-product","3":"status-publish","4":"has-post-thumbnail","6":"product_brand-anritsu","7":"product_cat-analyser","8":"product_cat-signal-spectrum-analyser","9":"pa_analysis-bandwidth-mhz-191","10":"pa_danl-dbm-hz-801","11":"pa_frequency-max-mhz-788","12":"pa_frequency-min-hz-800","13":"pa_handheld-no","14":"pa_rtsa-no","16":"first","17":"instock","18":"taxable","19":"shipping-taxable","20":"product-type-simple"},"acf":[],"_links":{"self":[{"href":"https:\/\/yotavis.ch\/de\/wp-json\/wp\/v2\/product\/9908","targetHints":{"allow":["GET"]}}],"collection":[{"href":"https:\/\/yotavis.ch\/de\/wp-json\/wp\/v2\/product"}],"about":[{"href":"https:\/\/yotavis.ch\/de\/wp-json\/wp\/v2\/types\/product"}],"replies":[{"embeddable":true,"href":"https:\/\/yotavis.ch\/de\/wp-json\/wp\/v2\/comments?post=9908"}],"wp:featuredmedia":[{"embeddable":true,"href":"https:\/\/yotavis.ch\/de\/wp-json\/wp\/v2\/media\/10238"}],"wp:attachment":[{"href":"https:\/\/yotavis.ch\/de\/wp-json\/wp\/v2\/media?parent=9908"}],"wp:term":[{"taxonomy":"product_brand","embeddable":true,"href":"https:\/\/yotavis.ch\/de\/wp-json\/wp\/v2\/product_brand?post=9908"},{"taxonomy":"product_cat","embeddable":true,"href":"https:\/\/yotavis.ch\/de\/wp-json\/wp\/v2\/product_cat?post=9908"},{"taxonomy":"product_tag","embeddable":true,"href":"https:\/\/yotavis.ch\/de\/wp-json\/wp\/v2\/product_tag?post=9908"}],"curies":[{"name":"wp","href":"https:\/\/api.w.org\/{rel}","templated":true}]}}