{"id":9909,"date":"2025-10-09T00:00:00","date_gmt":"2025-10-08T22:00:00","guid":{"rendered":"https:\/\/yotavis.ch\/product\/ms2762a-0050\/"},"modified":"2026-04-24T13:37:51","modified_gmt":"2026-04-24T11:37:51","slug":"ms2762a-0050","status":"publish","type":"product","link":"https:\/\/yotavis.ch\/de\/produkt\/ms2762a-0050\/","title":{"rendered":"MS2762A-0050"},"content":{"rendered":"<p>Der Anritsu MS2762A-0050 ist ein ultraportabler Spektrumanalysator, der f\u00fcr den Betrieb in einem Frequenzbereich von 6 GHz bis 50 GHz ausgelegt ist. Er verf\u00fcgt \u00fcber ein Phasenrauschen von -93 dBc\/Hz, was ein wichtiger Parameter f\u00fcr die Beurteilung der Signalreinheit ist. Das Ger\u00e4t bietet eine Analysebandbreite von 3 MHz, was eine detaillierte Untersuchung von Signalkomponenten innerhalb dieses Bereichs erm\u00f6glicht. Der angezeigte mittlere Rauschpegel (DANL) liegt bei -137 dBm\/Hz, was die Empfindlichkeit des Ger\u00e4ts bei der Erkennung von Signalen mit niedrigem Pegel zeigt. Dieser Spektrumanalysator ist nicht handgehalten, sondern f\u00fcr den Einsatz auf dem Tisch oder in einer festen Installation vorgesehen. Die maximale Frequenzkapazit\u00e4t reicht bis zu 50.000 MHz, wodurch er sich f\u00fcr Hochfrequenzanwendungen eignet. Der MS2762A-0050 enth\u00e4lt keine Echtzeit-Spektrumanalyse (RTSA). In diesen Spezifikationen sind die Betriebsfunktionen und technischen Parameter des Spektrumanalysators MS2762A-0050 von Anritsu zusammengefasst.<\/p>","protected":false},"excerpt":{"rendered":"<p>Ultraportable Spectrum Analyser 50GHz<\/p>","protected":false},"featured_media":10238,"comment_status":"closed","ping_status":"closed","template":"","meta":{"_acf_changed":false,"slim_seo":{"title":"MS2762A-0050 - YOTAVIS AG","description":"Ultraportable Spectrum Analyser 50GHz"}},"product_brand":[758],"product_cat":[523,524],"product_tag":[],"class_list":{"0":"post-9909","1":"product","2":"type-product","3":"status-publish","4":"has-post-thumbnail","6":"product_brand-anritsu","7":"product_cat-analyser","8":"product_cat-signal-spectrum-analyser","9":"pa_analysis-bandwidth-mhz-191","10":"pa_danl-dbm-hz-802","11":"pa_frequency-max-mhz-789","12":"pa_frequency-min-hz-800","13":"pa_handheld-no","14":"pa_rtsa-no","16":"first","17":"instock","18":"taxable","19":"shipping-taxable","20":"product-type-simple"},"acf":[],"_links":{"self":[{"href":"https:\/\/yotavis.ch\/de\/wp-json\/wp\/v2\/product\/9909","targetHints":{"allow":["GET"]}}],"collection":[{"href":"https:\/\/yotavis.ch\/de\/wp-json\/wp\/v2\/product"}],"about":[{"href":"https:\/\/yotavis.ch\/de\/wp-json\/wp\/v2\/types\/product"}],"replies":[{"embeddable":true,"href":"https:\/\/yotavis.ch\/de\/wp-json\/wp\/v2\/comments?post=9909"}],"wp:featuredmedia":[{"embeddable":true,"href":"https:\/\/yotavis.ch\/de\/wp-json\/wp\/v2\/media\/10238"}],"wp:attachment":[{"href":"https:\/\/yotavis.ch\/de\/wp-json\/wp\/v2\/media?parent=9909"}],"wp:term":[{"taxonomy":"product_brand","embeddable":true,"href":"https:\/\/yotavis.ch\/de\/wp-json\/wp\/v2\/product_brand?post=9909"},{"taxonomy":"product_cat","embeddable":true,"href":"https:\/\/yotavis.ch\/de\/wp-json\/wp\/v2\/product_cat?post=9909"},{"taxonomy":"product_tag","embeddable":true,"href":"https:\/\/yotavis.ch\/de\/wp-json\/wp\/v2\/product_tag?post=9909"}],"curies":[{"name":"wp","href":"https:\/\/api.w.org\/{rel}","templated":true}]}}