{"id":9910,"date":"2025-10-09T00:00:00","date_gmt":"2025-10-08T22:00:00","guid":{"rendered":"https:\/\/yotavis.ch\/product\/ms2762a-0070\/"},"modified":"2026-04-24T13:37:51","modified_gmt":"2026-04-24T11:37:51","slug":"ms2762a-0070","status":"publish","type":"product","link":"https:\/\/yotavis.ch\/de\/produkt\/ms2762a-0070\/","title":{"rendered":"MS2762A-0070"},"content":{"rendered":"<p>Der MS2762A-0070 von Anritsu ist ein ultraportabler Spektrumanalysator, der f\u00fcr einen Frequenzbereich von 6 GHz bis 70 GHz ausgelegt ist. Er verf\u00fcgt \u00fcber ein Phasenrauschen von -93 dBc\/Hz, das eine pr\u00e4zise Signalanalyse gew\u00e4hrleistet. Das Ger\u00e4t bietet eine Analysebandbreite von 3 MHz, was eine detaillierte Untersuchung von Signalkomponenten innerhalb dieses Bereichs erm\u00f6glicht. Sein angezeigter mittlerer Rauschpegel (DANL) liegt bei -137 dBm\/Hz, was zu seiner Empfindlichkeit bei der Erkennung schwacher Signale beitr\u00e4gt. Dieser Spektrumanalysator ist nicht handgef\u00fchrt, sondern f\u00fcr den Einsatz in einer station\u00e4ren Einrichtung vorgesehen. Die maximale Frequenzkapazit\u00e4t reicht bis zu 70.000 MHz, w\u00e4hrend die minimale Frequenz bei 6.000.000.000 Hz beginnt. Der MS2762A-0070 verf\u00fcgt nicht \u00fcber eine Echtzeit-Spektrumanalyse (RTSA). Mit diesen Spezifikationen eignet er sich f\u00fcr Anwendungen, die eine Hochfrequenz-Spektrumanalyse mit Schwerpunkt auf Genauigkeit und Empfindlichkeit erfordern.<\/p>","protected":false},"excerpt":{"rendered":"<p>Ultraportabler Spektralanalysator 70GHz<\/p>","protected":false},"featured_media":10238,"comment_status":"closed","ping_status":"closed","template":"","meta":{"_acf_changed":false,"slim_seo":{"title":"MS2762A-0070 - YOTAVIS AG","description":"Ultraportabler Spektralanalysator 70GHz"}},"product_brand":[758],"product_cat":[523,524],"product_tag":[],"class_list":{"0":"post-9910","1":"product","2":"type-product","3":"status-publish","4":"has-post-thumbnail","6":"product_brand-anritsu","7":"product_cat-analyser","8":"product_cat-signal-spectrum-analyser","9":"pa_analysis-bandwidth-mhz-191","10":"pa_danl-dbm-hz-802","11":"pa_frequency-max-mhz-791","12":"pa_frequency-min-hz-800","13":"pa_handheld-no","14":"pa_rtsa-no","16":"first","17":"instock","18":"taxable","19":"shipping-taxable","20":"product-type-simple"},"acf":[],"_links":{"self":[{"href":"https:\/\/yotavis.ch\/de\/wp-json\/wp\/v2\/product\/9910","targetHints":{"allow":["GET"]}}],"collection":[{"href":"https:\/\/yotavis.ch\/de\/wp-json\/wp\/v2\/product"}],"about":[{"href":"https:\/\/yotavis.ch\/de\/wp-json\/wp\/v2\/types\/product"}],"replies":[{"embeddable":true,"href":"https:\/\/yotavis.ch\/de\/wp-json\/wp\/v2\/comments?post=9910"}],"wp:featuredmedia":[{"embeddable":true,"href":"https:\/\/yotavis.ch\/de\/wp-json\/wp\/v2\/media\/10238"}],"wp:attachment":[{"href":"https:\/\/yotavis.ch\/de\/wp-json\/wp\/v2\/media?parent=9910"}],"wp:term":[{"taxonomy":"product_brand","embeddable":true,"href":"https:\/\/yotavis.ch\/de\/wp-json\/wp\/v2\/product_brand?post=9910"},{"taxonomy":"product_cat","embeddable":true,"href":"https:\/\/yotavis.ch\/de\/wp-json\/wp\/v2\/product_cat?post=9910"},{"taxonomy":"product_tag","embeddable":true,"href":"https:\/\/yotavis.ch\/de\/wp-json\/wp\/v2\/product_tag?post=9910"}],"curies":[{"name":"wp","href":"https:\/\/api.w.org\/{rel}","templated":true}]}}