{"id":9914,"date":"2025-10-09T00:00:00","date_gmt":"2025-10-08T22:00:00","guid":{"rendered":"https:\/\/yotavis.ch\/product\/ms2762a-0170\/"},"modified":"2026-04-24T13:37:52","modified_gmt":"2026-04-24T11:37:52","slug":"ms2762a-0170","status":"publish","type":"product","link":"https:\/\/yotavis.ch\/de\/produkt\/ms2762a-0170\/","title":{"rendered":"MS2762A-0170"},"content":{"rendered":"<p>Der MS2762A-0170 von Anritsu ist ein ultraportabler Spektrumanalysator, der f\u00fcr den Betrieb im Frequenzbereich von 600 MHz bis 170 GHz ausgelegt ist. Er weist ein Phasenrauschen von -93 dBc\/Hz auf, was auf seine Leistungsf\u00e4higkeit bei der Signalreinheit hinweist. Das Ger\u00e4t bietet eine Analysebandbreite von 3 MHz, die eine detaillierte Untersuchung von Signalkomponenten innerhalb dieses Bereichs erm\u00f6glicht. Dar\u00fcber hinaus hat es einen angezeigten mittleren Rauschpegel (DANL) von -114 dBm\/Hz, was seine Empfindlichkeit gegen\u00fcber schwachen Signalen widerspiegelt. Dieser Spektrumanalysator ist nicht tragbar und verf\u00fcgt nicht \u00fcber Echtzeit-Spektrumanalyse (RTSA). Sein Design unterst\u00fctzt pr\u00e4zise Frequenzmessungen bis zu 170.000 MHz, wodurch er sich f\u00fcr Hochfrequenzanwendungen eignet. Die Kombination dieser Spezifikationen macht den MS2762A-0170 zu einem Spezialger\u00e4t f\u00fcr die detaillierte Spektralanalyse \u00fcber ein breites Frequenzspektrum.<\/p>","protected":false},"excerpt":{"rendered":"<p>Ultraportabler Spektralanalysator 170 GHz<\/p>","protected":false},"featured_media":10238,"comment_status":"closed","ping_status":"closed","template":"","meta":{"_acf_changed":false,"slim_seo":{"title":"MS2762A-0170 - YOTAVIS AG","description":"Ultraportabler Spektralanalysator 170 GHz"}},"product_brand":[758],"product_cat":[523,524],"product_tag":[],"class_list":{"0":"post-9914","1":"product","2":"type-product","3":"status-publish","4":"has-post-thumbnail","6":"product_brand-anritsu","7":"product_cat-analyser","8":"product_cat-signal-spectrum-analyser","9":"pa_analysis-bandwidth-mhz-191","10":"pa_danl-dbm-hz-806","11":"pa_frequency-max-mhz-798","12":"pa_frequency-min-hz-800","13":"pa_handheld-no","14":"pa_rtsa-no","16":"first","17":"instock","18":"taxable","19":"shipping-taxable","20":"product-type-simple"},"acf":[],"_links":{"self":[{"href":"https:\/\/yotavis.ch\/de\/wp-json\/wp\/v2\/product\/9914","targetHints":{"allow":["GET"]}}],"collection":[{"href":"https:\/\/yotavis.ch\/de\/wp-json\/wp\/v2\/product"}],"about":[{"href":"https:\/\/yotavis.ch\/de\/wp-json\/wp\/v2\/types\/product"}],"replies":[{"embeddable":true,"href":"https:\/\/yotavis.ch\/de\/wp-json\/wp\/v2\/comments?post=9914"}],"wp:featuredmedia":[{"embeddable":true,"href":"https:\/\/yotavis.ch\/de\/wp-json\/wp\/v2\/media\/10238"}],"wp:attachment":[{"href":"https:\/\/yotavis.ch\/de\/wp-json\/wp\/v2\/media?parent=9914"}],"wp:term":[{"taxonomy":"product_brand","embeddable":true,"href":"https:\/\/yotavis.ch\/de\/wp-json\/wp\/v2\/product_brand?post=9914"},{"taxonomy":"product_cat","embeddable":true,"href":"https:\/\/yotavis.ch\/de\/wp-json\/wp\/v2\/product_cat?post=9914"},{"taxonomy":"product_tag","embeddable":true,"href":"https:\/\/yotavis.ch\/de\/wp-json\/wp\/v2\/product_tag?post=9914"}],"curies":[{"name":"wp","href":"https:\/\/api.w.org\/{rel}","templated":true}]}}