{"id":9915,"date":"2025-10-09T00:00:00","date_gmt":"2025-10-08T22:00:00","guid":{"rendered":"https:\/\/yotavis.ch\/product\/ms2720t-0709\/"},"modified":"2026-04-24T13:37:53","modified_gmt":"2026-04-24T11:37:53","slug":"ms2720t-0709","status":"publish","type":"product","link":"https:\/\/yotavis.ch\/de\/produkt\/ms2720t-0709\/","title":{"rendered":"MS2720T-0709"},"content":{"rendered":"<p>Der MS2720T-0709 ist ein leistungsstarker Handheld-Spektrumanalysator von Anritsu, der f\u00fcr den Betrieb bis zu einer maximalen Frequenz von 9 GHz ausgelegt ist. Er zeichnet sich durch ein Phasenrauschen von -112 dBc\/Hz aus, das eine pr\u00e4zise Signalanalyse gew\u00e4hrleistet. Das Ger\u00e4t bietet eine Analysebandbreite von 10 MHz, die eine detaillierte Untersuchung der Signaleigenschaften innerhalb dieses Bereichs erm\u00f6glicht. Der angezeigte mittlere Rauschpegel (DANL) liegt bei -164 dBm\/Hz, was die Erkennung von Signalen mit sehr niedrigem Pegel erm\u00f6glicht. Dieses Handmessger\u00e4t ist tragbar und f\u00fcr den Einsatz in verschiedenen Bereichen geeignet. Der Frequenzbereich reicht von 9 kHz bis 9 GHz und deckt damit ein breites Spektrum f\u00fcr verschiedene Pr\u00fcfanforderungen ab. Das MS2720T-0709 verf\u00fcgt nicht \u00fcber Echtzeit-Spektrumanalyse (RTSA), bietet aber innerhalb der angegebenen Parameter eine robuste Leistung.<\/p>","protected":false},"excerpt":{"rendered":"<p>High-performance Handheld Spectrum Analyzer 9GHz<\/p>","protected":false},"featured_media":10244,"comment_status":"closed","ping_status":"closed","template":"","meta":{"_acf_changed":false,"slim_seo":{"title":"MS2720T-0709 - YOTAVIS AG","description":"High-performance Handheld Spectrum Analyzer 9GHz"}},"product_brand":[758],"product_cat":[523,524],"product_tag":[],"class_list":{"0":"post-9915","1":"product","2":"type-product","3":"status-publish","4":"has-post-thumbnail","6":"product_brand-anritsu","7":"product_cat-analyser","8":"product_cat-signal-spectrum-analyser","9":"pa_analysis-bandwidth-mhz-269","10":"pa_danl-dbm-hz-784","11":"pa_frequency-max-mhz-782","12":"pa_frequency-min-hz-177","13":"pa_handheld-yes","14":"pa_rtsa-no","16":"first","17":"instock","18":"taxable","19":"shipping-taxable","20":"product-type-simple"},"acf":[],"_links":{"self":[{"href":"https:\/\/yotavis.ch\/de\/wp-json\/wp\/v2\/product\/9915","targetHints":{"allow":["GET"]}}],"collection":[{"href":"https:\/\/yotavis.ch\/de\/wp-json\/wp\/v2\/product"}],"about":[{"href":"https:\/\/yotavis.ch\/de\/wp-json\/wp\/v2\/types\/product"}],"replies":[{"embeddable":true,"href":"https:\/\/yotavis.ch\/de\/wp-json\/wp\/v2\/comments?post=9915"}],"wp:featuredmedia":[{"embeddable":true,"href":"https:\/\/yotavis.ch\/de\/wp-json\/wp\/v2\/media\/10244"}],"wp:attachment":[{"href":"https:\/\/yotavis.ch\/de\/wp-json\/wp\/v2\/media?parent=9915"}],"wp:term":[{"taxonomy":"product_brand","embeddable":true,"href":"https:\/\/yotavis.ch\/de\/wp-json\/wp\/v2\/product_brand?post=9915"},{"taxonomy":"product_cat","embeddable":true,"href":"https:\/\/yotavis.ch\/de\/wp-json\/wp\/v2\/product_cat?post=9915"},{"taxonomy":"product_tag","embeddable":true,"href":"https:\/\/yotavis.ch\/de\/wp-json\/wp\/v2\/product_tag?post=9915"}],"curies":[{"name":"wp","href":"https:\/\/api.w.org\/{rel}","templated":true}]}}