{"id":9917,"date":"2025-10-09T00:00:00","date_gmt":"2025-10-08T22:00:00","guid":{"rendered":"https:\/\/yotavis.ch\/product\/ms2720t-0720\/"},"modified":"2026-04-24T13:37:53","modified_gmt":"2026-04-24T11:37:53","slug":"ms2720t-0720","status":"publish","type":"product","link":"https:\/\/yotavis.ch\/de\/produkt\/ms2720t-0720\/","title":{"rendered":"MS2720T-0720"},"content":{"rendered":"<p>Der MS2720T-0720 von Anritsu ist ein leistungsstarker Handheld-Spektrumanalysator, der f\u00fcr einen Frequenzbereich von 9 kHz bis 20 GHz ausgelegt ist. Er zeichnet sich durch ein Phasenrauschen von -112 dBc\/Hz aus, das eine pr\u00e4zise Signalanalyse gew\u00e4hrleistet. Das Ger\u00e4t bietet eine Analysebandbreite von 10 MHz, die eine detaillierte Untersuchung der Signaleigenschaften erm\u00f6glicht. Der angezeigte mittlere Rauschpegel (DANL) liegt bei -164 dBm\/Hz, was die Erkennung von Signalen mit sehr niedrigem Pegel erm\u00f6glicht. Dieses tragbare Ger\u00e4t ist f\u00fcr den Einsatz vor Ort geeignet und bietet Mobilit\u00e4t ohne Leistungseinbu\u00dfen. Die Kombination aus breitem Frequenzbereich und niedrigem Grundrauschen macht es zu einem vielseitigen Werkzeug f\u00fcr verschiedene Spektrumanalyseanwendungen.<\/p>","protected":false},"excerpt":{"rendered":"<p>High-performance Handheld Spectrum Analyzer 20GHz<\/p>","protected":false},"featured_media":10244,"comment_status":"closed","ping_status":"closed","template":"","meta":{"_acf_changed":false,"slim_seo":{"title":"MS2720T-0720 - YOTAVIS AG","description":"High-performance Handheld Spectrum Analyzer 20GHz"}},"product_brand":[758],"product_cat":[523,524],"product_tag":[],"class_list":{"0":"post-9917","1":"product","2":"type-product","3":"status-publish","4":"has-post-thumbnail","6":"product_brand-anritsu","7":"product_cat-analyser","8":"product_cat-signal-spectrum-analyser","9":"pa_analysis-bandwidth-mhz-269","10":"pa_danl-dbm-hz-784","11":"pa_frequency-max-mhz-467","12":"pa_frequency-min-hz-177","13":"pa_handheld-yes","14":"pa_rtsa-no","16":"first","17":"instock","18":"taxable","19":"shipping-taxable","20":"product-type-simple"},"acf":[],"_links":{"self":[{"href":"https:\/\/yotavis.ch\/de\/wp-json\/wp\/v2\/product\/9917","targetHints":{"allow":["GET"]}}],"collection":[{"href":"https:\/\/yotavis.ch\/de\/wp-json\/wp\/v2\/product"}],"about":[{"href":"https:\/\/yotavis.ch\/de\/wp-json\/wp\/v2\/types\/product"}],"replies":[{"embeddable":true,"href":"https:\/\/yotavis.ch\/de\/wp-json\/wp\/v2\/comments?post=9917"}],"wp:featuredmedia":[{"embeddable":true,"href":"https:\/\/yotavis.ch\/de\/wp-json\/wp\/v2\/media\/10244"}],"wp:attachment":[{"href":"https:\/\/yotavis.ch\/de\/wp-json\/wp\/v2\/media?parent=9917"}],"wp:term":[{"taxonomy":"product_brand","embeddable":true,"href":"https:\/\/yotavis.ch\/de\/wp-json\/wp\/v2\/product_brand?post=9917"},{"taxonomy":"product_cat","embeddable":true,"href":"https:\/\/yotavis.ch\/de\/wp-json\/wp\/v2\/product_cat?post=9917"},{"taxonomy":"product_tag","embeddable":true,"href":"https:\/\/yotavis.ch\/de\/wp-json\/wp\/v2\/product_tag?post=9917"}],"curies":[{"name":"wp","href":"https:\/\/api.w.org\/{rel}","templated":true}]}}