{"id":9918,"date":"2025-10-09T00:00:00","date_gmt":"2025-10-08T22:00:00","guid":{"rendered":"https:\/\/yotavis.ch\/product\/ms4642b\/"},"modified":"2026-04-24T13:37:54","modified_gmt":"2026-04-24T11:37:54","slug":"ms4642b","status":"publish","type":"product","link":"https:\/\/yotavis.ch\/de\/produkt\/ms4642b\/","title":{"rendered":"MS4642B"},"content":{"rendered":"<p>Der Anritsu MS4642B VectorStar\u2122 Microwave VNA arbeitet mit einem Frequenzbereich von 70 kHz bis 20 GHz und bietet damit eine umfassende Abdeckung f\u00fcr Mikrowellenmessungen. Er verf\u00fcgt \u00fcber zwei Anschl\u00fcsse, die vielseitige Testkonfigurationen erm\u00f6glichen. Das Ger\u00e4t bietet einen Dynamikbereich von 116 dB, der eine pr\u00e4zise Signalanalyse \u00fcber seine Betriebsfrequenzen hinweg erm\u00f6glicht. Das Ger\u00e4t ist als Tischger\u00e4t konzipiert und wird nicht in der Hand gehalten, was seine Eignung f\u00fcr Labor- oder Produktionsumgebungen unterstreicht. Das MS4642B ist Teil der VectorStar\u2122-Serie, die f\u00fcr ihre F\u00e4higkeiten zur Analyse von Mikrowellen-Vektornetzwerken bekannt ist. Dieses Modell unterst\u00fctzt einen weiten Frequenzbereich und eignet sich daher f\u00fcr die Charakterisierung verschiedener Mikrowellenkomponenten und -systeme. Seine Spezifikationen konzentrieren sich auf die Bereitstellung genauer und zuverl\u00e4ssiger Messungen innerhalb der angegebenen Frequenz- und Dynamikbereichsparameter.<\/p>","protected":false},"excerpt":{"rendered":"<p>VectorStar\u2122 Microwave VNA 20 GHz<\/p>","protected":false},"featured_media":10250,"comment_status":"closed","ping_status":"closed","template":"","meta":{"_acf_changed":false,"slim_seo":{"title":"MS4642B - YOTAVIS AG","description":"VectorStar\u2122 Microwave VNA 20 GHz"}},"product_brand":[758],"product_cat":[523,525],"product_tag":[],"class_list":{"0":"post-9918","1":"product","2":"type-product","3":"status-publish","4":"has-post-thumbnail","6":"product_brand-anritsu","7":"product_cat-analyser","8":"product_cat-vna","9":"pa_dynamic-range-db-809","10":"pa_frequency-max-mhz-467","11":"pa_frequency-min-hz-808","12":"pa_handheld-no","13":"pa_ports-188","15":"first","16":"instock","17":"taxable","18":"shipping-taxable","19":"product-type-simple"},"acf":[],"_links":{"self":[{"href":"https:\/\/yotavis.ch\/de\/wp-json\/wp\/v2\/product\/9918","targetHints":{"allow":["GET"]}}],"collection":[{"href":"https:\/\/yotavis.ch\/de\/wp-json\/wp\/v2\/product"}],"about":[{"href":"https:\/\/yotavis.ch\/de\/wp-json\/wp\/v2\/types\/product"}],"replies":[{"embeddable":true,"href":"https:\/\/yotavis.ch\/de\/wp-json\/wp\/v2\/comments?post=9918"}],"wp:featuredmedia":[{"embeddable":true,"href":"https:\/\/yotavis.ch\/de\/wp-json\/wp\/v2\/media\/10250"}],"wp:attachment":[{"href":"https:\/\/yotavis.ch\/de\/wp-json\/wp\/v2\/media?parent=9918"}],"wp:term":[{"taxonomy":"product_brand","embeddable":true,"href":"https:\/\/yotavis.ch\/de\/wp-json\/wp\/v2\/product_brand?post=9918"},{"taxonomy":"product_cat","embeddable":true,"href":"https:\/\/yotavis.ch\/de\/wp-json\/wp\/v2\/product_cat?post=9918"},{"taxonomy":"product_tag","embeddable":true,"href":"https:\/\/yotavis.ch\/de\/wp-json\/wp\/v2\/product_tag?post=9918"}],"curies":[{"name":"wp","href":"https:\/\/api.w.org\/{rel}","templated":true}]}}