{"id":9919,"date":"2025-10-09T00:00:00","date_gmt":"2025-10-08T22:00:00","guid":{"rendered":"https:\/\/yotavis.ch\/product\/ms4644b\/"},"modified":"2026-04-24T13:37:54","modified_gmt":"2026-04-24T11:37:54","slug":"ms4644b","status":"publish","type":"product","link":"https:\/\/yotavis.ch\/de\/produkt\/ms4644b\/","title":{"rendered":"MS4644B"},"content":{"rendered":"<p>Der Anritsu MS4644B VectorStar\u2122 Microwave VNA arbeitet mit einer maximalen Frequenz von 40 GHz und einer minimalen Frequenz von 70 kHz und bietet damit einen gro\u00dfen Frequenzbereich f\u00fcr verschiedene Mikrowellenmessungen. Er verf\u00fcgt \u00fcber einen Dynamikbereich von 129 dB, der eine pr\u00e4zise Signalanalyse \u00fcber seine gesamte Betriebsbandbreite erm\u00f6glicht. Das Ger\u00e4t ist mit zwei Anschl\u00fcssen ausgestattet, was komplexe Netzwerkanalysen und Messkonfigurationen erleichtert. Es ist als Tischger\u00e4t konzipiert und wird nicht in der Hand gehalten, was seine Eignung f\u00fcr Labor- oder Produktionsumgebungen verdeutlicht. Die im MS4644B integrierte VectorStar\u2122-Technologie unterst\u00fctzt die fortschrittliche Analyse von Mikrowellen-Vektornetzwerken und macht es zu einem wichtigen Werkzeug f\u00fcr Hochfrequenzpr\u00fcfanwendungen. Seine Spezifikationen unterstreichen seine F\u00e4higkeit, ein breites Spektrum von Mikrowellenfrequenzen mit hohem Dynamikbereich und Dual-Port-Konnektivit\u00e4t zu verarbeiten.<\/p>","protected":false},"excerpt":{"rendered":"<p>VectorStar\u2122 Mikrowellen-VNA 40 GHz<\/p>","protected":false},"featured_media":10250,"comment_status":"closed","ping_status":"closed","template":"","meta":{"_acf_changed":false,"slim_seo":{"title":"MS4644B - YOTAVIS AG","description":"VectorStar\u2122 Mikrowellen-VNA 40 GHz"}},"product_brand":[758],"product_cat":[523,525],"product_tag":[],"class_list":{"0":"post-9919","1":"product","2":"type-product","3":"status-publish","4":"has-post-thumbnail","6":"product_brand-anritsu","7":"product_cat-analyser","8":"product_cat-vna","9":"pa_dynamic-range-db-810","10":"pa_frequency-max-mhz-770","11":"pa_frequency-min-hz-808","12":"pa_handheld-no","13":"pa_ports-188","15":"first","16":"instock","17":"taxable","18":"shipping-taxable","19":"product-type-simple"},"acf":[],"_links":{"self":[{"href":"https:\/\/yotavis.ch\/de\/wp-json\/wp\/v2\/product\/9919","targetHints":{"allow":["GET"]}}],"collection":[{"href":"https:\/\/yotavis.ch\/de\/wp-json\/wp\/v2\/product"}],"about":[{"href":"https:\/\/yotavis.ch\/de\/wp-json\/wp\/v2\/types\/product"}],"replies":[{"embeddable":true,"href":"https:\/\/yotavis.ch\/de\/wp-json\/wp\/v2\/comments?post=9919"}],"wp:featuredmedia":[{"embeddable":true,"href":"https:\/\/yotavis.ch\/de\/wp-json\/wp\/v2\/media\/10250"}],"wp:attachment":[{"href":"https:\/\/yotavis.ch\/de\/wp-json\/wp\/v2\/media?parent=9919"}],"wp:term":[{"taxonomy":"product_brand","embeddable":true,"href":"https:\/\/yotavis.ch\/de\/wp-json\/wp\/v2\/product_brand?post=9919"},{"taxonomy":"product_cat","embeddable":true,"href":"https:\/\/yotavis.ch\/de\/wp-json\/wp\/v2\/product_cat?post=9919"},{"taxonomy":"product_tag","embeddable":true,"href":"https:\/\/yotavis.ch\/de\/wp-json\/wp\/v2\/product_tag?post=9919"}],"curies":[{"name":"wp","href":"https:\/\/api.w.org\/{rel}","templated":true}]}}