{"id":9920,"date":"2025-10-09T00:00:00","date_gmt":"2025-10-08T22:00:00","guid":{"rendered":"https:\/\/yotavis.ch\/product\/ms4647b\/"},"modified":"2026-04-24T13:37:54","modified_gmt":"2026-04-24T11:37:54","slug":"ms4647b","status":"publish","type":"product","link":"https:\/\/yotavis.ch\/de\/produkt\/ms4647b\/","title":{"rendered":"MS4647B"},"content":{"rendered":"<p>Der Anritsu MS4647B VectorStar\u2122 Microwave VNA arbeitet mit einer maximalen Frequenz von 70 GHz und bietet pr\u00e4zise Messm\u00f6glichkeiten in diesem Hochfrequenzbereich. Er verf\u00fcgt \u00fcber zwei Anschl\u00fcsse, die vielseitige Pr\u00fcfkonfigurationen und eine umfassende Analyse von Mikrowellenkomponenten erm\u00f6glichen. Das Ger\u00e4t bietet einen Dynamikbereich von 124 dB und kann damit Signale mit einer gro\u00dfen Bandbreite an Leistungspegeln erfassen. Es ist als Tischger\u00e4t konzipiert und wird nicht in der Hand gehalten, was f\u00fcr Labor- und Produktionsumgebungen geeignet ist, in denen Stabilit\u00e4t und Genauigkeit entscheidend sind. Das MS4647B unterst\u00fctzt eine fortschrittliche Vektornetzwerkanalyse und eignet sich daher f\u00fcr die Charakterisierung komplexer Mikrowellenger\u00e4te. Seine Hochfrequenzf\u00e4higkeit und sein gro\u00dfer Dynamikbereich machen es zu einem wertvollen Werkzeug f\u00fcr Ingenieure, die in Mikrowellen- und Millimeterwellenanwendungen arbeiten. Das Ger\u00e4t ist Teil der VectorStar\u2122-Serie von Anritsu, die f\u00fcr ihre Pr\u00e4zision und Zuverl\u00e4ssigkeit bei Mikrowellenmessungen bekannt ist.<\/p>","protected":false},"excerpt":{"rendered":"<p>VectorStar\u2122 Microwave VNA 70 GHz<\/p>","protected":false},"featured_media":10250,"comment_status":"closed","ping_status":"closed","template":"","meta":{"_acf_changed":false,"slim_seo":{"title":"MS4647B - YOTAVIS AG","description":"VectorStar\u2122 Microwave VNA 70 GHz"}},"product_brand":[758],"product_cat":[523,525],"product_tag":[],"class_list":{"0":"post-9920","1":"product","2":"type-product","3":"status-publish","4":"has-post-thumbnail","6":"product_brand-anritsu","7":"product_cat-analyser","8":"product_cat-vna","9":"pa_dynamic-range-db-811","10":"pa_frequency-max-mhz-791","11":"pa_frequency-min-hz-808","12":"pa_handheld-no","13":"pa_ports-188","15":"first","16":"instock","17":"taxable","18":"shipping-taxable","19":"product-type-simple"},"acf":[],"_links":{"self":[{"href":"https:\/\/yotavis.ch\/de\/wp-json\/wp\/v2\/product\/9920","targetHints":{"allow":["GET"]}}],"collection":[{"href":"https:\/\/yotavis.ch\/de\/wp-json\/wp\/v2\/product"}],"about":[{"href":"https:\/\/yotavis.ch\/de\/wp-json\/wp\/v2\/types\/product"}],"replies":[{"embeddable":true,"href":"https:\/\/yotavis.ch\/de\/wp-json\/wp\/v2\/comments?post=9920"}],"wp:featuredmedia":[{"embeddable":true,"href":"https:\/\/yotavis.ch\/de\/wp-json\/wp\/v2\/media\/10250"}],"wp:attachment":[{"href":"https:\/\/yotavis.ch\/de\/wp-json\/wp\/v2\/media?parent=9920"}],"wp:term":[{"taxonomy":"product_brand","embeddable":true,"href":"https:\/\/yotavis.ch\/de\/wp-json\/wp\/v2\/product_brand?post=9920"},{"taxonomy":"product_cat","embeddable":true,"href":"https:\/\/yotavis.ch\/de\/wp-json\/wp\/v2\/product_cat?post=9920"},{"taxonomy":"product_tag","embeddable":true,"href":"https:\/\/yotavis.ch\/de\/wp-json\/wp\/v2\/product_tag?post=9920"}],"curies":[{"name":"wp","href":"https:\/\/api.w.org\/{rel}","templated":true}]}}