{"id":9921,"date":"2025-10-09T00:00:00","date_gmt":"2025-10-08T22:00:00","guid":{"rendered":"https:\/\/yotavis.ch\/product\/ms46121b\/"},"modified":"2026-04-24T13:37:55","modified_gmt":"2026-04-24T11:37:55","slug":"ms46121b","status":"publish","type":"product","link":"https:\/\/yotavis.ch\/de\/produkt\/ms46121b\/","title":{"rendered":"MS46121B"},"content":{"rendered":"<p>Der MS46121B ShockLine\u2122 1-Port VNA 6GHz von Anritsu arbeitet in einem Frequenzbereich von 150.000 Hz bis 6.000 MHz und bietet einen Dynamikbereich von 80 dB. Dieses Ger\u00e4t verf\u00fcgt \u00fcber eine Einzelport-Konfiguration, die f\u00fcr eine pr\u00e4zise Vektornetzwerkanalyse ausgelegt ist. Es ist nicht tragbar und daher f\u00fcr den Einsatz auf dem Tisch oder in einer festen Installation vorgesehen. Das Ger\u00e4t unterst\u00fctzt Messungen in einem breiten Spektrum und eignet sich damit f\u00fcr verschiedene Testszenarien innerhalb seiner Frequenzgrenzen. Der Dynamikbereich von 80 dB erm\u00f6glicht eine genaue Erfassung und Analyse von Signalpegeln. Das Produkt ist Teil der ShockLine\u2122-Serie, die f\u00fcr ihre speziellen F\u00e4higkeiten in der Netzwerkanalyse bekannt ist. Sein Design und seine Spezifikationen richten sich an Benutzer, die detaillierte Frequenzgangmessungen bis zu 6 GHz ben\u00f6tigen.<\/p>","protected":false},"excerpt":{"rendered":"<p>ShockLine\u2122 1-Port VNA 6GHz<\/p>","protected":false},"featured_media":10255,"comment_status":"closed","ping_status":"closed","template":"","meta":{"_acf_changed":false,"slim_seo":{"title":"MS46121B - YOTAVIS AG","description":"ShockLine\u2122 1-Port VNA 6GHz"}},"product_brand":[758],"product_cat":[523,525],"product_tag":[],"class_list":{"0":"post-9921","1":"product","2":"type-product","3":"status-publish","4":"has-post-thumbnail","6":"product_brand-anritsu","7":"product_cat-analyser","8":"product_cat-vna","9":"pa_dynamic-range-db-300","10":"pa_frequency-max-mhz-647","11":"pa_frequency-min-hz-779","12":"pa_handheld-no","13":"pa_ports-812","15":"first","16":"instock","17":"taxable","18":"shipping-taxable","19":"product-type-simple"},"acf":[],"_links":{"self":[{"href":"https:\/\/yotavis.ch\/de\/wp-json\/wp\/v2\/product\/9921","targetHints":{"allow":["GET"]}}],"collection":[{"href":"https:\/\/yotavis.ch\/de\/wp-json\/wp\/v2\/product"}],"about":[{"href":"https:\/\/yotavis.ch\/de\/wp-json\/wp\/v2\/types\/product"}],"replies":[{"embeddable":true,"href":"https:\/\/yotavis.ch\/de\/wp-json\/wp\/v2\/comments?post=9921"}],"wp:featuredmedia":[{"embeddable":true,"href":"https:\/\/yotavis.ch\/de\/wp-json\/wp\/v2\/media\/10255"}],"wp:attachment":[{"href":"https:\/\/yotavis.ch\/de\/wp-json\/wp\/v2\/media?parent=9921"}],"wp:term":[{"taxonomy":"product_brand","embeddable":true,"href":"https:\/\/yotavis.ch\/de\/wp-json\/wp\/v2\/product_brand?post=9921"},{"taxonomy":"product_cat","embeddable":true,"href":"https:\/\/yotavis.ch\/de\/wp-json\/wp\/v2\/product_cat?post=9921"},{"taxonomy":"product_tag","embeddable":true,"href":"https:\/\/yotavis.ch\/de\/wp-json\/wp\/v2\/product_tag?post=9921"}],"curies":[{"name":"wp","href":"https:\/\/api.w.org\/{rel}","templated":true}]}}