{"id":9924,"date":"2025-10-09T00:00:00","date_gmt":"2025-10-08T22:00:00","guid":{"rendered":"https:\/\/yotavis.ch\/product\/ms46131a-043\/"},"modified":"2026-04-24T13:37:56","modified_gmt":"2026-04-24T11:37:56","slug":"ms46131a-043","status":"publish","type":"product","link":"https:\/\/yotavis.ch\/de\/produkt\/ms46131a-043\/","title":{"rendered":"MS46131A-043"},"content":{"rendered":"<p>Der MS46131A-043 ShockLine\u2122 Modular 1-Port VNA arbeitet mit einer maximalen Frequenz von 43,5 GHz und einer minimalen Frequenz von 1 MHz. Er verf\u00fcgt \u00fcber eine Einzelport-Konfiguration und bietet einen Dynamikbereich von 102 dB. Das Ger\u00e4t ist modular aufgebaut und erm\u00f6glicht eine flexible Integration in verschiedene Testaufbauten. Es ist nicht handgehalten, sondern f\u00fcr den Einsatz auf dem Tisch oder in einem Rack vorgesehen. Das Produkt wird von Anritsu hergestellt, einem Unternehmen, das f\u00fcr seine elektronischen Messinstrumente bekannt ist. Die Kombination aus Frequenz- und Dynamikbereich macht es geeignet f\u00fcr Hochfrequenz-Vektornetzanalyse-Anwendungen.<\/p>","protected":false},"excerpt":{"rendered":"<p>ShockLine\u2122 Modular 1-Port VNA 43,5 GHz<\/p>","protected":false},"featured_media":10260,"comment_status":"closed","ping_status":"closed","template":"","meta":{"_acf_changed":false,"slim_seo":{"title":"MS46131A-043 - YOTAVIS AG","description":"ShockLine\u2122 Modular 1-Port VNA 43,5 GHz"}},"product_brand":[758],"product_cat":[523,525],"product_tag":[],"class_list":{"0":"post-9924","1":"product","2":"type-product","3":"status-publish","4":"has-post-thumbnail","6":"product_brand-anritsu","7":"product_cat-analyser","8":"product_cat-vna","9":"pa_dynamic-range-db-813","10":"pa_frequency-max-mhz-785","11":"pa_frequency-min-hz-767","12":"pa_handheld-no","13":"pa_ports-812","15":"first","16":"instock","17":"taxable","18":"shipping-taxable","19":"product-type-simple"},"acf":[],"_links":{"self":[{"href":"https:\/\/yotavis.ch\/de\/wp-json\/wp\/v2\/product\/9924","targetHints":{"allow":["GET"]}}],"collection":[{"href":"https:\/\/yotavis.ch\/de\/wp-json\/wp\/v2\/product"}],"about":[{"href":"https:\/\/yotavis.ch\/de\/wp-json\/wp\/v2\/types\/product"}],"replies":[{"embeddable":true,"href":"https:\/\/yotavis.ch\/de\/wp-json\/wp\/v2\/comments?post=9924"}],"wp:featuredmedia":[{"embeddable":true,"href":"https:\/\/yotavis.ch\/de\/wp-json\/wp\/v2\/media\/10260"}],"wp:attachment":[{"href":"https:\/\/yotavis.ch\/de\/wp-json\/wp\/v2\/media?parent=9924"}],"wp:term":[{"taxonomy":"product_brand","embeddable":true,"href":"https:\/\/yotavis.ch\/de\/wp-json\/wp\/v2\/product_brand?post=9924"},{"taxonomy":"product_cat","embeddable":true,"href":"https:\/\/yotavis.ch\/de\/wp-json\/wp\/v2\/product_cat?post=9924"},{"taxonomy":"product_tag","embeddable":true,"href":"https:\/\/yotavis.ch\/de\/wp-json\/wp\/v2\/product_tag?post=9924"}],"curies":[{"name":"wp","href":"https:\/\/api.w.org\/{rel}","templated":true}]}}