{"id":9925,"date":"2025-10-09T00:00:00","date_gmt":"2025-10-08T22:00:00","guid":{"rendered":"https:\/\/yotavis.ch\/product\/ms46122b-010\/"},"modified":"2026-04-24T13:37:58","modified_gmt":"2026-04-24T11:37:58","slug":"ms46122b-010","status":"publish","type":"product","link":"https:\/\/yotavis.ch\/de\/produkt\/ms46122b-010\/","title":{"rendered":"MS46122B-010"},"content":{"rendered":"<p>Der Anritsu MS46122B-010 ShockLine\u2122 Compact VNA arbeitet mit einer maximalen Frequenz von 8 GHz und einer minimalen Frequenz von 1 MHz und bietet einen Dynamikbereich von 100 dB. Das Ger\u00e4t verf\u00fcgt \u00fcber zwei Anschl\u00fcsse und ist als nicht handliches Ger\u00e4t konzipiert. Aufgrund seines Frequenz- und Dynamikbereichs eignet es sich f\u00fcr verschiedene Messanwendungen, die eine hohe Pr\u00e4zision innerhalb dieser Parameter erfordern. Das kompakte Design der ShockLine\u2122-Serie erm\u00f6glicht die Integration in verschiedene Pr\u00fcfumgebungen, in denen Platz und Leistung entscheidend sind. Die F\u00e4higkeiten des Ger\u00e4ts konzentrieren sich auf eine genaue Vektornetzwerkanalyse \u00fcber den gesamten spezifizierten Frequenzbereich. Mit seinem robusten Dynamikbereich unterst\u00fctzt das MS46122B-010 eine detaillierte Signalcharakterisierung und -analyse. Dieses Modell ist Teil der Anritsu-Produktpalette von Messl\u00f6sungen, die auf die Anforderungen von Hochfrequenztests zugeschnitten sind.<\/p>","protected":false},"excerpt":{"rendered":"<p>ShockLine\u2122 Kompakt-VNA 8GHz<\/p>","protected":false},"featured_media":10265,"comment_status":"closed","ping_status":"closed","template":"","meta":{"_acf_changed":false,"slim_seo":{"title":"MS46122B-010 - YOTAVIS AG","description":"ShockLine\u2122 Kompakt-VNA 8GHz"}},"product_brand":[758],"product_cat":[523,525],"product_tag":[],"class_list":{"0":"post-9925","1":"product","2":"type-product","3":"status-publish","4":"has-post-thumbnail","6":"product_brand-anritsu","7":"product_cat-analyser","8":"product_cat-vna","9":"pa_dynamic-range-db-253","10":"pa_frequency-max-mhz-766","11":"pa_frequency-min-hz-767","12":"pa_handheld-no","13":"pa_ports-188","15":"first","16":"instock","17":"taxable","18":"shipping-taxable","19":"product-type-simple"},"acf":[],"_links":{"self":[{"href":"https:\/\/yotavis.ch\/de\/wp-json\/wp\/v2\/product\/9925","targetHints":{"allow":["GET"]}}],"collection":[{"href":"https:\/\/yotavis.ch\/de\/wp-json\/wp\/v2\/product"}],"about":[{"href":"https:\/\/yotavis.ch\/de\/wp-json\/wp\/v2\/types\/product"}],"replies":[{"embeddable":true,"href":"https:\/\/yotavis.ch\/de\/wp-json\/wp\/v2\/comments?post=9925"}],"wp:featuredmedia":[{"embeddable":true,"href":"https:\/\/yotavis.ch\/de\/wp-json\/wp\/v2\/media\/10265"}],"wp:attachment":[{"href":"https:\/\/yotavis.ch\/de\/wp-json\/wp\/v2\/media?parent=9925"}],"wp:term":[{"taxonomy":"product_brand","embeddable":true,"href":"https:\/\/yotavis.ch\/de\/wp-json\/wp\/v2\/product_brand?post=9925"},{"taxonomy":"product_cat","embeddable":true,"href":"https:\/\/yotavis.ch\/de\/wp-json\/wp\/v2\/product_cat?post=9925"},{"taxonomy":"product_tag","embeddable":true,"href":"https:\/\/yotavis.ch\/de\/wp-json\/wp\/v2\/product_tag?post=9925"}],"curies":[{"name":"wp","href":"https:\/\/api.w.org\/{rel}","templated":true}]}}