{"id":9926,"date":"2025-10-09T00:00:00","date_gmt":"2025-10-08T22:00:00","guid":{"rendered":"https:\/\/yotavis.ch\/product\/ms46122b-020\/"},"modified":"2026-04-24T13:37:59","modified_gmt":"2026-04-24T11:37:59","slug":"ms46122b-020","status":"publish","type":"product","link":"https:\/\/yotavis.ch\/de\/produkt\/ms46122b-020\/","title":{"rendered":"MS46122B-020"},"content":{"rendered":"<p>Der Anritsu MS46122B-020 ShockLine\u2122 Compact VNA arbeitet mit einer maximalen Frequenz von 20 GHz und einer minimalen Frequenz von 1 MHz und bietet einen Dynamikbereich von 100 dB. Dieses Ger\u00e4t verf\u00fcgt \u00fcber zwei Anschl\u00fcsse und ist als Tischger\u00e4t und nicht als Handger\u00e4t konzipiert. Aufgrund seines Frequenz- und Dynamikbereichs eignet es sich f\u00fcr eine Vielzahl von Hochfrequenzmessanwendungen. Das kompakte Design des ShockLine VNA erm\u00f6glicht die Integration in verschiedene Testumgebungen, in denen Platz und Pr\u00e4zision wichtig sind. Die F\u00e4higkeiten des Ger\u00e4ts unterst\u00fctzen eine detaillierte Analyse \u00fcber ein breites Spektrum und gew\u00e4hrleisten eine genaue und zuverl\u00e4ssige Vektornetzwerkanalyse. Der MS46122B-020 ist Teil der Produktlinie von Anritsu, die f\u00fcr Pr\u00e4zision und Leistung bei HF- und Mikrowellentests bekannt ist.<\/p>","protected":false},"excerpt":{"rendered":"<p>ShockLine\u2122 Compact VNA 20GHz<\/p>","protected":false},"featured_media":10265,"comment_status":"closed","ping_status":"closed","template":"","meta":{"_acf_changed":false,"slim_seo":{"title":"MS46122B-020 - YOTAVIS AG","description":"ShockLine\u2122 Compact VNA 20GHz"}},"product_brand":[758],"product_cat":[523,525],"product_tag":[],"class_list":{"0":"post-9926","1":"product","2":"type-product","3":"status-publish","4":"has-post-thumbnail","6":"product_brand-anritsu","7":"product_cat-analyser","8":"product_cat-vna","9":"pa_dynamic-range-db-253","10":"pa_frequency-max-mhz-467","11":"pa_frequency-min-hz-767","12":"pa_handheld-no","13":"pa_ports-188","15":"first","16":"instock","17":"taxable","18":"shipping-taxable","19":"product-type-simple"},"acf":[],"_links":{"self":[{"href":"https:\/\/yotavis.ch\/de\/wp-json\/wp\/v2\/product\/9926","targetHints":{"allow":["GET"]}}],"collection":[{"href":"https:\/\/yotavis.ch\/de\/wp-json\/wp\/v2\/product"}],"about":[{"href":"https:\/\/yotavis.ch\/de\/wp-json\/wp\/v2\/types\/product"}],"replies":[{"embeddable":true,"href":"https:\/\/yotavis.ch\/de\/wp-json\/wp\/v2\/comments?post=9926"}],"wp:featuredmedia":[{"embeddable":true,"href":"https:\/\/yotavis.ch\/de\/wp-json\/wp\/v2\/media\/10265"}],"wp:attachment":[{"href":"https:\/\/yotavis.ch\/de\/wp-json\/wp\/v2\/media?parent=9926"}],"wp:term":[{"taxonomy":"product_brand","embeddable":true,"href":"https:\/\/yotavis.ch\/de\/wp-json\/wp\/v2\/product_brand?post=9926"},{"taxonomy":"product_cat","embeddable":true,"href":"https:\/\/yotavis.ch\/de\/wp-json\/wp\/v2\/product_cat?post=9926"},{"taxonomy":"product_tag","embeddable":true,"href":"https:\/\/yotavis.ch\/de\/wp-json\/wp\/v2\/product_tag?post=9926"}],"curies":[{"name":"wp","href":"https:\/\/api.w.org\/{rel}","templated":true}]}}