{"id":9927,"date":"2025-10-09T00:00:00","date_gmt":"2025-10-08T22:00:00","guid":{"rendered":"https:\/\/yotavis.ch\/product\/ms46122b-043\/"},"modified":"2026-04-24T13:37:59","modified_gmt":"2026-04-24T11:37:59","slug":"ms46122b-043","status":"publish","type":"product","link":"https:\/\/yotavis.ch\/de\/produkt\/ms46122b-043\/","title":{"rendered":"MS46122B-043"},"content":{"rendered":"<p>Der MS46122B-043 ShockLine\u2122 Compact VNA 43,5 GHz von Anritsu arbeitet in einem Frequenzbereich, der bei 1 MHz beginnt und bis zu 43,5 GHz reicht. Er verf\u00fcgt \u00fcber einen Dynamikbereich von 100 dB, der eine pr\u00e4zise Signalmessung \u00fcber den gesamten Betriebsbereich erm\u00f6glicht. Das Ger\u00e4t ist mit zwei Anschl\u00fcssen ausgestattet, die vielseitige Testkonfigurationen erm\u00f6glichen. Das Ger\u00e4t ist als Tischger\u00e4t konzipiert und wird nicht in der Hand gehalten, was seine Eignung f\u00fcr Labor- oder Festinstallationsumgebungen verdeutlicht. Das kompakte Design der ShockLine-Serie integriert fortschrittliche Vektornetzwerk-Analysefunktionen in einen schlanken Formfaktor. Dank seines Frequenz- und Dynamikbereichs eignet sich das Ger\u00e4t f\u00fcr Hochfrequenzanwendungen, die eine detaillierte Signalcharakterisierung erfordern. Der MS46122B-043 unterst\u00fctzt eine breite Palette von Messaufgaben innerhalb der spezifizierten Frequenzgrenzen.<\/p>","protected":false},"excerpt":{"rendered":"<p>ShockLine\u2122 Kompakt-VNA 43,5 GHz<\/p>","protected":false},"featured_media":10265,"comment_status":"closed","ping_status":"closed","template":"","meta":{"_acf_changed":false,"slim_seo":{"title":"MS46122B-043 - YOTAVIS AG","description":"ShockLine\u2122 Kompakt-VNA 43,5 GHz"}},"product_brand":[758],"product_cat":[523,525],"product_tag":[],"class_list":{"0":"post-9927","1":"product","2":"type-product","3":"status-publish","4":"has-post-thumbnail","6":"product_brand-anritsu","7":"product_cat-analyser","8":"product_cat-vna","9":"pa_dynamic-range-db-253","10":"pa_frequency-max-mhz-785","11":"pa_frequency-min-hz-767","12":"pa_handheld-no","13":"pa_ports-188","15":"first","16":"instock","17":"taxable","18":"shipping-taxable","19":"product-type-simple"},"acf":[],"_links":{"self":[{"href":"https:\/\/yotavis.ch\/de\/wp-json\/wp\/v2\/product\/9927","targetHints":{"allow":["GET"]}}],"collection":[{"href":"https:\/\/yotavis.ch\/de\/wp-json\/wp\/v2\/product"}],"about":[{"href":"https:\/\/yotavis.ch\/de\/wp-json\/wp\/v2\/types\/product"}],"replies":[{"embeddable":true,"href":"https:\/\/yotavis.ch\/de\/wp-json\/wp\/v2\/comments?post=9927"}],"wp:featuredmedia":[{"embeddable":true,"href":"https:\/\/yotavis.ch\/de\/wp-json\/wp\/v2\/media\/10265"}],"wp:attachment":[{"href":"https:\/\/yotavis.ch\/de\/wp-json\/wp\/v2\/media?parent=9927"}],"wp:term":[{"taxonomy":"product_brand","embeddable":true,"href":"https:\/\/yotavis.ch\/de\/wp-json\/wp\/v2\/product_brand?post=9927"},{"taxonomy":"product_cat","embeddable":true,"href":"https:\/\/yotavis.ch\/de\/wp-json\/wp\/v2\/product_cat?post=9927"},{"taxonomy":"product_tag","embeddable":true,"href":"https:\/\/yotavis.ch\/de\/wp-json\/wp\/v2\/product_tag?post=9927"}],"curies":[{"name":"wp","href":"https:\/\/api.w.org\/{rel}","templated":true}]}}