{"id":9928,"date":"2025-10-09T00:00:00","date_gmt":"2025-10-08T22:00:00","guid":{"rendered":"https:\/\/yotavis.ch\/product\/ms46322b-010\/"},"modified":"2026-04-24T13:38:00","modified_gmt":"2026-04-24T11:38:00","slug":"ms46322b-010","status":"publish","type":"product","link":"https:\/\/yotavis.ch\/de\/produkt\/ms46322b-010\/","title":{"rendered":"MS46322B-010"},"content":{"rendered":"<p>Der MS46322B-010 ShockLine\u2122 Economy VNA von Anritsu arbeitet mit einer maximalen Frequenz von 8 GHz und einer minimalen Frequenz von 1 MHz. Er verf\u00fcgt \u00fcber einen Dynamikbereich von 100 dB, der eine pr\u00e4zise Signalmessung \u00fcber den gesamten Frequenzbereich erm\u00f6glicht. Das Ger\u00e4t ist mit zwei Anschl\u00fcssen ausgestattet, die verschiedene Testkonfigurationen erm\u00f6glichen. Es ist als Tischger\u00e4t konzipiert und wird nicht in der Hand gehalten, was seine Eignung f\u00fcr Labor- oder Produktionsumgebungen verdeutlicht. Der VNA unterst\u00fctzt einen weiten Frequenzbereich und ist damit innerhalb seiner Betriebsgrenzen vielseitig f\u00fcr verschiedene Anwendungen einsetzbar. Seine Konstruktion und Spezifikationen sind darauf ausgerichtet, eine zuverl\u00e4ssige Leistung innerhalb der spezifizierten Frequenz- und Dynamikbereichsparameter zu erbringen.<\/p>","protected":false},"excerpt":{"rendered":"<p>ShockLine\u2122 Economy VNA 8GHz<\/p>","protected":false},"featured_media":10268,"comment_status":"closed","ping_status":"closed","template":"","meta":{"_acf_changed":false,"slim_seo":{"title":"MS46322B-010 - YOTAVIS AG","description":"ShockLine\u2122 Economy VNA 8GHz"}},"product_brand":[758],"product_cat":[523,525],"product_tag":[],"class_list":{"0":"post-9928","1":"product","2":"type-product","3":"status-publish","4":"has-post-thumbnail","6":"product_brand-anritsu","7":"product_cat-analyser","8":"product_cat-vna","9":"pa_dynamic-range-db-253","10":"pa_frequency-max-mhz-766","11":"pa_frequency-min-hz-767","12":"pa_handheld-no","13":"pa_ports-188","15":"first","16":"instock","17":"taxable","18":"shipping-taxable","19":"product-type-simple"},"acf":[],"_links":{"self":[{"href":"https:\/\/yotavis.ch\/de\/wp-json\/wp\/v2\/product\/9928","targetHints":{"allow":["GET"]}}],"collection":[{"href":"https:\/\/yotavis.ch\/de\/wp-json\/wp\/v2\/product"}],"about":[{"href":"https:\/\/yotavis.ch\/de\/wp-json\/wp\/v2\/types\/product"}],"replies":[{"embeddable":true,"href":"https:\/\/yotavis.ch\/de\/wp-json\/wp\/v2\/comments?post=9928"}],"wp:featuredmedia":[{"embeddable":true,"href":"https:\/\/yotavis.ch\/de\/wp-json\/wp\/v2\/media\/10268"}],"wp:attachment":[{"href":"https:\/\/yotavis.ch\/de\/wp-json\/wp\/v2\/media?parent=9928"}],"wp:term":[{"taxonomy":"product_brand","embeddable":true,"href":"https:\/\/yotavis.ch\/de\/wp-json\/wp\/v2\/product_brand?post=9928"},{"taxonomy":"product_cat","embeddable":true,"href":"https:\/\/yotavis.ch\/de\/wp-json\/wp\/v2\/product_cat?post=9928"},{"taxonomy":"product_tag","embeddable":true,"href":"https:\/\/yotavis.ch\/de\/wp-json\/wp\/v2\/product_tag?post=9928"}],"curies":[{"name":"wp","href":"https:\/\/api.w.org\/{rel}","templated":true}]}}