{"id":9929,"date":"2025-10-09T00:00:00","date_gmt":"2025-10-08T22:00:00","guid":{"rendered":"https:\/\/yotavis.ch\/product\/ms46322b-020\/"},"modified":"2026-04-24T13:38:00","modified_gmt":"2026-04-24T11:38:00","slug":"ms46322b-020","status":"publish","type":"product","link":"https:\/\/yotavis.ch\/de\/produkt\/ms46322b-020\/","title":{"rendered":"MS46322B-020"},"content":{"rendered":"<p>Der Anritsu MS46322B-020 ShockLine\u2122 Economy VNA arbeitet mit einer maximalen Frequenz von 20.000 MHz und einer minimalen Frequenz von 1.000.000 Hz. Er verf\u00fcgt \u00fcber einen Dynamikbereich von 100 dB, der eine pr\u00e4zise Signalmessung \u00fcber ein breites Spektrum erm\u00f6glicht. Das Ger\u00e4t ist mit zwei Anschl\u00fcssen ausgestattet, die verschiedene Pr\u00fcfkonfigurationen erm\u00f6glichen. Es ist als Tischger\u00e4t konzipiert und wird nicht in der Hand gehalten, was seine Eignung f\u00fcr Labor- oder Produktionsumgebungen verdeutlicht. Der VNA unterst\u00fctzt einen Frequenzbereich von 1 MHz bis zu 20 GHz und ist damit vielseitig einsetzbar. Sein Design legt den Schwerpunkt auf Wirtschaftlichkeit bei gleichzeitiger Beibehaltung der wesentlichen Funktionen f\u00fcr die Vektornetzwerkanalyse. Der MS46322B-020 ist Teil der ShockLine\u2122-Serie von Anritsu, die f\u00fcr ihre zuverl\u00e4ssige Leistung bei HF- und Mikrowellentests bekannt ist.<\/p>","protected":false},"excerpt":{"rendered":"<p>ShockLine\u2122 Economy VNA 20GHz<\/p>","protected":false},"featured_media":10268,"comment_status":"closed","ping_status":"closed","template":"","meta":{"_acf_changed":false,"slim_seo":{"title":"MS46322B-020 - YOTAVIS AG","description":"ShockLine\u2122 Economy VNA 20GHz"}},"product_brand":[758],"product_cat":[523,525],"product_tag":[],"class_list":{"0":"post-9929","1":"product","2":"type-product","3":"status-publish","4":"has-post-thumbnail","6":"product_brand-anritsu","7":"product_cat-analyser","8":"product_cat-vna","9":"pa_dynamic-range-db-253","10":"pa_frequency-max-mhz-467","11":"pa_frequency-min-hz-767","12":"pa_handheld-no","13":"pa_ports-188","15":"first","16":"instock","17":"taxable","18":"shipping-taxable","19":"product-type-simple"},"acf":[],"_links":{"self":[{"href":"https:\/\/yotavis.ch\/de\/wp-json\/wp\/v2\/product\/9929","targetHints":{"allow":["GET"]}}],"collection":[{"href":"https:\/\/yotavis.ch\/de\/wp-json\/wp\/v2\/product"}],"about":[{"href":"https:\/\/yotavis.ch\/de\/wp-json\/wp\/v2\/types\/product"}],"replies":[{"embeddable":true,"href":"https:\/\/yotavis.ch\/de\/wp-json\/wp\/v2\/comments?post=9929"}],"wp:featuredmedia":[{"embeddable":true,"href":"https:\/\/yotavis.ch\/de\/wp-json\/wp\/v2\/media\/10268"}],"wp:attachment":[{"href":"https:\/\/yotavis.ch\/de\/wp-json\/wp\/v2\/media?parent=9929"}],"wp:term":[{"taxonomy":"product_brand","embeddable":true,"href":"https:\/\/yotavis.ch\/de\/wp-json\/wp\/v2\/product_brand?post=9929"},{"taxonomy":"product_cat","embeddable":true,"href":"https:\/\/yotavis.ch\/de\/wp-json\/wp\/v2\/product_cat?post=9929"},{"taxonomy":"product_tag","embeddable":true,"href":"https:\/\/yotavis.ch\/de\/wp-json\/wp\/v2\/product_tag?post=9929"}],"curies":[{"name":"wp","href":"https:\/\/api.w.org\/{rel}","templated":true}]}}