{"id":9930,"date":"2025-10-09T00:00:00","date_gmt":"2025-10-08T22:00:00","guid":{"rendered":"https:\/\/yotavis.ch\/product\/ms46322b-043\/"},"modified":"2026-04-24T13:38:01","modified_gmt":"2026-04-24T11:38:01","slug":"ms46322b-043","status":"publish","type":"product","link":"https:\/\/yotavis.ch\/de\/produkt\/ms46322b-043\/","title":{"rendered":"MS46322B-043"},"content":{"rendered":"<p>Der MS46322B-043 ShockLine\u2122 Economy VNA von Anritsu arbeitet mit einer maximalen Frequenz von 43,5 GHz und einer minimalen Frequenz von 1 MHz. Er verf\u00fcgt \u00fcber einen Dynamikbereich von 100 dB, der eine pr\u00e4zise Signalmessung \u00fcber den gesamten Frequenzbereich erm\u00f6glicht. Das Ger\u00e4t ist mit zwei Anschl\u00fcssen ausgestattet, die verschiedene Testkonfigurationen erm\u00f6glichen. Es wurde als Tischger\u00e4t konzipiert und ist nicht tragbar, was seine Eignung f\u00fcr Labor- oder Produktionsumgebungen verdeutlicht. Aufgrund des Frequenz- und Dynamikbereichs eignet sich das Ger\u00e4t f\u00fcr eine Vielzahl von Anwendungen der Vektornetzwerkanalyse. Dieses Modell ist Teil der ShockLine\u2122-Serie von Anritsu, die f\u00fcr ihren Fokus auf Wirtschaftlichkeit und Leistung innerhalb ihrer Frequenzbereiche bekannt ist.<\/p>","protected":false},"excerpt":{"rendered":"<p>ShockLine\u2122 Economy VNA 43,5GHz<\/p>","protected":false},"featured_media":10268,"comment_status":"closed","ping_status":"closed","template":"","meta":{"_acf_changed":false,"slim_seo":{"title":"MS46322B-043 - YOTAVIS AG","description":"ShockLine\u2122 Economy VNA 43,5GHz"}},"product_brand":[758],"product_cat":[523,525],"product_tag":[],"class_list":{"0":"post-9930","1":"product","2":"type-product","3":"status-publish","4":"has-post-thumbnail","6":"product_brand-anritsu","7":"product_cat-analyser","8":"product_cat-vna","9":"pa_dynamic-range-db-253","10":"pa_frequency-max-mhz-785","11":"pa_frequency-min-hz-767","12":"pa_handheld-no","13":"pa_ports-188","15":"first","16":"instock","17":"taxable","18":"shipping-taxable","19":"product-type-simple"},"acf":[],"_links":{"self":[{"href":"https:\/\/yotavis.ch\/de\/wp-json\/wp\/v2\/product\/9930","targetHints":{"allow":["GET"]}}],"collection":[{"href":"https:\/\/yotavis.ch\/de\/wp-json\/wp\/v2\/product"}],"about":[{"href":"https:\/\/yotavis.ch\/de\/wp-json\/wp\/v2\/types\/product"}],"replies":[{"embeddable":true,"href":"https:\/\/yotavis.ch\/de\/wp-json\/wp\/v2\/comments?post=9930"}],"wp:featuredmedia":[{"embeddable":true,"href":"https:\/\/yotavis.ch\/de\/wp-json\/wp\/v2\/media\/10268"}],"wp:attachment":[{"href":"https:\/\/yotavis.ch\/de\/wp-json\/wp\/v2\/media?parent=9930"}],"wp:term":[{"taxonomy":"product_brand","embeddable":true,"href":"https:\/\/yotavis.ch\/de\/wp-json\/wp\/v2\/product_brand?post=9930"},{"taxonomy":"product_cat","embeddable":true,"href":"https:\/\/yotavis.ch\/de\/wp-json\/wp\/v2\/product_cat?post=9930"},{"taxonomy":"product_tag","embeddable":true,"href":"https:\/\/yotavis.ch\/de\/wp-json\/wp\/v2\/product_tag?post=9930"}],"curies":[{"name":"wp","href":"https:\/\/api.w.org\/{rel}","templated":true}]}}