{"id":9931,"date":"2025-10-09T00:00:00","date_gmt":"2025-10-08T22:00:00","guid":{"rendered":"https:\/\/yotavis.ch\/product\/ms46522b-010\/"},"modified":"2026-04-24T13:38:01","modified_gmt":"2026-04-24T11:38:01","slug":"ms46522b-010","status":"publish","type":"product","link":"https:\/\/yotavis.ch\/de\/produkt\/ms46522b-010\/","title":{"rendered":"MS46522B-010"},"content":{"rendered":"<p>Der MS46522B-010 ShockLine\u2122 2-Port VNA von Anritsu arbeitet mit einer maximalen Frequenz von 8,5 GHz und einer minimalen Frequenz von 50 kHz und bietet einen Dynamikbereich von 140 dB. Dieser Vektornetzwerkanalysator verf\u00fcgt \u00fcber zwei Anschl\u00fcsse und bietet damit umfassende Test- und Messm\u00f6glichkeiten. Er ist als Tischger\u00e4t und nicht als tragbares Ger\u00e4t konzipiert. Das Ger\u00e4t unterst\u00fctzt einen breiten Frequenzbereich, der sich f\u00fcr verschiedene Anwendungen eignet, die eine pr\u00e4zise Netzwerkanalyse erfordern. Sein Dynamikbereich von 140 dB erm\u00f6glicht eine genaue Messung der Signalst\u00e4rke und -qualit\u00e4t \u00fcber das gesamte angegebene Frequenzspektrum. Die ShockLine\u2122-Serie ist bekannt f\u00fcr ihre Zuverl\u00e4ssigkeit und Pr\u00e4zision bei Netzwerkanalyseaufgaben. Dieses Modell ist Teil von Anritsus Angebot an fortschrittlichen Testger\u00e4ten, die auf HF- und Mikrowellen-Testumgebungen zugeschnitten sind.<\/p>","protected":false},"excerpt":{"rendered":"<p>ShockLine\u2122 2-Port VNA 8,5GHz<\/p>","protected":false},"featured_media":10273,"comment_status":"closed","ping_status":"closed","template":"","meta":{"_acf_changed":false,"slim_seo":{"title":"MS46522B-010 - YOTAVIS AG","description":"ShockLine\u2122 2-Port VNA 8,5GHz"}},"product_brand":[758],"product_cat":[523,525],"product_tag":[],"class_list":{"0":"post-9931","1":"product","2":"type-product","3":"status-publish","4":"has-post-thumbnail","6":"product_brand-anritsu","7":"product_cat-analyser","8":"product_cat-vna","9":"pa_dynamic-range-db-815","10":"pa_frequency-max-mhz-463","11":"pa_frequency-min-hz-814","12":"pa_handheld-no","13":"pa_ports-188","15":"first","16":"instock","17":"taxable","18":"shipping-taxable","19":"product-type-simple"},"acf":[],"_links":{"self":[{"href":"https:\/\/yotavis.ch\/de\/wp-json\/wp\/v2\/product\/9931","targetHints":{"allow":["GET"]}}],"collection":[{"href":"https:\/\/yotavis.ch\/de\/wp-json\/wp\/v2\/product"}],"about":[{"href":"https:\/\/yotavis.ch\/de\/wp-json\/wp\/v2\/types\/product"}],"replies":[{"embeddable":true,"href":"https:\/\/yotavis.ch\/de\/wp-json\/wp\/v2\/comments?post=9931"}],"wp:featuredmedia":[{"embeddable":true,"href":"https:\/\/yotavis.ch\/de\/wp-json\/wp\/v2\/media\/10273"}],"wp:attachment":[{"href":"https:\/\/yotavis.ch\/de\/wp-json\/wp\/v2\/media?parent=9931"}],"wp:term":[{"taxonomy":"product_brand","embeddable":true,"href":"https:\/\/yotavis.ch\/de\/wp-json\/wp\/v2\/product_brand?post=9931"},{"taxonomy":"product_cat","embeddable":true,"href":"https:\/\/yotavis.ch\/de\/wp-json\/wp\/v2\/product_cat?post=9931"},{"taxonomy":"product_tag","embeddable":true,"href":"https:\/\/yotavis.ch\/de\/wp-json\/wp\/v2\/product_tag?post=9931"}],"curies":[{"name":"wp","href":"https:\/\/api.w.org\/{rel}","templated":true}]}}