{"id":9932,"date":"2025-10-09T00:00:00","date_gmt":"2025-10-08T22:00:00","guid":{"rendered":"https:\/\/yotavis.ch\/product\/ms46522b-020\/"},"modified":"2026-04-24T13:38:01","modified_gmt":"2026-04-24T11:38:01","slug":"ms46522b-020","status":"publish","type":"product","link":"https:\/\/yotavis.ch\/de\/produkt\/ms46522b-020\/","title":{"rendered":"MS46522B-020"},"content":{"rendered":"<p>Der MS46522B-020 ShockLine\u2122 2-Port VNA 20GHz von Anritsu arbeitet in einem Frequenzbereich von 50.000 Hz bis 20.000 MHz. Er verf\u00fcgt \u00fcber zwei Anschl\u00fcsse und bietet einen Dynamikbereich von 140 dB. Dieses Ger\u00e4t ist nicht tragbar, sondern f\u00fcr den Einsatz auf dem Tisch oder in einer Festinstallation konzipiert. Das Modell geh\u00f6rt zur ShockLine\u2122-Serie, die f\u00fcr ihre F\u00e4higkeiten zur Analyse von Vektornetzwerken bekannt ist. Die Frequenzspezifikationen unterstreichen seine Eignung f\u00fcr Hochfrequenzpr\u00fcfanwendungen bis 20 GHz. Der Dynamikbereich von 140 dB erm\u00f6glicht eine pr\u00e4zise Messung der Signalst\u00e4rke \u00fcber ein breites Spektrum. Die Konfiguration mit zwei Anschl\u00fcssen unterst\u00fctzt eine Vielzahl von Netzwerkanalyseaufgaben und macht das Ger\u00e4t zu einem vielseitigen Instrument f\u00fcr HF- und Mikrowellenpr\u00fcfumgebungen.<\/p>","protected":false},"excerpt":{"rendered":"<p>ShockLine\u2122 2-Port VNA 20GHz<\/p>","protected":false},"featured_media":10273,"comment_status":"closed","ping_status":"closed","template":"","meta":{"_acf_changed":false,"slim_seo":{"title":"MS46522B-020 - YOTAVIS AG","description":"ShockLine\u2122 2-Port VNA 20GHz"}},"product_brand":[758],"product_cat":[523,525],"product_tag":[],"class_list":{"0":"post-9932","1":"product","2":"type-product","3":"status-publish","4":"has-post-thumbnail","6":"product_brand-anritsu","7":"product_cat-analyser","8":"product_cat-vna","9":"pa_dynamic-range-db-815","10":"pa_frequency-max-mhz-467","11":"pa_frequency-min-hz-814","12":"pa_handheld-no","13":"pa_ports-188","15":"first","16":"instock","17":"taxable","18":"shipping-taxable","19":"product-type-simple"},"acf":[],"_links":{"self":[{"href":"https:\/\/yotavis.ch\/de\/wp-json\/wp\/v2\/product\/9932","targetHints":{"allow":["GET"]}}],"collection":[{"href":"https:\/\/yotavis.ch\/de\/wp-json\/wp\/v2\/product"}],"about":[{"href":"https:\/\/yotavis.ch\/de\/wp-json\/wp\/v2\/types\/product"}],"replies":[{"embeddable":true,"href":"https:\/\/yotavis.ch\/de\/wp-json\/wp\/v2\/comments?post=9932"}],"wp:featuredmedia":[{"embeddable":true,"href":"https:\/\/yotavis.ch\/de\/wp-json\/wp\/v2\/media\/10273"}],"wp:attachment":[{"href":"https:\/\/yotavis.ch\/de\/wp-json\/wp\/v2\/media?parent=9932"}],"wp:term":[{"taxonomy":"product_brand","embeddable":true,"href":"https:\/\/yotavis.ch\/de\/wp-json\/wp\/v2\/product_brand?post=9932"},{"taxonomy":"product_cat","embeddable":true,"href":"https:\/\/yotavis.ch\/de\/wp-json\/wp\/v2\/product_cat?post=9932"},{"taxonomy":"product_tag","embeddable":true,"href":"https:\/\/yotavis.ch\/de\/wp-json\/wp\/v2\/product_tag?post=9932"}],"curies":[{"name":"wp","href":"https:\/\/api.w.org\/{rel}","templated":true}]}}