{"id":9933,"date":"2025-10-09T00:00:00","date_gmt":"2025-10-08T22:00:00","guid":{"rendered":"https:\/\/yotavis.ch\/product\/ms46522b-043\/"},"modified":"2026-04-24T13:38:02","modified_gmt":"2026-04-24T11:38:02","slug":"ms46522b-043","status":"publish","type":"product","link":"https:\/\/yotavis.ch\/de\/produkt\/ms46522b-043\/","title":{"rendered":"MS46522B-043"},"content":{"rendered":"<p>Der MS46522B-043 ShockLine\u2122 2-Port VNA von Anritsu arbeitet in einem Frequenzbereich von 50 kHz bis 43,5 GHz und bietet eine umfassende Abdeckung f\u00fcr verschiedene Testanwendungen. Er verf\u00fcgt \u00fcber zwei Anschl\u00fcsse, die vielseitige Messkonfigurationen erm\u00f6glichen. Das Ger\u00e4t bietet einen Dynamikbereich von 140 dB und erm\u00f6glicht eine pr\u00e4zise Signalanalyse \u00fcber ein breites Spektrum. Da es als nicht tragbares Ger\u00e4t konzipiert ist, eignet es sich f\u00fcr den Einsatz im Labor oder auf dem Schreibtisch. Die ShockLine\u2122-Serie ist f\u00fcr ihre leistungsstarke Vektornetzwerkanalyse bekannt, und dieses Modell unterst\u00fctzt detaillierte Frequenzbereichsmessungen innerhalb seines spezifizierten Bereichs. Seine Konstruktion und Spezifikationen machen es zu einem zuverl\u00e4ssigen Werkzeug f\u00fcr Ingenieure und Techniker, die mit Hochfrequenzsignalen bis zu 43,5 GHz arbeiten.<\/p>","protected":false},"excerpt":{"rendered":"<p>ShockLine\u2122 2-Port VNA 43,5GHz<\/p>","protected":false},"featured_media":10273,"comment_status":"closed","ping_status":"closed","template":"","meta":{"_acf_changed":false,"slim_seo":{"title":"MS46522B-043 - YOTAVIS AG","description":"ShockLine\u2122 2-Port VNA 43,5GHz"}},"product_brand":[758],"product_cat":[523,525],"product_tag":[],"class_list":{"0":"post-9933","1":"product","2":"type-product","3":"status-publish","4":"has-post-thumbnail","6":"product_brand-anritsu","7":"product_cat-analyser","8":"product_cat-vna","9":"pa_dynamic-range-db-815","10":"pa_frequency-max-mhz-785","11":"pa_frequency-min-hz-814","12":"pa_handheld-no","13":"pa_ports-188","15":"first","16":"instock","17":"taxable","18":"shipping-taxable","19":"product-type-simple"},"acf":[],"_links":{"self":[{"href":"https:\/\/yotavis.ch\/de\/wp-json\/wp\/v2\/product\/9933","targetHints":{"allow":["GET"]}}],"collection":[{"href":"https:\/\/yotavis.ch\/de\/wp-json\/wp\/v2\/product"}],"about":[{"href":"https:\/\/yotavis.ch\/de\/wp-json\/wp\/v2\/types\/product"}],"replies":[{"embeddable":true,"href":"https:\/\/yotavis.ch\/de\/wp-json\/wp\/v2\/comments?post=9933"}],"wp:featuredmedia":[{"embeddable":true,"href":"https:\/\/yotavis.ch\/de\/wp-json\/wp\/v2\/media\/10273"}],"wp:attachment":[{"href":"https:\/\/yotavis.ch\/de\/wp-json\/wp\/v2\/media?parent=9933"}],"wp:term":[{"taxonomy":"product_brand","embeddable":true,"href":"https:\/\/yotavis.ch\/de\/wp-json\/wp\/v2\/product_brand?post=9933"},{"taxonomy":"product_cat","embeddable":true,"href":"https:\/\/yotavis.ch\/de\/wp-json\/wp\/v2\/product_cat?post=9933"},{"taxonomy":"product_tag","embeddable":true,"href":"https:\/\/yotavis.ch\/de\/wp-json\/wp\/v2\/product_tag?post=9933"}],"curies":[{"name":"wp","href":"https:\/\/api.w.org\/{rel}","templated":true}]}}