{"id":9934,"date":"2025-10-09T00:00:00","date_gmt":"2025-10-08T22:00:00","guid":{"rendered":"https:\/\/yotavis.ch\/product\/ms46522b-082\/"},"modified":"2026-04-24T13:38:02","modified_gmt":"2026-04-24T11:38:02","slug":"ms46522b-082","status":"publish","type":"product","link":"https:\/\/yotavis.ch\/de\/produkt\/ms46522b-082\/","title":{"rendered":"MS46522B-082"},"content":{"rendered":"<p>Der MS46522B-082 ShockLine\u2122 2-Port VNA verf\u00fcgt \u00fcber einen Frequenzbereich von 55 GHz bis 92 GHz und erm\u00f6glicht damit Hochfrequenzmessungen innerhalb dieses Spektrums. Er ist mit zwei Anschl\u00fcssen ausgestattet, was vielseitige Testkonfigurationen erm\u00f6glicht. Dieses Modell ist ohne Handheld-F\u00e4higkeit konzipiert, was bedeutet, dass es f\u00fcr den station\u00e4ren Einsatz vorgesehen ist. Das Ger\u00e4t ist Teil der Anritsu-Markenreihe, die f\u00fcr Pr\u00e4zisionsmessger\u00e4te bekannt ist. Die im Lieferumfang des VNA enthaltenen Ein-Meter-Leitungen erleichtern die Konnektivit\u00e4t und Flexibilit\u00e4t bei der Einrichtung. Die ShockLine\u2122-Serie ist auf Anwendungen der Vektornetzwerkanalyse zugeschnitten und unterst\u00fctzt eine detaillierte Signalcharakterisierung bei Millimeterwellenfrequenzen. Dieses Produkt ist f\u00fcr Umgebungen geeignet, die eine genaue und zuverl\u00e4ssige Hochfrequenz-Netzwerkanalyse erfordern.<\/p>","protected":false},"excerpt":{"rendered":"<p>ShockLine\u2122 2-Port VNA 92GHz one meter tethers<\/p>","protected":false},"featured_media":10273,"comment_status":"closed","ping_status":"closed","template":"","meta":{"_acf_changed":false,"slim_seo":{"title":"MS46522B-082 - YOTAVIS AG","description":"ShockLine\u2122 2-Port VNA 92GHz one meter tethers"}},"product_brand":[758],"product_cat":[523,525],"product_tag":[],"class_list":{"0":"post-9934","1":"product","2":"type-product","3":"status-publish","4":"has-post-thumbnail","6":"product_brand-anritsu","7":"product_cat-analyser","8":"product_cat-vna","9":"pa_frequency-max-mhz-816","10":"pa_frequency-min-hz-817","11":"pa_handheld-no","12":"pa_ports-188","14":"first","15":"instock","16":"taxable","17":"shipping-taxable","18":"product-type-simple"},"acf":[],"_links":{"self":[{"href":"https:\/\/yotavis.ch\/de\/wp-json\/wp\/v2\/product\/9934","targetHints":{"allow":["GET"]}}],"collection":[{"href":"https:\/\/yotavis.ch\/de\/wp-json\/wp\/v2\/product"}],"about":[{"href":"https:\/\/yotavis.ch\/de\/wp-json\/wp\/v2\/types\/product"}],"replies":[{"embeddable":true,"href":"https:\/\/yotavis.ch\/de\/wp-json\/wp\/v2\/comments?post=9934"}],"wp:featuredmedia":[{"embeddable":true,"href":"https:\/\/yotavis.ch\/de\/wp-json\/wp\/v2\/media\/10273"}],"wp:attachment":[{"href":"https:\/\/yotavis.ch\/de\/wp-json\/wp\/v2\/media?parent=9934"}],"wp:term":[{"taxonomy":"product_brand","embeddable":true,"href":"https:\/\/yotavis.ch\/de\/wp-json\/wp\/v2\/product_brand?post=9934"},{"taxonomy":"product_cat","embeddable":true,"href":"https:\/\/yotavis.ch\/de\/wp-json\/wp\/v2\/product_cat?post=9934"},{"taxonomy":"product_tag","embeddable":true,"href":"https:\/\/yotavis.ch\/de\/wp-json\/wp\/v2\/product_tag?post=9934"}],"curies":[{"name":"wp","href":"https:\/\/api.w.org\/{rel}","templated":true}]}}