{"id":9935,"date":"2025-10-09T00:00:00","date_gmt":"2025-10-08T22:00:00","guid":{"rendered":"https:\/\/yotavis.ch\/product\/ms46522b-083\/"},"modified":"2026-04-24T13:38:03","modified_gmt":"2026-04-24T11:38:03","slug":"ms46522b-083","status":"publish","type":"product","link":"https:\/\/yotavis.ch\/de\/produkt\/ms46522b-083\/","title":{"rendered":"MS46522B-083"},"content":{"rendered":"<p>Der Anritsu MS46522B-083 ShockLine\u2122 2-Port Vector Network Analyzer arbeitet mit einem Frequenzbereich von 55 GHz bis 92 GHz und bietet damit Hochfrequenz-Messm\u00f6glichkeiten. Er verf\u00fcgt \u00fcber zwei Anschl\u00fcsse und umfasst f\u00fcnf Meter Kabel, die eine flexible Konnektivit\u00e4t w\u00e4hrend der Pr\u00fcfung erm\u00f6glichen. Das Ger\u00e4t ist nicht handgehalten, sondern f\u00fcr den Einsatz auf dem Tisch oder bei einer festen Installation konzipiert. Die maximale unterst\u00fctzte Frequenz betr\u00e4gt 92.000 MHz, w\u00e4hrend die minimale Frequenz 55.000.000.000 Hz betr\u00e4gt und damit ein breites Spektrum f\u00fcr verschiedene Anwendungen abdeckt. Der Analysator ist Teil der ShockLine\u2122-Serie, die f\u00fcr ihre Pr\u00e4zision bei der Netzwerkanalyse bekannt ist. Obwohl spezifische Details zu Leistung, Spannung, Strom und anderen elektrischen Eigenschaften nicht aufgef\u00fchrt sind, unterstreicht die Konzentration auf die Hochfrequenzleistung und die Dual-Port-Konfiguration seine Eignung f\u00fcr fortschrittliche HF-Testumgebungen.<\/p>","protected":false},"excerpt":{"rendered":"<p>ShockLine\u2122 2-Port VNA 92GHz five meters tethers<\/p>","protected":false},"featured_media":10273,"comment_status":"closed","ping_status":"closed","template":"","meta":{"_acf_changed":false,"slim_seo":{"title":"MS46522B-083 - YOTAVIS AG","description":"ShockLine\u2122 2-Port VNA 92GHz five meters tethers"}},"product_brand":[758],"product_cat":[523,525],"product_tag":[],"class_list":{"0":"post-9935","1":"product","2":"type-product","3":"status-publish","4":"has-post-thumbnail","6":"product_brand-anritsu","7":"product_cat-analyser","8":"product_cat-vna","9":"pa_frequency-max-mhz-816","10":"pa_frequency-min-hz-817","11":"pa_handheld-no","12":"pa_ports-188","14":"first","15":"instock","16":"taxable","17":"shipping-taxable","18":"product-type-simple"},"acf":[],"_links":{"self":[{"href":"https:\/\/yotavis.ch\/de\/wp-json\/wp\/v2\/product\/9935","targetHints":{"allow":["GET"]}}],"collection":[{"href":"https:\/\/yotavis.ch\/de\/wp-json\/wp\/v2\/product"}],"about":[{"href":"https:\/\/yotavis.ch\/de\/wp-json\/wp\/v2\/types\/product"}],"replies":[{"embeddable":true,"href":"https:\/\/yotavis.ch\/de\/wp-json\/wp\/v2\/comments?post=9935"}],"wp:featuredmedia":[{"embeddable":true,"href":"https:\/\/yotavis.ch\/de\/wp-json\/wp\/v2\/media\/10273"}],"wp:attachment":[{"href":"https:\/\/yotavis.ch\/de\/wp-json\/wp\/v2\/media?parent=9935"}],"wp:term":[{"taxonomy":"product_brand","embeddable":true,"href":"https:\/\/yotavis.ch\/de\/wp-json\/wp\/v2\/product_brand?post=9935"},{"taxonomy":"product_cat","embeddable":true,"href":"https:\/\/yotavis.ch\/de\/wp-json\/wp\/v2\/product_cat?post=9935"},{"taxonomy":"product_tag","embeddable":true,"href":"https:\/\/yotavis.ch\/de\/wp-json\/wp\/v2\/product_tag?post=9935"}],"curies":[{"name":"wp","href":"https:\/\/api.w.org\/{rel}","templated":true}]}}