{"id":9936,"date":"2025-10-09T00:00:00","date_gmt":"2025-10-08T22:00:00","guid":{"rendered":"https:\/\/yotavis.ch\/product\/ms46524b-010\/"},"modified":"2026-04-24T13:38:03","modified_gmt":"2026-04-24T11:38:03","slug":"ms46524b-010","status":"publish","type":"product","link":"https:\/\/yotavis.ch\/de\/produkt\/ms46524b-010\/","title":{"rendered":"MS46524B-010"},"content":{"rendered":"<p>Der MS46524B-010 ShockLine\u2122 4-Port VNA von Anritsu arbeitet mit einer maximalen Frequenz von 8,5 GHz und einer minimalen Frequenz von 50 kHz. Er verf\u00fcgt \u00fcber vier Anschl\u00fcsse, die vielseitige Messkonfigurationen erm\u00f6glichen. Das Ger\u00e4t bietet einen Dynamikbereich von 140 dB und unterst\u00fctzt eine pr\u00e4zise Signalanalyse \u00fcber den gesamten Frequenzbereich. Das Ger\u00e4t ist als Tischger\u00e4t konzipiert und wird nicht in der Hand gehalten, was seine Eignung f\u00fcr Labor- oder Produktionsumgebungen verdeutlicht. Der VNA ist Teil der ShockLine\u2122-Serie, die f\u00fcr ihre robuste Leistung in der Vektornetzwerkanalyse bekannt ist. Sein Frequenzbereich und die Anzahl der Anschl\u00fcsse machen ihn f\u00fcr eine Vielzahl von HF- und Mikrowellen-Testszenarien einsetzbar. Die Modellnummer MS46524B-010 kennzeichnet diese spezielle Konfiguration innerhalb der Produktpalette von Anritsu.<\/p>","protected":false},"excerpt":{"rendered":"<p>ShockLine\u2122 4-Port VNA 8,5GHz<\/p>","protected":false},"featured_media":10276,"comment_status":"closed","ping_status":"closed","template":"","meta":{"_acf_changed":false,"slim_seo":{"title":"MS46524B-010 - YOTAVIS AG","description":"ShockLine\u2122 4-Port VNA 8,5GHz"}},"product_brand":[758],"product_cat":[523,525],"product_tag":[],"class_list":{"0":"post-9936","1":"product","2":"type-product","3":"status-publish","4":"has-post-thumbnail","6":"product_brand-anritsu","7":"product_cat-analyser","8":"product_cat-vna","9":"pa_dynamic-range-db-815","10":"pa_frequency-max-mhz-463","11":"pa_frequency-min-hz-814","12":"pa_handheld-no","13":"pa_ports-249","15":"first","16":"instock","17":"taxable","18":"shipping-taxable","19":"product-type-simple"},"acf":[],"_links":{"self":[{"href":"https:\/\/yotavis.ch\/de\/wp-json\/wp\/v2\/product\/9936","targetHints":{"allow":["GET"]}}],"collection":[{"href":"https:\/\/yotavis.ch\/de\/wp-json\/wp\/v2\/product"}],"about":[{"href":"https:\/\/yotavis.ch\/de\/wp-json\/wp\/v2\/types\/product"}],"replies":[{"embeddable":true,"href":"https:\/\/yotavis.ch\/de\/wp-json\/wp\/v2\/comments?post=9936"}],"wp:featuredmedia":[{"embeddable":true,"href":"https:\/\/yotavis.ch\/de\/wp-json\/wp\/v2\/media\/10276"}],"wp:attachment":[{"href":"https:\/\/yotavis.ch\/de\/wp-json\/wp\/v2\/media?parent=9936"}],"wp:term":[{"taxonomy":"product_brand","embeddable":true,"href":"https:\/\/yotavis.ch\/de\/wp-json\/wp\/v2\/product_brand?post=9936"},{"taxonomy":"product_cat","embeddable":true,"href":"https:\/\/yotavis.ch\/de\/wp-json\/wp\/v2\/product_cat?post=9936"},{"taxonomy":"product_tag","embeddable":true,"href":"https:\/\/yotavis.ch\/de\/wp-json\/wp\/v2\/product_tag?post=9936"}],"curies":[{"name":"wp","href":"https:\/\/api.w.org\/{rel}","templated":true}]}}