{"id":9937,"date":"2025-10-09T00:00:00","date_gmt":"2025-10-08T22:00:00","guid":{"rendered":"https:\/\/yotavis.ch\/product\/ms46524b-020\/"},"modified":"2026-04-24T13:38:03","modified_gmt":"2026-04-24T11:38:03","slug":"ms46524b-020","status":"publish","type":"product","link":"https:\/\/yotavis.ch\/de\/produkt\/ms46524b-020\/","title":{"rendered":"MS46524B-020"},"content":{"rendered":"<p>Der Anritsu MS46524B-020 ShockLine\u2122 4-Port VNA arbeitet mit einem Frequenzbereich von 50 kHz bis 20 GHz und bietet einen Dynamikbereich von 140 dB. Dieser Vektornetzwerkanalysator verf\u00fcgt \u00fcber vier Anschl\u00fcsse, die umfassende Mehrtormessungen erm\u00f6glichen. Er ist f\u00fcr den Tischgebrauch konzipiert und nicht handgehalten. Das Ger\u00e4t unterst\u00fctzt Hochfrequenztests bis zu 20 GHz und eignet sich damit f\u00fcr eine Vielzahl von HF- und Mikrowellenanwendungen. Sein gro\u00dfer Dynamikbereich erm\u00f6glicht eine pr\u00e4zise Signalanalyse \u00fcber ein breites Spektrum. Die ShockLine-Serie ist bekannt f\u00fcr ihre robuste Leistung bei Netzwerkanalyseaufgaben. Dieses Modell ist Teil von Anritsus Angebot an fortschrittlichen Testger\u00e4ten f\u00fcr die detaillierte Signalcharakterisierung.<\/p>","protected":false},"excerpt":{"rendered":"<p>ShockLine\u2122 4-Port VNA 20GHz<\/p>","protected":false},"featured_media":10276,"comment_status":"closed","ping_status":"closed","template":"","meta":{"_acf_changed":false,"slim_seo":{"title":"MS46524B-020 - YOTAVIS AG","description":"ShockLine\u2122 4-Port VNA 20GHz"}},"product_brand":[758],"product_cat":[523,525],"product_tag":[],"class_list":{"0":"post-9937","1":"product","2":"type-product","3":"status-publish","4":"has-post-thumbnail","6":"product_brand-anritsu","7":"product_cat-analyser","8":"product_cat-vna","9":"pa_dynamic-range-db-815","10":"pa_frequency-max-mhz-467","11":"pa_frequency-min-hz-814","12":"pa_handheld-no","13":"pa_ports-249","15":"first","16":"instock","17":"taxable","18":"shipping-taxable","19":"product-type-simple"},"acf":[],"_links":{"self":[{"href":"https:\/\/yotavis.ch\/de\/wp-json\/wp\/v2\/product\/9937","targetHints":{"allow":["GET"]}}],"collection":[{"href":"https:\/\/yotavis.ch\/de\/wp-json\/wp\/v2\/product"}],"about":[{"href":"https:\/\/yotavis.ch\/de\/wp-json\/wp\/v2\/types\/product"}],"replies":[{"embeddable":true,"href":"https:\/\/yotavis.ch\/de\/wp-json\/wp\/v2\/comments?post=9937"}],"wp:featuredmedia":[{"embeddable":true,"href":"https:\/\/yotavis.ch\/de\/wp-json\/wp\/v2\/media\/10276"}],"wp:attachment":[{"href":"https:\/\/yotavis.ch\/de\/wp-json\/wp\/v2\/media?parent=9937"}],"wp:term":[{"taxonomy":"product_brand","embeddable":true,"href":"https:\/\/yotavis.ch\/de\/wp-json\/wp\/v2\/product_brand?post=9937"},{"taxonomy":"product_cat","embeddable":true,"href":"https:\/\/yotavis.ch\/de\/wp-json\/wp\/v2\/product_cat?post=9937"},{"taxonomy":"product_tag","embeddable":true,"href":"https:\/\/yotavis.ch\/de\/wp-json\/wp\/v2\/product_tag?post=9937"}],"curies":[{"name":"wp","href":"https:\/\/api.w.org\/{rel}","templated":true}]}}