{"id":9938,"date":"2025-10-09T00:00:00","date_gmt":"2025-10-08T22:00:00","guid":{"rendered":"https:\/\/yotavis.ch\/product\/ms46524b-043\/"},"modified":"2026-04-24T13:38:04","modified_gmt":"2026-04-24T11:38:04","slug":"ms46524b-043","status":"publish","type":"product","link":"https:\/\/yotavis.ch\/de\/produkt\/ms46524b-043\/","title":{"rendered":"MS46524B-043"},"content":{"rendered":"<p>Der Anritsu MS46524B-043 ShockLine\u2122 4-Port VNA arbeitet mit einer maximalen Frequenz von 43,5 GHz und einer minimalen Frequenz von 50 kHz und bietet damit einen gro\u00dfen Frequenzbereich f\u00fcr verschiedene Messanwendungen. Dieser Vektor-Netzwerkanalysator verf\u00fcgt \u00fcber vier Anschl\u00fcsse und erm\u00f6glicht so die Pr\u00fcfung und Analyse komplexer Ger\u00e4te mit mehreren Anschl\u00fcssen. Er bietet einen Dynamikbereich von 140 dB, der eine pr\u00e4zise Signalmessung \u00fcber seine Betriebsfrequenzen hinweg erm\u00f6glicht. Das Ger\u00e4t ist nicht handgehalten, sondern f\u00fcr den Einsatz auf dem Tisch oder im Labor konzipiert. Die ShockLine-Serie ist f\u00fcr ihre Integration und Leistung bei der Netzwerkanalyse bekannt, und dieses Modell setzt diesen Trend mit seinen spezifizierten Frequenzf\u00e4higkeiten und seiner Anschlusskonfiguration fort. Durch die Kombination dieser Merkmale eignet sich das Ger\u00e4t f\u00fcr detaillierte HF- und Mikrowellen-Testszenarien, bei denen Hochfrequenz und Dynamikbereich kritische Faktoren sind.<\/p>","protected":false},"excerpt":{"rendered":"<p>ShockLine\u2122 4-Port VNA 43,5GHz<\/p>","protected":false},"featured_media":10276,"comment_status":"closed","ping_status":"closed","template":"","meta":{"_acf_changed":false,"slim_seo":{"title":"MS46524B-043 - YOTAVIS AG","description":"ShockLine\u2122 4-Port VNA 43,5GHz"}},"product_brand":[758],"product_cat":[523,525],"product_tag":[],"class_list":{"0":"post-9938","1":"product","2":"type-product","3":"status-publish","4":"has-post-thumbnail","6":"product_brand-anritsu","7":"product_cat-analyser","8":"product_cat-vna","9":"pa_dynamic-range-db-815","10":"pa_frequency-max-mhz-785","11":"pa_frequency-min-hz-814","12":"pa_handheld-no","13":"pa_ports-249","15":"first","16":"instock","17":"taxable","18":"shipping-taxable","19":"product-type-simple"},"acf":[],"_links":{"self":[{"href":"https:\/\/yotavis.ch\/de\/wp-json\/wp\/v2\/product\/9938","targetHints":{"allow":["GET"]}}],"collection":[{"href":"https:\/\/yotavis.ch\/de\/wp-json\/wp\/v2\/product"}],"about":[{"href":"https:\/\/yotavis.ch\/de\/wp-json\/wp\/v2\/types\/product"}],"replies":[{"embeddable":true,"href":"https:\/\/yotavis.ch\/de\/wp-json\/wp\/v2\/comments?post=9938"}],"wp:featuredmedia":[{"embeddable":true,"href":"https:\/\/yotavis.ch\/de\/wp-json\/wp\/v2\/media\/10276"}],"wp:attachment":[{"href":"https:\/\/yotavis.ch\/de\/wp-json\/wp\/v2\/media?parent=9938"}],"wp:term":[{"taxonomy":"product_brand","embeddable":true,"href":"https:\/\/yotavis.ch\/de\/wp-json\/wp\/v2\/product_brand?post=9938"},{"taxonomy":"product_cat","embeddable":true,"href":"https:\/\/yotavis.ch\/de\/wp-json\/wp\/v2\/product_cat?post=9938"},{"taxonomy":"product_tag","embeddable":true,"href":"https:\/\/yotavis.ch\/de\/wp-json\/wp\/v2\/product_tag?post=9938"}],"curies":[{"name":"wp","href":"https:\/\/api.w.org\/{rel}","templated":true}]}}