{"id":9939,"date":"2025-10-09T00:00:00","date_gmt":"2025-10-08T22:00:00","guid":{"rendered":"https:\/\/yotavis.ch\/product\/ms2024b\/"},"modified":"2026-04-24T13:38:04","modified_gmt":"2026-04-24T11:38:04","slug":"ms2024b","status":"publish","type":"product","link":"https:\/\/yotavis.ch\/de\/produkt\/ms2024b\/","title":{"rendered":"MS2024B"},"content":{"rendered":"<p>Der Anritsu MS2024B ist ein tragbarer Vektor-Netzwerkanalysator mit einer maximalen Frequenz von 4 GHz, der f\u00fcr den Handheld-Einsatz konzipiert wurde. Er verf\u00fcgt \u00fcber zwei Anschl\u00fcsse und bietet einen Dynamikbereich von 100 dB, der eine detaillierte Signalanalyse in seinem Frequenzbereich von 500 kHz bis 4 GHz erm\u00f6glicht. Das Ger\u00e4t ist kompakt und eignet sich f\u00fcr Feldanwendungen, bei denen es auf Tragbarkeit ankommt. Sein Design unterst\u00fctzt effiziente Messaufgaben, ohne dass umfangreiche Einstellungen oder zus\u00e4tzliche Ger\u00e4te erforderlich sind. Das MS2024B ist so konzipiert, dass es in verschiedenen Testumgebungen zuverl\u00e4ssig arbeitet, was es zu einem praktischen Werkzeug f\u00fcr professionelle Anwender macht, die Frequenzanalysen bis zu 4 GHz ben\u00f6tigen. Sein handlicher Formfaktor verbessert die Benutzerfreundlichkeit in verschiedenen Szenarien und erm\u00f6glicht einen bequemen Betrieb unterwegs.<\/p>","protected":false},"excerpt":{"rendered":"<p>Erschwinglicher und tragbarer VNA 4GHz<\/p>","protected":false},"featured_media":10281,"comment_status":"closed","ping_status":"closed","template":"","meta":{"_acf_changed":false,"slim_seo":{"title":"MS2024B - YOTAVIS AG","description":"Erschwinglicher und tragbarer VNA 4GHz"}},"product_brand":[758],"product_cat":[523,525],"product_tag":[],"class_list":{"0":"post-9939","1":"product","2":"type-product","3":"status-publish","4":"has-post-thumbnail","6":"product_brand-anritsu","7":"product_cat-analyser","8":"product_cat-vna","9":"pa_dynamic-range-db-253","10":"pa_frequency-max-mhz-773","11":"pa_frequency-min-hz-818","12":"pa_handheld-yes","13":"pa_ports-188","15":"first","16":"instock","17":"taxable","18":"shipping-taxable","19":"product-type-simple"},"acf":[],"_links":{"self":[{"href":"https:\/\/yotavis.ch\/de\/wp-json\/wp\/v2\/product\/9939","targetHints":{"allow":["GET"]}}],"collection":[{"href":"https:\/\/yotavis.ch\/de\/wp-json\/wp\/v2\/product"}],"about":[{"href":"https:\/\/yotavis.ch\/de\/wp-json\/wp\/v2\/types\/product"}],"replies":[{"embeddable":true,"href":"https:\/\/yotavis.ch\/de\/wp-json\/wp\/v2\/comments?post=9939"}],"wp:featuredmedia":[{"embeddable":true,"href":"https:\/\/yotavis.ch\/de\/wp-json\/wp\/v2\/media\/10281"}],"wp:attachment":[{"href":"https:\/\/yotavis.ch\/de\/wp-json\/wp\/v2\/media?parent=9939"}],"wp:term":[{"taxonomy":"product_brand","embeddable":true,"href":"https:\/\/yotavis.ch\/de\/wp-json\/wp\/v2\/product_brand?post=9939"},{"taxonomy":"product_cat","embeddable":true,"href":"https:\/\/yotavis.ch\/de\/wp-json\/wp\/v2\/product_cat?post=9939"},{"taxonomy":"product_tag","embeddable":true,"href":"https:\/\/yotavis.ch\/de\/wp-json\/wp\/v2\/product_tag?post=9939"}],"curies":[{"name":"wp","href":"https:\/\/api.w.org\/{rel}","templated":true}]}}