{"id":9941,"date":"2025-10-09T00:00:00","date_gmt":"2025-10-08T22:00:00","guid":{"rendered":"https:\/\/yotavis.ch\/product\/ms2034b\/"},"modified":"2026-04-24T13:38:05","modified_gmt":"2026-04-24T11:38:05","slug":"ms2034b","status":"publish","type":"product","link":"https:\/\/yotavis.ch\/de\/produkt\/ms2034b\/","title":{"rendered":"MS2034B"},"content":{"rendered":"<p>Der Anritsu MS2034B ist ein tragbarer Vektor-Netzwerkanalysator, der mit einer maximalen Frequenz von 4 GHz und einer minimalen Frequenz von 500 kHz arbeitet. Er verf\u00fcgt \u00fcber zwei Anschl\u00fcsse und bietet einen Dynamikbereich von 100 dB, wodurch er sich f\u00fcr verschiedene Messanwendungen eignet. Das Ger\u00e4t ist tragbar und erschwinglich und bietet Anwendern, die Mobilit\u00e4t bei ihren Pr\u00fcfger\u00e4ten ben\u00f6tigen, einen hohen Komfort. Der MS2034B kombiniert die Funktionen eines vektoriellen Netzwerkanalysators mit der Spektrumanalyse und erm\u00f6glicht so einen vielseitigen Einsatz im Feld. Seine kompakte Gr\u00f6\u00dfe und sein handliches Design erleichtern den Einsatz in unterschiedlichen Umgebungen. Der Analysator unterst\u00fctzt einen gro\u00dfen Frequenzbereich und erm\u00f6glicht eine detaillierte Analyse von Komponenten und Systemen innerhalb seiner Betriebsbandbreite. Insgesamt vereint der MS2034B wesentliche Funktionen f\u00fcr die Netzwerk- und Spektrumanalyse in einem tragbaren Format.<\/p>","protected":false},"excerpt":{"rendered":"<p>Erschwinglicher und tragbarer VNA 4GHz + Spectrum<\/p>","protected":false},"featured_media":10289,"comment_status":"closed","ping_status":"closed","template":"","meta":{"_acf_changed":false,"slim_seo":{"title":"MS2034B - YOTAVIS AG","description":"Erschwinglicher und tragbarer VNA 4GHz + Spectrum"}},"product_brand":[758],"product_cat":[523,525],"product_tag":[],"class_list":{"0":"post-9941","1":"product","2":"type-product","3":"status-publish","4":"has-post-thumbnail","6":"product_brand-anritsu","7":"product_cat-analyser","8":"product_cat-vna","9":"pa_dynamic-range-db-253","10":"pa_frequency-max-mhz-773","11":"pa_frequency-min-hz-818","12":"pa_handheld-yes","13":"pa_ports-188","15":"first","16":"instock","17":"taxable","18":"shipping-taxable","19":"product-type-simple"},"acf":[],"_links":{"self":[{"href":"https:\/\/yotavis.ch\/de\/wp-json\/wp\/v2\/product\/9941","targetHints":{"allow":["GET"]}}],"collection":[{"href":"https:\/\/yotavis.ch\/de\/wp-json\/wp\/v2\/product"}],"about":[{"href":"https:\/\/yotavis.ch\/de\/wp-json\/wp\/v2\/types\/product"}],"replies":[{"embeddable":true,"href":"https:\/\/yotavis.ch\/de\/wp-json\/wp\/v2\/comments?post=9941"}],"wp:featuredmedia":[{"embeddable":true,"href":"https:\/\/yotavis.ch\/de\/wp-json\/wp\/v2\/media\/10289"}],"wp:attachment":[{"href":"https:\/\/yotavis.ch\/de\/wp-json\/wp\/v2\/media?parent=9941"}],"wp:term":[{"taxonomy":"product_brand","embeddable":true,"href":"https:\/\/yotavis.ch\/de\/wp-json\/wp\/v2\/product_brand?post=9941"},{"taxonomy":"product_cat","embeddable":true,"href":"https:\/\/yotavis.ch\/de\/wp-json\/wp\/v2\/product_cat?post=9941"},{"taxonomy":"product_tag","embeddable":true,"href":"https:\/\/yotavis.ch\/de\/wp-json\/wp\/v2\/product_tag?post=9941"}],"curies":[{"name":"wp","href":"https:\/\/api.w.org\/{rel}","templated":true}]}}