{"id":9942,"date":"2025-10-09T00:00:00","date_gmt":"2025-10-08T22:00:00","guid":{"rendered":"https:\/\/yotavis.ch\/product\/ms2035b\/"},"modified":"2026-04-24T13:38:06","modified_gmt":"2026-04-24T11:38:06","slug":"ms2035b","status":"publish","type":"product","link":"https:\/\/yotavis.ch\/de\/produkt\/ms2035b\/","title":{"rendered":"MS2035B"},"content":{"rendered":"<p>Der Anritsu MS2035B ist ein erschwinglicher und tragbarer Vektornetzwerkanalysator (VNA), der bis zu 6 GHz arbeitet und damit f\u00fcr eine Vielzahl von Messanwendungen geeignet ist. Er verf\u00fcgt \u00fcber einen Frequenzbereich von 500 kHz bis maximal 6.000 MHz und bietet damit ein breites Spektrum f\u00fcr die Analyse. Das Ger\u00e4t bietet einen Dynamikbereich von 100 dB, was eine pr\u00e4zise Signalmessung und -charakterisierung erm\u00f6glicht. Das MS2035B ist mit zwei Anschl\u00fcssen ausgestattet und unterst\u00fctzt somit vielseitige Testkonfigurationen. Sein handliches Design verbessert die Tragbarkeit, so dass der Benutzer problemlos Messungen in verschiedenen Umgebungen durchf\u00fchren kann. Dieses Modell bietet zuverl\u00e4ssige Leistung in einem kompakten Formfaktor und richtet sich an Fachleute, die Mobilit\u00e4t ben\u00f6tigen, ohne Kompromisse bei der Funktionalit\u00e4t einzugehen.<\/p>","protected":false},"excerpt":{"rendered":"<p>Affordable and portable VNA 6GHz + Spectrum<\/p>","protected":false},"featured_media":10291,"comment_status":"closed","ping_status":"closed","template":"","meta":{"_acf_changed":false,"slim_seo":{"title":"MS2035B - YOTAVIS AG","description":"Affordable and portable VNA 6GHz + Spectrum"}},"product_brand":[758],"product_cat":[523,525],"product_tag":[],"class_list":{"0":"post-9942","1":"product","2":"type-product","3":"status-publish","4":"has-post-thumbnail","6":"product_brand-anritsu","7":"product_cat-analyser","8":"product_cat-vna","9":"pa_dynamic-range-db-253","10":"pa_frequency-max-mhz-647","11":"pa_frequency-min-hz-818","12":"pa_handheld-yes","13":"pa_ports-188","15":"first","16":"instock","17":"taxable","18":"shipping-taxable","19":"product-type-simple"},"acf":[],"_links":{"self":[{"href":"https:\/\/yotavis.ch\/de\/wp-json\/wp\/v2\/product\/9942","targetHints":{"allow":["GET"]}}],"collection":[{"href":"https:\/\/yotavis.ch\/de\/wp-json\/wp\/v2\/product"}],"about":[{"href":"https:\/\/yotavis.ch\/de\/wp-json\/wp\/v2\/types\/product"}],"replies":[{"embeddable":true,"href":"https:\/\/yotavis.ch\/de\/wp-json\/wp\/v2\/comments?post=9942"}],"wp:featuredmedia":[{"embeddable":true,"href":"https:\/\/yotavis.ch\/de\/wp-json\/wp\/v2\/media\/10291"}],"wp:attachment":[{"href":"https:\/\/yotavis.ch\/de\/wp-json\/wp\/v2\/media?parent=9942"}],"wp:term":[{"taxonomy":"product_brand","embeddable":true,"href":"https:\/\/yotavis.ch\/de\/wp-json\/wp\/v2\/product_brand?post=9942"},{"taxonomy":"product_cat","embeddable":true,"href":"https:\/\/yotavis.ch\/de\/wp-json\/wp\/v2\/product_cat?post=9942"},{"taxonomy":"product_tag","embeddable":true,"href":"https:\/\/yotavis.ch\/de\/wp-json\/wp\/v2\/product_tag?post=9942"}],"curies":[{"name":"wp","href":"https:\/\/api.w.org\/{rel}","templated":true}]}}