{"id":9943,"date":"2025-10-09T00:00:00","date_gmt":"2025-10-08T22:00:00","guid":{"rendered":"https:\/\/yotavis.ch\/product\/mg36221a\/"},"modified":"2026-04-24T13:38:07","modified_gmt":"2026-04-24T11:38:07","slug":"mg36221a","status":"publish","type":"product","link":"https:\/\/yotavis.ch\/de\/produkt\/mg36221a\/","title":{"rendered":"MG36221A"},"content":{"rendered":"<p>Der Anritsu MG36221A ist ein HF\/Mikrowellen-Signalgenerator, der bei einer maximalen Frequenz von 20.000 MHz arbeiten kann. Er liefert einen Amplitudenausgang von 30 dBm und bietet damit einen robusten Signalpegel f\u00fcr verschiedene Test- und Messanwendungen. Dieses Modell deckt einen weiten Frequenzbereich bis zu 20 GHz ab und eignet sich damit f\u00fcr Hochfrequenz-Signalerzeugungsaufgaben. Die Spezifikationen des Ger\u00e4ts konzentrieren sich auf Frequenz- und Amplitudenparameter und unterstreichen seine F\u00e4higkeit, Signale bei pr\u00e4zisen Frequenzen mit einem signifikanten Ausgangsleistungspegel zu erzeugen. Der MG36221A ist Teil der Produktpalette von Anritsu, die f\u00fcr ihre technische Pr\u00e4zision bei der Signalerzeugung bekannt ist. W\u00e4hrend zus\u00e4tzliche Merkmale wie Leistung, Spannung, Strom und Steuerungsoptionen nicht n\u00e4her erl\u00e4utert werden, wird bei den wichtigsten Attributen der Frequenzbereich und die Amplitudenausgabe hervorgehoben. Dieser Signalgenerator ist f\u00fcr den Einsatz in Umgebungen vorgesehen, in denen eine genaue und stabile Mikrowellensignalerzeugung erforderlich ist.<\/p>","protected":false},"excerpt":{"rendered":"<p>RF\/Mikrowellen-Signalgenerator 20GHz<\/p>","protected":false},"featured_media":10296,"comment_status":"closed","ping_status":"closed","template":"","meta":{"_acf_changed":false,"slim_seo":{"title":"MG36221A - YOTAVIS AG","description":"RF\/Mikrowellen-Signalgenerator 20GHz"}},"product_brand":[758],"product_cat":[513,521],"product_tag":[],"class_list":{"0":"post-9943","1":"product","2":"type-product","3":"status-publish","4":"has-post-thumbnail","6":"product_brand-anritsu","7":"product_cat-generator","8":"product_cat-rf-generator","9":"pa_amplitude-dbm-276","10":"pa_channels-384","11":"pa_frequency-mhz-272","13":"first","14":"instock","15":"taxable","16":"shipping-taxable","17":"product-type-simple"},"acf":[],"_links":{"self":[{"href":"https:\/\/yotavis.ch\/de\/wp-json\/wp\/v2\/product\/9943","targetHints":{"allow":["GET"]}}],"collection":[{"href":"https:\/\/yotavis.ch\/de\/wp-json\/wp\/v2\/product"}],"about":[{"href":"https:\/\/yotavis.ch\/de\/wp-json\/wp\/v2\/types\/product"}],"replies":[{"embeddable":true,"href":"https:\/\/yotavis.ch\/de\/wp-json\/wp\/v2\/comments?post=9943"}],"wp:featuredmedia":[{"embeddable":true,"href":"https:\/\/yotavis.ch\/de\/wp-json\/wp\/v2\/media\/10296"}],"wp:attachment":[{"href":"https:\/\/yotavis.ch\/de\/wp-json\/wp\/v2\/media?parent=9943"}],"wp:term":[{"taxonomy":"product_brand","embeddable":true,"href":"https:\/\/yotavis.ch\/de\/wp-json\/wp\/v2\/product_brand?post=9943"},{"taxonomy":"product_cat","embeddable":true,"href":"https:\/\/yotavis.ch\/de\/wp-json\/wp\/v2\/product_cat?post=9943"},{"taxonomy":"product_tag","embeddable":true,"href":"https:\/\/yotavis.ch\/de\/wp-json\/wp\/v2\/product_tag?post=9943"}],"curies":[{"name":"wp","href":"https:\/\/api.w.org\/{rel}","templated":true}]}}