{"id":9945,"date":"2025-10-09T00:00:00","date_gmt":"2025-10-08T22:00:00","guid":{"rendered":"https:\/\/yotavis.ch\/product\/mg36271a\/"},"modified":"2026-04-24T13:38:15","modified_gmt":"2026-04-24T11:38:15","slug":"mg36271a","status":"publish","type":"product","link":"https:\/\/yotavis.ch\/de\/produkt\/mg36271a\/","title":{"rendered":"MG36271A"},"content":{"rendered":"<p>Der Anritsu MG36271A ist ein HF\/Mikrowellen-Signalgenerator, der bei einer maximalen Frequenz von 70.000 MHz arbeiten kann. Er liefert einen Amplitudenausgang von 27 dBm und eignet sich damit f\u00fcr Anwendungen, die eine hochfrequente Signalerzeugung erfordern. Dieses Modell deckt einen breiten Frequenzbereich bis zu 70 GHz ab und ist damit vielseitig f\u00fcr verschiedene Test- und Messszenarien einsetzbar. Die Spezifikationen des Ger\u00e4ts konzentrieren sich auf Frequenz- und Amplitudenparameter und gew\u00e4hrleisten eine pr\u00e4zise Signalausgabe innerhalb der angegebenen Grenzwerte. Das MG36271A ist Teil der Produktpalette von Anritsu, die f\u00fcr ihre technischen F\u00e4higkeiten bei der Erzeugung von HF- und Mikrowellensignalen bekannt ist. Seine detaillierten Frequenz- und Amplitudeneigenschaften machen ihn zu einem Spezialger\u00e4t f\u00fcr fortschrittliche elektronische Testumgebungen.<\/p>","protected":false},"excerpt":{"rendered":"<p>RF\/Mikrowellen-Signalgenerator 70GHz<\/p>","protected":false},"featured_media":10296,"comment_status":"closed","ping_status":"closed","template":"","meta":{"_acf_changed":false,"slim_seo":{"title":"MG36271A - YOTAVIS AG","description":"RF\/Mikrowellen-Signalgenerator 70GHz"}},"product_brand":[758],"product_cat":[513,521],"product_tag":[],"class_list":{"0":"post-9945","1":"product","2":"type-product","3":"status-publish","4":"has-post-thumbnail","6":"product_brand-anritsu","7":"product_cat-generator","8":"product_cat-rf-generator","9":"pa_amplitude-dbm-752","10":"pa_channels-384","11":"pa_frequency-mhz-821","13":"first","14":"instock","15":"taxable","16":"shipping-taxable","17":"product-type-simple"},"acf":[],"_links":{"self":[{"href":"https:\/\/yotavis.ch\/de\/wp-json\/wp\/v2\/product\/9945","targetHints":{"allow":["GET"]}}],"collection":[{"href":"https:\/\/yotavis.ch\/de\/wp-json\/wp\/v2\/product"}],"about":[{"href":"https:\/\/yotavis.ch\/de\/wp-json\/wp\/v2\/types\/product"}],"replies":[{"embeddable":true,"href":"https:\/\/yotavis.ch\/de\/wp-json\/wp\/v2\/comments?post=9945"}],"wp:featuredmedia":[{"embeddable":true,"href":"https:\/\/yotavis.ch\/de\/wp-json\/wp\/v2\/media\/10296"}],"wp:attachment":[{"href":"https:\/\/yotavis.ch\/de\/wp-json\/wp\/v2\/media?parent=9945"}],"wp:term":[{"taxonomy":"product_brand","embeddable":true,"href":"https:\/\/yotavis.ch\/de\/wp-json\/wp\/v2\/product_brand?post=9945"},{"taxonomy":"product_cat","embeddable":true,"href":"https:\/\/yotavis.ch\/de\/wp-json\/wp\/v2\/product_cat?post=9945"},{"taxonomy":"product_tag","embeddable":true,"href":"https:\/\/yotavis.ch\/de\/wp-json\/wp\/v2\/product_tag?post=9945"}],"curies":[{"name":"wp","href":"https:\/\/api.w.org\/{rel}","templated":true}]}}