{"id":10388,"date":"2025-10-09T00:00:00","date_gmt":"2025-10-08T22:00:00","guid":{"rendered":"https:\/\/yotavis.ch\/product\/it2801\/"},"modified":"2026-04-24T13:38:29","modified_gmt":"2026-04-24T11:38:29","slug":"it2801","status":"publish","type":"product","link":"https:\/\/yotavis.ch\/fr\/produit\/it2801\/","title":{"rendered":"IT2801"},"content":{"rendered":"<p>L'ITECH IT2801 est une unit\u00e9 de mesure de source graphique con\u00e7ue pour fournir des mesures \u00e9lectriques pr\u00e9cises avec une tension maximale de 1000 volts et une capacit\u00e9 de courant de 1 amp\u00e8re. Il fonctionne \u00e0 une puissance nominale de 20 watts, ce qui le rend adapt\u00e9 \u00e0 diverses applications de test et de mesure. Cet appareil est dot\u00e9 d'un seul canal de sortie, ce qui permet d'obtenir une sortie cibl\u00e9e et contr\u00f4l\u00e9e pendant le fonctionnement. Une fonction de commande \u00e0 distance est incluse, permettant aux utilisateurs de faire fonctionner l'appareil \u00e0 distance pour des raisons de commodit\u00e9 et de s\u00e9curit\u00e9. La combinaison d'une tension et d'un courant de sortie \u00e9lev\u00e9s avec la fonctionnalit\u00e9 de commande \u00e0 distance fait de l'IT2801 un outil polyvalent pour les environnements de test \u00e9lectrique o\u00f9 la pr\u00e9cision et le contr\u00f4le sont essentiels.<\/p>","protected":false},"excerpt":{"rendered":"<p>1000V\/1A\/20W Graphical Source Measure Unit<\/p>","protected":false},"featured_media":11114,"comment_status":"closed","ping_status":"closed","template":"","meta":{"_acf_changed":false,"slim_seo":{"title":"IT2801 - YOTAVIS AG","description":"1000V\/1A\/20W Graphical Source Measure Unit"}},"product_brand":[822],"product_cat":[518,1126],"product_tag":[],"class_list":{"0":"post-10388","1":"product","2":"type-product","3":"status-publish","4":"has-post-thumbnail","6":"product_brand-itech","7":"product_cat-meters","8":"product_cat-source-measure-unit","9":"pa_current-a-482","10":"pa_output-number-146","11":"pa_power-w-914","12":"pa_remote-control-yes","13":"pa_voltage-v-639","15":"first","16":"instock","17":"taxable","18":"shipping-taxable","19":"product-type-simple"},"acf":[],"_links":{"self":[{"href":"https:\/\/yotavis.ch\/fr\/wp-json\/wp\/v2\/product\/10388","targetHints":{"allow":["GET"]}}],"collection":[{"href":"https:\/\/yotavis.ch\/fr\/wp-json\/wp\/v2\/product"}],"about":[{"href":"https:\/\/yotavis.ch\/fr\/wp-json\/wp\/v2\/types\/product"}],"replies":[{"embeddable":true,"href":"https:\/\/yotavis.ch\/fr\/wp-json\/wp\/v2\/comments?post=10388"}],"wp:featuredmedia":[{"embeddable":true,"href":"https:\/\/yotavis.ch\/fr\/wp-json\/wp\/v2\/media\/11114"}],"wp:attachment":[{"href":"https:\/\/yotavis.ch\/fr\/wp-json\/wp\/v2\/media?parent=10388"}],"wp:term":[{"taxonomy":"product_brand","embeddable":true,"href":"https:\/\/yotavis.ch\/fr\/wp-json\/wp\/v2\/product_brand?post=10388"},{"taxonomy":"product_cat","embeddable":true,"href":"https:\/\/yotavis.ch\/fr\/wp-json\/wp\/v2\/product_cat?post=10388"},{"taxonomy":"product_tag","embeddable":true,"href":"https:\/\/yotavis.ch\/fr\/wp-json\/wp\/v2\/product_tag?post=10388"}],"curies":[{"name":"wp","href":"https:\/\/api.w.org\/{rel}","templated":true}]}}