{"id":10390,"date":"2025-10-09T00:00:00","date_gmt":"2025-10-08T22:00:00","guid":{"rendered":"https:\/\/yotavis.ch\/product\/it2806\/"},"modified":"2026-04-24T13:38:30","modified_gmt":"2026-04-24T11:38:30","slug":"it2806","status":"publish","type":"product","link":"https:\/\/yotavis.ch\/fr\/produit\/it2806\/","title":{"rendered":"IT2806"},"content":{"rendered":"<p>L'IT2806 d'ITECH est une unit\u00e9 de mesure de source graphique con\u00e7ue pour d\u00e9livrer une tension maximale de 200V et un courant continu de 3A. Il prend en charge des courants d'impulsion jusqu'\u00e0 10A, ce qui permet des sc\u00e9narios de test polyvalents. Avec une puissance nominale de 20 W, cet appareil convient \u00e0 diverses applications de mesure de pr\u00e9cision. L'appareil est dot\u00e9 d'un seul canal de sortie, ce qui permet d'obtenir une sortie cibl\u00e9e et contr\u00f4l\u00e9e pour les besoins des tests. La capacit\u00e9 de commande \u00e0 distance est incluse, ce qui permet aux utilisateurs de faire fonctionner l'appareil \u00e0 distance. Cette combinaison de caract\u00e9ristiques de tension, de courant et de puissance fait de l'IT2806 un outil pratique pour les mesures \u00e9lectriques d\u00e9taill\u00e9es et les fonctions de source en laboratoire ou dans les environnements de production.<\/p>","protected":false},"excerpt":{"rendered":"<p>200V\/3A DC\/ 10A Pulse\/10A pulse\/20W Graphical Source Measure Unit<\/p>","protected":false},"featured_media":11114,"comment_status":"closed","ping_status":"closed","template":"","meta":{"_acf_changed":false,"slim_seo":{"title":"IT2806 - YOTAVIS AG","description":"200V\/3A DC\/ 10A Pulse\/10A pulse\/20W Graphical Source Measure Unit"}},"product_brand":[822],"product_cat":[518,1126],"product_tag":[],"class_list":{"0":"post-10390","1":"product","2":"type-product","3":"status-publish","4":"has-post-thumbnail","6":"product_brand-itech","7":"product_cat-meters","8":"product_cat-source-measure-unit","9":"pa_current-a-485","10":"pa_output-number-146","11":"pa_power-w-914","12":"pa_remote-control-yes","13":"pa_voltage-v-150","15":"first","16":"instock","17":"taxable","18":"shipping-taxable","19":"product-type-simple"},"acf":[],"_links":{"self":[{"href":"https:\/\/yotavis.ch\/fr\/wp-json\/wp\/v2\/product\/10390","targetHints":{"allow":["GET"]}}],"collection":[{"href":"https:\/\/yotavis.ch\/fr\/wp-json\/wp\/v2\/product"}],"about":[{"href":"https:\/\/yotavis.ch\/fr\/wp-json\/wp\/v2\/types\/product"}],"replies":[{"embeddable":true,"href":"https:\/\/yotavis.ch\/fr\/wp-json\/wp\/v2\/comments?post=10390"}],"wp:featuredmedia":[{"embeddable":true,"href":"https:\/\/yotavis.ch\/fr\/wp-json\/wp\/v2\/media\/11114"}],"wp:attachment":[{"href":"https:\/\/yotavis.ch\/fr\/wp-json\/wp\/v2\/media?parent=10390"}],"wp:term":[{"taxonomy":"product_brand","embeddable":true,"href":"https:\/\/yotavis.ch\/fr\/wp-json\/wp\/v2\/product_brand?post=10390"},{"taxonomy":"product_cat","embeddable":true,"href":"https:\/\/yotavis.ch\/fr\/wp-json\/wp\/v2\/product_cat?post=10390"},{"taxonomy":"product_tag","embeddable":true,"href":"https:\/\/yotavis.ch\/fr\/wp-json\/wp\/v2\/product_tag?post=10390"}],"curies":[{"name":"wp","href":"https:\/\/api.w.org\/{rel}","templated":true}]}}