{"id":10391,"date":"2025-10-09T00:00:00","date_gmt":"2025-10-08T22:00:00","guid":{"rendered":"https:\/\/yotavis.ch\/product\/it-e801a\/"},"modified":"2026-04-24T13:38:30","modified_gmt":"2026-04-24T11:38:30","slug":"it-e801a","status":"publish","type":"product","link":"https:\/\/yotavis.ch\/fr\/produit\/it-e801a\/","title":{"rendered":"IT-E801A"},"content":{"rendered":"<p>L'IT-E801A est un adaptateur banane-triaxe con\u00e7u sp\u00e9cifiquement pour les mod\u00e8les IT2805 et IT2806. Fabriqu\u00e9 par ITECH, cet adaptateur facilite la connexion entre les fiches bananes et les connecteurs triax, assurant la compatibilit\u00e9 et la facilit\u00e9 d'utilisation avec l'\u00e9quipement d\u00e9sign\u00e9. Il s'agit d'un accessoire essentiel pour les utilisateurs qui ont besoin d'une interface fiable entre diff\u00e9rents types de connecteurs. L'adaptateur est con\u00e7u pour maintenir l'int\u00e9grit\u00e9 du signal pendant les mesures et les proc\u00e9dures de test. Sa conception permet une int\u00e9gration transparente dans les installations existantes impliquant les dispositifs IT2805 et IT2806. Ce produit est con\u00e7u pour r\u00e9pondre aux besoins de connexion des professionnels travaillant avec ces mod\u00e8les sp\u00e9cifiques, en fournissant une solution simple pour adapter les connexions \u00e0 fiche banane aux entr\u00e9es triax.<\/p>","protected":false},"excerpt":{"rendered":"<p>Banana to Triax Adapter for IT2805\/IT2806<\/p>","protected":false},"featured_media":12201,"comment_status":"closed","ping_status":"closed","template":"","meta":{"_acf_changed":false,"slim_seo":{"title":"IT-E801A - YOTAVIS AG","description":"Banana to Triax Adapter for IT2805\/IT2806"}},"product_brand":[822],"product_cat":[526],"product_tag":[],"class_list":{"0":"post-10391","1":"product","2":"type-product","3":"status-publish","4":"has-post-thumbnail","6":"product_brand-itech","7":"product_cat-accessories","9":"first","10":"instock","11":"taxable","12":"shipping-taxable","13":"product-type-simple"},"acf":[],"_links":{"self":[{"href":"https:\/\/yotavis.ch\/fr\/wp-json\/wp\/v2\/product\/10391","targetHints":{"allow":["GET"]}}],"collection":[{"href":"https:\/\/yotavis.ch\/fr\/wp-json\/wp\/v2\/product"}],"about":[{"href":"https:\/\/yotavis.ch\/fr\/wp-json\/wp\/v2\/types\/product"}],"replies":[{"embeddable":true,"href":"https:\/\/yotavis.ch\/fr\/wp-json\/wp\/v2\/comments?post=10391"}],"wp:featuredmedia":[{"embeddable":true,"href":"https:\/\/yotavis.ch\/fr\/wp-json\/wp\/v2\/media\/12201"}],"wp:attachment":[{"href":"https:\/\/yotavis.ch\/fr\/wp-json\/wp\/v2\/media?parent=10391"}],"wp:term":[{"taxonomy":"product_brand","embeddable":true,"href":"https:\/\/yotavis.ch\/fr\/wp-json\/wp\/v2\/product_brand?post=10391"},{"taxonomy":"product_cat","embeddable":true,"href":"https:\/\/yotavis.ch\/fr\/wp-json\/wp\/v2\/product_cat?post=10391"},{"taxonomy":"product_tag","embeddable":true,"href":"https:\/\/yotavis.ch\/fr\/wp-json\/wp\/v2\/product_tag?post=10391"}],"curies":[{"name":"wp","href":"https:\/\/api.w.org\/{rel}","templated":true}]}}