{"id":10395,"date":"2025-10-09T00:00:00","date_gmt":"2025-10-08T22:00:00","guid":{"rendered":"https:\/\/yotavis.ch\/product\/it-m3110\/"},"modified":"2026-04-24T13:38:31","modified_gmt":"2026-04-24T11:38:31","slug":"it-m3110","status":"publish","type":"product","link":"https:\/\/yotavis.ch\/fr\/produit\/it-m3110\/","title":{"rendered":"IT-M3110"},"content":{"rendered":"<p>L'IT-M3110 est une alimentation DC d'ITECH con\u00e7ue pour d\u00e9livrer une puissance maximale de 400 watts. Elle fonctionne \u00e0 une tension de 20 volts et peut fournir un courant allant jusqu'\u00e0 100 amp\u00e8res. Ce mod\u00e8le est dot\u00e9 d'un seul canal de sortie, ce qui permet une distribution cibl\u00e9e de la puissance. Il prend en charge la fonctionnalit\u00e9 de la t\u00e9l\u00e9commande, ce qui permet aux utilisateurs de faire fonctionner l'appareil \u00e0 distance pour plus de commodit\u00e9 et de flexibilit\u00e9. L'alimentation est con\u00e7ue pour r\u00e9pondre \u00e0 des exigences \u00e9lectriques sp\u00e9cifiques gr\u00e2ce \u00e0 ses valeurs nominales de tension et de courant. Sa conception convient aux applications n\u00e9cessitant une alimentation en courant continu stable et fiable. La combinaison de ces sp\u00e9cifications fait de l'IT-M3110 un outil pr\u00e9cis pour r\u00e9pondre \u00e0 divers besoins en mati\u00e8re d'alimentation \u00e9lectrique.<\/p>","protected":false},"excerpt":{"rendered":"<p>Alimentation en courant continu 20V\/100A\/400W<\/p>","protected":false},"featured_media":11117,"comment_status":"closed","ping_status":"closed","template":"","meta":{"_acf_changed":false,"slim_seo":{"title":"IT-M3110 - YOTAVIS AG","description":"Alimentation en courant continu 20V\/100A\/400W"}},"product_brand":[822],"product_cat":[516,515],"product_tag":[],"class_list":{"0":"post-10395","1":"product","2":"type-product","3":"status-publish","4":"has-post-thumbnail","6":"product_brand-itech","7":"product_cat-dc-source-en","8":"product_cat-power-en","9":"pa_current-a-562","10":"pa_output-number-146","11":"pa_power-w-398","12":"pa_remote-control-yes","13":"pa_voltage-v-315","15":"first","16":"instock","17":"taxable","18":"shipping-taxable","19":"product-type-simple"},"acf":[],"_links":{"self":[{"href":"https:\/\/yotavis.ch\/fr\/wp-json\/wp\/v2\/product\/10395","targetHints":{"allow":["GET"]}}],"collection":[{"href":"https:\/\/yotavis.ch\/fr\/wp-json\/wp\/v2\/product"}],"about":[{"href":"https:\/\/yotavis.ch\/fr\/wp-json\/wp\/v2\/types\/product"}],"replies":[{"embeddable":true,"href":"https:\/\/yotavis.ch\/fr\/wp-json\/wp\/v2\/comments?post=10395"}],"wp:featuredmedia":[{"embeddable":true,"href":"https:\/\/yotavis.ch\/fr\/wp-json\/wp\/v2\/media\/11117"}],"wp:attachment":[{"href":"https:\/\/yotavis.ch\/fr\/wp-json\/wp\/v2\/media?parent=10395"}],"wp:term":[{"taxonomy":"product_brand","embeddable":true,"href":"https:\/\/yotavis.ch\/fr\/wp-json\/wp\/v2\/product_brand?post=10395"},{"taxonomy":"product_cat","embeddable":true,"href":"https:\/\/yotavis.ch\/fr\/wp-json\/wp\/v2\/product_cat?post=10395"},{"taxonomy":"product_tag","embeddable":true,"href":"https:\/\/yotavis.ch\/fr\/wp-json\/wp\/v2\/product_tag?post=10395"}],"curies":[{"name":"wp","href":"https:\/\/api.w.org\/{rel}","templated":true}]}}