{"id":10396,"date":"2025-10-09T00:00:00","date_gmt":"2025-10-08T22:00:00","guid":{"rendered":"https:\/\/yotavis.ch\/product\/it-m3120\/"},"modified":"2026-04-24T13:38:32","modified_gmt":"2026-04-24T11:38:32","slug":"it-m3120","status":"publish","type":"product","link":"https:\/\/yotavis.ch\/fr\/produit\/it-m3120\/","title":{"rendered":"IT-M3120"},"content":{"rendered":"<p>L'ITECH IT-M3120 est une alimentation en courant continu con\u00e7ue pour d\u00e9livrer une puissance maximale de 850 watts. Elle fonctionne \u00e0 une tension de 20 volts et peut fournir un courant allant jusqu'\u00e0 100 amp\u00e8res. Ce mod\u00e8le est dot\u00e9 d'un seul canal de sortie, ce qui permet une distribution cibl\u00e9e de la puissance. L'appareil est dot\u00e9 d'une fonction de t\u00e9l\u00e9commande, ce qui permet aux utilisateurs de l'utiliser \u00e0 distance pour plus de commodit\u00e9 et de flexibilit\u00e9. Gr\u00e2ce \u00e0 ses caract\u00e9ristiques de tension et de courant, l'IT-M3120 convient aux applications n\u00e9cessitant une alimentation en courant continu stable et fiable. La combinaison de sa capacit\u00e9 de puissance et de ses options de contr\u00f4le en fait un choix pratique pour divers environnements de test et de d\u00e9veloppement.<\/p>","protected":false},"excerpt":{"rendered":"<p>Alimentation en courant continu 20V\/100A\/850W<\/p>","protected":false},"featured_media":11117,"comment_status":"closed","ping_status":"closed","template":"","meta":{"_acf_changed":false,"slim_seo":{"title":"IT-M3120 - YOTAVIS AG","description":"Alimentation en courant continu 20V\/100A\/850W"}},"product_brand":[822],"product_cat":[516,515],"product_tag":[],"class_list":{"0":"post-10396","1":"product","2":"type-product","3":"status-publish","4":"has-post-thumbnail","6":"product_brand-itech","7":"product_cat-dc-source-en","8":"product_cat-power-en","9":"pa_current-a-562","10":"pa_output-number-146","11":"pa_power-w-916","12":"pa_remote-control-yes","13":"pa_voltage-v-315","15":"first","16":"instock","17":"taxable","18":"shipping-taxable","19":"product-type-simple"},"acf":[],"_links":{"self":[{"href":"https:\/\/yotavis.ch\/fr\/wp-json\/wp\/v2\/product\/10396","targetHints":{"allow":["GET"]}}],"collection":[{"href":"https:\/\/yotavis.ch\/fr\/wp-json\/wp\/v2\/product"}],"about":[{"href":"https:\/\/yotavis.ch\/fr\/wp-json\/wp\/v2\/types\/product"}],"replies":[{"embeddable":true,"href":"https:\/\/yotavis.ch\/fr\/wp-json\/wp\/v2\/comments?post=10396"}],"wp:featuredmedia":[{"embeddable":true,"href":"https:\/\/yotavis.ch\/fr\/wp-json\/wp\/v2\/media\/11117"}],"wp:attachment":[{"href":"https:\/\/yotavis.ch\/fr\/wp-json\/wp\/v2\/media?parent=10396"}],"wp:term":[{"taxonomy":"product_brand","embeddable":true,"href":"https:\/\/yotavis.ch\/fr\/wp-json\/wp\/v2\/product_brand?post=10396"},{"taxonomy":"product_cat","embeddable":true,"href":"https:\/\/yotavis.ch\/fr\/wp-json\/wp\/v2\/product_cat?post=10396"},{"taxonomy":"product_tag","embeddable":true,"href":"https:\/\/yotavis.ch\/fr\/wp-json\/wp\/v2\/product_tag?post=10396"}],"curies":[{"name":"wp","href":"https:\/\/api.w.org\/{rel}","templated":true}]}}