{"id":10397,"date":"2025-10-09T00:00:00","date_gmt":"2025-10-08T22:00:00","guid":{"rendered":"https:\/\/yotavis.ch\/product\/it-m3111\/"},"modified":"2026-04-24T13:38:32","modified_gmt":"2026-04-24T11:38:32","slug":"it-m3111","status":"publish","type":"product","link":"https:\/\/yotavis.ch\/fr\/produit\/it-m3111\/","title":{"rendered":"IT-M3111"},"content":{"rendered":"<p>L'IT-M3111 d'ITECH est une alimentation en courant continu avec une tension de sortie maximale de 30 volts et une capacit\u00e9 de courant allant jusqu'\u00e0 70 amp\u00e8res. Il d\u00e9livre une puissance totale de 400 watts sur un seul canal de sortie. Ce mod\u00e8le est dot\u00e9 d'une fonction de commande \u00e0 distance, ce qui permet de l'utiliser facilement \u00e0 distance. L'alimentation est con\u00e7ue pour fournir une puissance stable et fiable pour diverses applications n\u00e9cessitant des r\u00e9glages pr\u00e9cis de la tension et du courant. Son num\u00e9ro de sortie unique simplifie les connexions et l'utilisation dans les configurations o\u00f9 une seule source d'alimentation est n\u00e9cessaire. La combinaison des valeurs nominales de 30 V et 70 A permet de tester et d'alimenter des appareils qui n\u00e9cessitent un courant \u00e9lev\u00e9 \u00e0 des niveaux de tension mod\u00e9r\u00e9s. L'inclusion d'une t\u00e9l\u00e9commande am\u00e9liore sa polyvalence dans les environnements automatis\u00e9s ou contr\u00f4l\u00e9s.<\/p>","protected":false},"excerpt":{"rendered":"<p>30V\/70A\/400W DC power supply<\/p>","protected":false},"featured_media":11117,"comment_status":"closed","ping_status":"closed","template":"","meta":{"_acf_changed":false,"slim_seo":{"title":"IT-M3111 - YOTAVIS AG","description":"30V\/70A\/400W DC power supply"}},"product_brand":[822],"product_cat":[516,515],"product_tag":[],"class_list":{"0":"post-10397","1":"product","2":"type-product","3":"status-publish","4":"has-post-thumbnail","6":"product_brand-itech","7":"product_cat-dc-source-en","8":"product_cat-power-en","9":"pa_current-a-623","10":"pa_output-number-146","11":"pa_power-w-398","12":"pa_remote-control-yes","13":"pa_voltage-v-145","15":"first","16":"instock","17":"taxable","18":"shipping-taxable","19":"product-type-simple"},"acf":[],"_links":{"self":[{"href":"https:\/\/yotavis.ch\/fr\/wp-json\/wp\/v2\/product\/10397","targetHints":{"allow":["GET"]}}],"collection":[{"href":"https:\/\/yotavis.ch\/fr\/wp-json\/wp\/v2\/product"}],"about":[{"href":"https:\/\/yotavis.ch\/fr\/wp-json\/wp\/v2\/types\/product"}],"replies":[{"embeddable":true,"href":"https:\/\/yotavis.ch\/fr\/wp-json\/wp\/v2\/comments?post=10397"}],"wp:featuredmedia":[{"embeddable":true,"href":"https:\/\/yotavis.ch\/fr\/wp-json\/wp\/v2\/media\/11117"}],"wp:attachment":[{"href":"https:\/\/yotavis.ch\/fr\/wp-json\/wp\/v2\/media?parent=10397"}],"wp:term":[{"taxonomy":"product_brand","embeddable":true,"href":"https:\/\/yotavis.ch\/fr\/wp-json\/wp\/v2\/product_brand?post=10397"},{"taxonomy":"product_cat","embeddable":true,"href":"https:\/\/yotavis.ch\/fr\/wp-json\/wp\/v2\/product_cat?post=10397"},{"taxonomy":"product_tag","embeddable":true,"href":"https:\/\/yotavis.ch\/fr\/wp-json\/wp\/v2\/product_tag?post=10397"}],"curies":[{"name":"wp","href":"https:\/\/api.w.org\/{rel}","templated":true}]}}