{"id":10399,"date":"2025-10-09T00:00:00","date_gmt":"2025-10-08T22:00:00","guid":{"rendered":"https:\/\/yotavis.ch\/product\/it-m3112\/"},"modified":"2026-04-24T13:38:33","modified_gmt":"2026-04-24T11:38:33","slug":"it-m3112","status":"publish","type":"product","link":"https:\/\/yotavis.ch\/fr\/produit\/it-m3112\/","title":{"rendered":"IT-M3112"},"content":{"rendered":"<p>L'IT-M3112 d'ITECH est une alimentation en courant continu d'une puissance de 400 watts. Elle fonctionne \u00e0 une tension maximale de 80 volts et un courant de 22 amp\u00e8res. Ce mod\u00e8le est dot\u00e9 d'un seul canal de sortie, ce qui permet une distribution cibl\u00e9e de la puissance. Il est dot\u00e9 d'une fonction de t\u00e9l\u00e9commande, ce qui permet aux utilisateurs de faire fonctionner l'appareil \u00e0 distance. L'alimentation est con\u00e7ue pour fournir un courant continu stable et fiable pour diverses applications. Ses sp\u00e9cifications la rendent adapt\u00e9e aux t\u00e2ches n\u00e9cessitant un contr\u00f4le pr\u00e9cis de la tension et du courant. La combinaison de ses valeurs nominales de tension, de courant et de puissance garantit qu'elle peut g\u00e9rer des charges \u00e9lectriques exigeantes tout en maintenant ses performances.<\/p>","protected":false},"excerpt":{"rendered":"<p>Alimentation en courant continu 80V\/22A\/400W<\/p>","protected":false},"featured_media":11117,"comment_status":"closed","ping_status":"closed","template":"","meta":{"_acf_changed":false,"slim_seo":{"title":"IT-M3112 - YOTAVIS AG","description":"Alimentation en courant continu 80V\/22A\/400W"}},"product_brand":[822],"product_cat":[516,515],"product_tag":[],"class_list":{"0":"post-10399","1":"product","2":"type-product","3":"status-publish","4":"has-post-thumbnail","6":"product_brand-itech","7":"product_cat-dc-source-en","8":"product_cat-power-en","9":"pa_current-a-917","10":"pa_output-number-146","11":"pa_power-w-398","12":"pa_remote-control-yes","13":"pa_voltage-v-155","15":"first","16":"instock","17":"taxable","18":"shipping-taxable","19":"product-type-simple"},"acf":[],"_links":{"self":[{"href":"https:\/\/yotavis.ch\/fr\/wp-json\/wp\/v2\/product\/10399","targetHints":{"allow":["GET"]}}],"collection":[{"href":"https:\/\/yotavis.ch\/fr\/wp-json\/wp\/v2\/product"}],"about":[{"href":"https:\/\/yotavis.ch\/fr\/wp-json\/wp\/v2\/types\/product"}],"replies":[{"embeddable":true,"href":"https:\/\/yotavis.ch\/fr\/wp-json\/wp\/v2\/comments?post=10399"}],"wp:featuredmedia":[{"embeddable":true,"href":"https:\/\/yotavis.ch\/fr\/wp-json\/wp\/v2\/media\/11117"}],"wp:attachment":[{"href":"https:\/\/yotavis.ch\/fr\/wp-json\/wp\/v2\/media?parent=10399"}],"wp:term":[{"taxonomy":"product_brand","embeddable":true,"href":"https:\/\/yotavis.ch\/fr\/wp-json\/wp\/v2\/product_brand?post=10399"},{"taxonomy":"product_cat","embeddable":true,"href":"https:\/\/yotavis.ch\/fr\/wp-json\/wp\/v2\/product_cat?post=10399"},{"taxonomy":"product_tag","embeddable":true,"href":"https:\/\/yotavis.ch\/fr\/wp-json\/wp\/v2\/product_tag?post=10399"}],"curies":[{"name":"wp","href":"https:\/\/api.w.org\/{rel}","templated":true}]}}