{"id":10401,"date":"2025-10-09T00:00:00","date_gmt":"2025-10-08T22:00:00","guid":{"rendered":"https:\/\/yotavis.ch\/product\/it-m3122\/"},"modified":"2026-04-24T13:38:33","modified_gmt":"2026-04-24T11:38:33","slug":"it-m3122","status":"publish","type":"product","link":"https:\/\/yotavis.ch\/fr\/produit\/it-m3122\/","title":{"rendered":"IT-M3122"},"content":{"rendered":"<p>L'ITECH IT-M3122 est une alimentation DC avec une tension de sortie maximale de 80 volts et un courant maximal de 22 amp\u00e8res, d\u00e9livrant une puissance totale de 850 watts. Elle est dot\u00e9e d'un seul canal de sortie, ce qui permet une alimentation directe dans diverses applications. Ce mod\u00e8le prend en charge la fonctionnalit\u00e9 de contr\u00f4le \u00e0 distance, permettant aux utilisateurs de faire fonctionner l'appareil \u00e0 distance pour plus de commodit\u00e9 et de flexibilit\u00e9. L'alimentation est con\u00e7ue pour fournir un courant continu stable et fiable, adapt\u00e9 aux tests et \u00e0 l'alimentation des appareils \u00e9lectroniques. Ses sp\u00e9cifications sont ax\u00e9es sur la fourniture de niveaux de tension et de courant coh\u00e9rents, ce qui la rend adapt\u00e9e aux environnements de laboratoire et industriels. L'appareil n'inclut pas de fonctions suppl\u00e9mentaires telles que des canaux multiples ou des capacit\u00e9s de mesure avanc\u00e9es, se concentrant plut\u00f4t sur les fonctions de base de l'alimentation. L'IT-M3122 fait partie de la gamme d'alimentations d'ITECH, connue pour sa pr\u00e9cision et sa durabilit\u00e9.<\/p>","protected":false},"excerpt":{"rendered":"<p>Alimentation en courant continu 80V\/22A\/850W<\/p>","protected":false},"featured_media":11117,"comment_status":"closed","ping_status":"closed","template":"","meta":{"_acf_changed":false,"slim_seo":{"title":"IT-M3122 - YOTAVIS AG","description":"Alimentation en courant continu 80V\/22A\/850W"}},"product_brand":[822],"product_cat":[516,515],"product_tag":[],"class_list":{"0":"post-10401","1":"product","2":"type-product","3":"status-publish","4":"has-post-thumbnail","6":"product_brand-itech","7":"product_cat-dc-source-en","8":"product_cat-power-en","9":"pa_current-a-917","10":"pa_output-number-146","11":"pa_power-w-916","12":"pa_remote-control-yes","13":"pa_voltage-v-155","15":"first","16":"instock","17":"taxable","18":"shipping-taxable","19":"product-type-simple"},"acf":[],"_links":{"self":[{"href":"https:\/\/yotavis.ch\/fr\/wp-json\/wp\/v2\/product\/10401","targetHints":{"allow":["GET"]}}],"collection":[{"href":"https:\/\/yotavis.ch\/fr\/wp-json\/wp\/v2\/product"}],"about":[{"href":"https:\/\/yotavis.ch\/fr\/wp-json\/wp\/v2\/types\/product"}],"replies":[{"embeddable":true,"href":"https:\/\/yotavis.ch\/fr\/wp-json\/wp\/v2\/comments?post=10401"}],"wp:featuredmedia":[{"embeddable":true,"href":"https:\/\/yotavis.ch\/fr\/wp-json\/wp\/v2\/media\/11117"}],"wp:attachment":[{"href":"https:\/\/yotavis.ch\/fr\/wp-json\/wp\/v2\/media?parent=10401"}],"wp:term":[{"taxonomy":"product_brand","embeddable":true,"href":"https:\/\/yotavis.ch\/fr\/wp-json\/wp\/v2\/product_brand?post=10401"},{"taxonomy":"product_cat","embeddable":true,"href":"https:\/\/yotavis.ch\/fr\/wp-json\/wp\/v2\/product_cat?post=10401"},{"taxonomy":"product_tag","embeddable":true,"href":"https:\/\/yotavis.ch\/fr\/wp-json\/wp\/v2\/product_tag?post=10401"}],"curies":[{"name":"wp","href":"https:\/\/api.w.org\/{rel}","templated":true}]}}