{"id":10405,"date":"2025-10-09T00:00:00","date_gmt":"2025-10-08T22:00:00","guid":{"rendered":"https:\/\/yotavis.ch\/product\/it-m3114\/"},"modified":"2026-04-24T13:38:35","modified_gmt":"2026-04-24T11:38:35","slug":"it-m3114","status":"publish","type":"product","link":"https:\/\/yotavis.ch\/fr\/produit\/it-m3114\/","title":{"rendered":"IT-M3114"},"content":{"rendered":"<p>L'ITECH IT-M3114 est une alimentation en courant continu con\u00e7ue pour d\u00e9livrer une puissance maximale de 400 watts. Elle fonctionne \u00e0 une tension allant jusqu'\u00e0 300 volts et peut fournir un courant allant jusqu'\u00e0 6 amp\u00e8res. Ce mod\u00e8le est dot\u00e9 d'un seul canal de sortie, ce qui permet de fournir une puissance cibl\u00e9e aux appareils connect\u00e9s. L'alimentation comprend une fonction de contr\u00f4le \u00e0 distance, permettant aux utilisateurs de faire fonctionner l'appareil \u00e0 distance pour plus de commodit\u00e9 et de flexibilit\u00e9. Ses sp\u00e9cifications le rendent adapt\u00e9 aux applications n\u00e9cessitant une alimentation en courant continu stable et pr\u00e9cise dans les limites de tension et de courant indiqu\u00e9es. La combinaison de ces caract\u00e9ristiques permet de r\u00e9aliser divers sc\u00e9narios de test et de d\u00e9veloppement dans lesquels une alimentation contr\u00f4l\u00e9e est essentielle. L'IT-M3114 est fabriqu\u00e9 par ITECH, une marque connue pour ses \u00e9quipements de test \u00e9lectronique.<\/p>","protected":false},"excerpt":{"rendered":"<p>300V\/6A\/400W DC power supply<\/p>","protected":false},"featured_media":11117,"comment_status":"closed","ping_status":"closed","template":"","meta":{"_acf_changed":false,"slim_seo":{"title":"IT-M3114 - YOTAVIS AG","description":"300V\/6A\/400W DC power supply"}},"product_brand":[822],"product_cat":[516,515],"product_tag":[],"class_list":{"0":"post-10405","1":"product","2":"type-product","3":"status-publish","4":"has-post-thumbnail","6":"product_brand-itech","7":"product_cat-dc-source-en","8":"product_cat-power-en","9":"pa_current-a-399","10":"pa_output-number-146","11":"pa_power-w-398","12":"pa_remote-control-yes","13":"pa_voltage-v-624","15":"first","16":"instock","17":"taxable","18":"shipping-taxable","19":"product-type-simple"},"acf":[],"_links":{"self":[{"href":"https:\/\/yotavis.ch\/fr\/wp-json\/wp\/v2\/product\/10405","targetHints":{"allow":["GET"]}}],"collection":[{"href":"https:\/\/yotavis.ch\/fr\/wp-json\/wp\/v2\/product"}],"about":[{"href":"https:\/\/yotavis.ch\/fr\/wp-json\/wp\/v2\/types\/product"}],"replies":[{"embeddable":true,"href":"https:\/\/yotavis.ch\/fr\/wp-json\/wp\/v2\/comments?post=10405"}],"wp:featuredmedia":[{"embeddable":true,"href":"https:\/\/yotavis.ch\/fr\/wp-json\/wp\/v2\/media\/11117"}],"wp:attachment":[{"href":"https:\/\/yotavis.ch\/fr\/wp-json\/wp\/v2\/media?parent=10405"}],"wp:term":[{"taxonomy":"product_brand","embeddable":true,"href":"https:\/\/yotavis.ch\/fr\/wp-json\/wp\/v2\/product_brand?post=10405"},{"taxonomy":"product_cat","embeddable":true,"href":"https:\/\/yotavis.ch\/fr\/wp-json\/wp\/v2\/product_cat?post=10405"},{"taxonomy":"product_tag","embeddable":true,"href":"https:\/\/yotavis.ch\/fr\/wp-json\/wp\/v2\/product_tag?post=10405"}],"curies":[{"name":"wp","href":"https:\/\/api.w.org\/{rel}","templated":true}]}}