{"id":10409,"date":"2025-10-09T00:00:00","date_gmt":"2025-10-08T22:00:00","guid":{"rendered":"https:\/\/yotavis.ch\/product\/it-m3131d\/"},"modified":"2026-04-24T13:38:41","modified_gmt":"2026-04-24T11:38:41","slug":"it-m3131d","status":"publish","type":"product","link":"https:\/\/yotavis.ch\/fr\/produit\/it-m3131d\/","title":{"rendered":"IT-M3131D"},"content":{"rendered":"<p>L'IT-M3131D d'ITECH dispose de deux canaux de sortie, chacun capable de d\u00e9livrer 30 volts, 15 amp\u00e8res et 200 watts, combin\u00e9s pour une puissance totale de 400 watts. Cette configuration \u00e0 deux canaux permet le fonctionnement simultan\u00e9 de deux charges ou appareils ind\u00e9pendants. L'appareil prend en charge une tension maximale de 30 volts et un courant maximal de 15 amp\u00e8res par canal, ce qui garantit des performances constantes dans le cadre de ces param\u00e8tres \u00e9lectriques. Il comprend une fonction de commande \u00e0 distance, permettant aux utilisateurs de faire fonctionner l'appareil \u00e0 distance pour plus de commodit\u00e9 et de flexibilit\u00e9. L'alimentation est con\u00e7ue pour supporter des charges \u00e9lectriques importantes, ce qui la rend adapt\u00e9e \u00e0 diverses applications n\u00e9cessitant une alimentation stable et fiable. La pr\u00e9sence de deux sorties permet des sc\u00e9narios d'utilisation polyvalents, pouvant r\u00e9pondre simultan\u00e9ment \u00e0 diff\u00e9rents besoins en mati\u00e8re de tests ou d'op\u00e9rations. L'IT-M3131D est con\u00e7u pour fournir des sorties de tension et de courant pr\u00e9cises, respectant les limites sp\u00e9cifi\u00e9es pour chaque canal.<\/p>","protected":false},"excerpt":{"rendered":"<p>CH1:30V\/15A\/200W CH2:30V\/15A\/200W<\/p>","protected":false},"featured_media":11120,"comment_status":"closed","ping_status":"closed","template":"","meta":{"_acf_changed":false,"slim_seo":{"title":"IT-M3131D - YOTAVIS AG","description":"CH1:30V\/15A\/200W CH2:30V\/15A\/200W"}},"product_brand":[822],"product_cat":[516,515],"product_tag":[],"class_list":{"0":"post-10409","1":"product","2":"type-product","3":"status-publish","4":"has-post-thumbnail","6":"product_brand-itech","7":"product_cat-dc-source-en","8":"product_cat-power-en","9":"pa_current-a-410","10":"pa_output-number-153","11":"pa_power-w-398","12":"pa_remote-control-yes","13":"pa_voltage-v-145","15":"first","16":"instock","17":"taxable","18":"shipping-taxable","19":"product-type-simple"},"acf":[],"_links":{"self":[{"href":"https:\/\/yotavis.ch\/fr\/wp-json\/wp\/v2\/product\/10409","targetHints":{"allow":["GET"]}}],"collection":[{"href":"https:\/\/yotavis.ch\/fr\/wp-json\/wp\/v2\/product"}],"about":[{"href":"https:\/\/yotavis.ch\/fr\/wp-json\/wp\/v2\/types\/product"}],"replies":[{"embeddable":true,"href":"https:\/\/yotavis.ch\/fr\/wp-json\/wp\/v2\/comments?post=10409"}],"wp:featuredmedia":[{"embeddable":true,"href":"https:\/\/yotavis.ch\/fr\/wp-json\/wp\/v2\/media\/11120"}],"wp:attachment":[{"href":"https:\/\/yotavis.ch\/fr\/wp-json\/wp\/v2\/media?parent=10409"}],"wp:term":[{"taxonomy":"product_brand","embeddable":true,"href":"https:\/\/yotavis.ch\/fr\/wp-json\/wp\/v2\/product_brand?post=10409"},{"taxonomy":"product_cat","embeddable":true,"href":"https:\/\/yotavis.ch\/fr\/wp-json\/wp\/v2\/product_cat?post=10409"},{"taxonomy":"product_tag","embeddable":true,"href":"https:\/\/yotavis.ch\/fr\/wp-json\/wp\/v2\/product_tag?post=10409"}],"curies":[{"name":"wp","href":"https:\/\/api.w.org\/{rel}","templated":true}]}}