{"id":10411,"date":"2025-10-09T00:00:00","date_gmt":"2025-10-08T22:00:00","guid":{"rendered":"https:\/\/yotavis.ch\/product\/it-m3132d\/"},"modified":"2026-04-24T13:38:43","modified_gmt":"2026-04-24T11:38:43","slug":"it-m3132d","status":"publish","type":"product","link":"https:\/\/yotavis.ch\/fr\/produit\/it-m3132d\/","title":{"rendered":"IT-M3132D"},"content":{"rendered":"<p>L'IT-M3132D d'ITECH dispose de deux canaux de sortie, chacun capable de d\u00e9livrer 60 volts et 10 amp\u00e8res, avec une puissance nominale de 200 watts par canal, soit un total de 400 watts. Cette configuration \u00e0 double sortie permet des applications polyvalentes n\u00e9cessitant une alimentation simultan\u00e9e. L'appareil prend en charge une tension maximale de 60 volts et un courant maximal de 10 amp\u00e8res, ce qui lui permet de supporter des charges \u00e9lectriques importantes. En outre, l'IT-M3132D est dot\u00e9 d'une fonction de commande \u00e0 distance, ce qui permet aux utilisateurs de faire fonctionner l'appareil \u00e0 distance pour des raisons de commodit\u00e9 et de s\u00e9curit\u00e9. La combinaison de ces sp\u00e9cifications fait de l'IT-M3132D un appareil adapt\u00e9 \u00e0 divers besoins d'alimentation \u00e9lectrique o\u00f9 un contr\u00f4le pr\u00e9cis de la tension et du courant est essentiel.<\/p>","protected":false},"excerpt":{"rendered":"<p>CH1:60V\/10A\/200W CH2:60V\/10A\/200W<\/p>","protected":false},"featured_media":11120,"comment_status":"closed","ping_status":"closed","template":"","meta":{"_acf_changed":false,"slim_seo":{"title":"IT-M3132D - YOTAVIS AG","description":"CH1:60V\/10A\/200W CH2:60V\/10A\/200W"}},"product_brand":[822],"product_cat":[516,515],"product_tag":[],"class_list":{"0":"post-10411","1":"product","2":"type-product","3":"status-publish","4":"has-post-thumbnail","6":"product_brand-itech","7":"product_cat-dc-source-en","8":"product_cat-power-en","9":"pa_current-a-397","10":"pa_output-number-153","11":"pa_power-w-398","12":"pa_remote-control-yes","13":"pa_voltage-v-314","15":"first","16":"instock","17":"taxable","18":"shipping-taxable","19":"product-type-simple"},"acf":[],"_links":{"self":[{"href":"https:\/\/yotavis.ch\/fr\/wp-json\/wp\/v2\/product\/10411","targetHints":{"allow":["GET"]}}],"collection":[{"href":"https:\/\/yotavis.ch\/fr\/wp-json\/wp\/v2\/product"}],"about":[{"href":"https:\/\/yotavis.ch\/fr\/wp-json\/wp\/v2\/types\/product"}],"replies":[{"embeddable":true,"href":"https:\/\/yotavis.ch\/fr\/wp-json\/wp\/v2\/comments?post=10411"}],"wp:featuredmedia":[{"embeddable":true,"href":"https:\/\/yotavis.ch\/fr\/wp-json\/wp\/v2\/media\/11120"}],"wp:attachment":[{"href":"https:\/\/yotavis.ch\/fr\/wp-json\/wp\/v2\/media?parent=10411"}],"wp:term":[{"taxonomy":"product_brand","embeddable":true,"href":"https:\/\/yotavis.ch\/fr\/wp-json\/wp\/v2\/product_brand?post=10411"},{"taxonomy":"product_cat","embeddable":true,"href":"https:\/\/yotavis.ch\/fr\/wp-json\/wp\/v2\/product_cat?post=10411"},{"taxonomy":"product_tag","embeddable":true,"href":"https:\/\/yotavis.ch\/fr\/wp-json\/wp\/v2\/product_tag?post=10411"}],"curies":[{"name":"wp","href":"https:\/\/api.w.org\/{rel}","templated":true}]}}