{"id":10412,"date":"2025-10-09T00:00:00","date_gmt":"2025-10-08T22:00:00","guid":{"rendered":"https:\/\/yotavis.ch\/product\/it-m3142d\/"},"modified":"2026-04-24T13:38:44","modified_gmt":"2026-04-24T11:38:44","slug":"it-m3142d","status":"publish","type":"product","link":"https:\/\/yotavis.ch\/fr\/produit\/it-m3142d\/","title":{"rendered":"IT-M3142D"},"content":{"rendered":"<p>L'IT-M3142D d'ITECH dispose de deux canaux de sortie, chacun capable de fournir 60 volts et 10 amp\u00e8res, avec une puissance de sortie de 400 watts par canal, soit un total de 800 watts. Cette configuration \u00e0 deux canaux permet un fonctionnement simultan\u00e9 avec des sp\u00e9cifications de tension et de courant coh\u00e9rentes sur les deux sorties. L'appareil est dot\u00e9 d'une fonction de t\u00e9l\u00e9commande, ce qui permet aux utilisateurs de le faire fonctionner \u00e0 distance pour plus de commodit\u00e9 et de souplesse. Avec une tension nominale de 60 volts et un courant nominal de 10 amp\u00e8res, l'IT-M3142D est con\u00e7u pour supporter des charges \u00e9lectriques importantes. La puissance totale de 800 watts indique sa capacit\u00e9 \u00e0 prendre en charge des applications exigeantes. L'inclusion de deux sorties le rend adapt\u00e9 aux sc\u00e9narios n\u00e9cessitant des sources d'alimentation parall\u00e8les ou ind\u00e9pendantes. La fonction de contr\u00f4le \u00e0 distance am\u00e9liore la convivialit\u00e9 en permettant des ajustements sans interaction directe avec l'appareil lui-m\u00eame.<\/p>","protected":false},"excerpt":{"rendered":"<p>CH1:60V\/10A\/400W CH2:60V\/10A\/400W<\/p>","protected":false},"featured_media":11120,"comment_status":"closed","ping_status":"closed","template":"","meta":{"_acf_changed":false,"slim_seo":{"title":"IT-M3142D - YOTAVIS AG","description":"CH1:60V\/10A\/400W CH2:60V\/10A\/400W"}},"product_brand":[822],"product_cat":[516,515],"product_tag":[],"class_list":{"0":"post-10412","1":"product","2":"type-product","3":"status-publish","4":"has-post-thumbnail","6":"product_brand-itech","7":"product_cat-dc-source-en","8":"product_cat-power-en","9":"pa_current-a-397","10":"pa_output-number-153","11":"pa_power-w-556","12":"pa_remote-control-yes","13":"pa_voltage-v-314","15":"first","16":"instock","17":"taxable","18":"shipping-taxable","19":"product-type-simple"},"acf":[],"_links":{"self":[{"href":"https:\/\/yotavis.ch\/fr\/wp-json\/wp\/v2\/product\/10412","targetHints":{"allow":["GET"]}}],"collection":[{"href":"https:\/\/yotavis.ch\/fr\/wp-json\/wp\/v2\/product"}],"about":[{"href":"https:\/\/yotavis.ch\/fr\/wp-json\/wp\/v2\/types\/product"}],"replies":[{"embeddable":true,"href":"https:\/\/yotavis.ch\/fr\/wp-json\/wp\/v2\/comments?post=10412"}],"wp:featuredmedia":[{"embeddable":true,"href":"https:\/\/yotavis.ch\/fr\/wp-json\/wp\/v2\/media\/11120"}],"wp:attachment":[{"href":"https:\/\/yotavis.ch\/fr\/wp-json\/wp\/v2\/media?parent=10412"}],"wp:term":[{"taxonomy":"product_brand","embeddable":true,"href":"https:\/\/yotavis.ch\/fr\/wp-json\/wp\/v2\/product_brand?post=10412"},{"taxonomy":"product_cat","embeddable":true,"href":"https:\/\/yotavis.ch\/fr\/wp-json\/wp\/v2\/product_cat?post=10412"},{"taxonomy":"product_tag","embeddable":true,"href":"https:\/\/yotavis.ch\/fr\/wp-json\/wp\/v2\/product_tag?post=10412"}],"curies":[{"name":"wp","href":"https:\/\/api.w.org\/{rel}","templated":true}]}}