{"id":10414,"date":"2025-10-09T00:00:00","date_gmt":"2025-10-08T22:00:00","guid":{"rendered":"https:\/\/yotavis.ch\/product\/it-m3131e\/"},"modified":"2026-04-24T13:38:46","modified_gmt":"2026-04-24T11:38:46","slug":"it-m3131e","status":"publish","type":"product","link":"https:\/\/yotavis.ch\/fr\/produit\/it-m3131e\/","title":{"rendered":"IT-M3131E"},"content":{"rendered":"<p>L'ITECH IT-M3131E est une alimentation DC con\u00e7ue pour d\u00e9livrer une puissance maximale de 1850 watts. Elle fonctionne \u00e0 une tension de 30 volts et peut fournir un courant allant jusqu'\u00e0 150 amp\u00e8res. Ce mod\u00e8le est dot\u00e9 d'un seul canal de sortie, ce qui permet une distribution cibl\u00e9e de la puissance. L'appareil est dot\u00e9 d'une fonction de t\u00e9l\u00e9commande, ce qui permet aux utilisateurs de l'utiliser \u00e0 distance pour plus de commodit\u00e9 et de flexibilit\u00e9. Ses sp\u00e9cifications le destinent aux applications n\u00e9cessitant une alimentation en courant continu stable et fiable dans les limites de tension et de courant indiqu\u00e9es. La combinaison d'un courant et d'une puissance de sortie \u00e9lev\u00e9s lui permet de g\u00e9rer des charges \u00e9lectriques exigeantes. L'IT-M3131E est con\u00e7u pour r\u00e9pondre aux besoins de divers environnements de test et de d\u00e9veloppement o\u00f9 une alimentation en courant continu pr\u00e9cise est essentielle.<\/p>","protected":false},"excerpt":{"rendered":"<p>30V\/150A\/1850W DC power supply<\/p>","protected":false},"featured_media":11122,"comment_status":"closed","ping_status":"closed","template":"","meta":{"_acf_changed":false,"slim_seo":{"title":"IT-M3131E - YOTAVIS AG","description":"30V\/150A\/1850W DC power supply"}},"product_brand":[822],"product_cat":[516,515],"product_tag":[],"class_list":{"0":"post-10414","1":"product","2":"type-product","3":"status-publish","4":"has-post-thumbnail","6":"product_brand-itech","7":"product_cat-dc-source-en","8":"product_cat-power-en","9":"pa_current-a-569","10":"pa_output-number-146","11":"pa_power-w-921","12":"pa_remote-control-yes","13":"pa_voltage-v-145","15":"first","16":"instock","17":"taxable","18":"shipping-taxable","19":"product-type-simple"},"acf":[],"_links":{"self":[{"href":"https:\/\/yotavis.ch\/fr\/wp-json\/wp\/v2\/product\/10414","targetHints":{"allow":["GET"]}}],"collection":[{"href":"https:\/\/yotavis.ch\/fr\/wp-json\/wp\/v2\/product"}],"about":[{"href":"https:\/\/yotavis.ch\/fr\/wp-json\/wp\/v2\/types\/product"}],"replies":[{"embeddable":true,"href":"https:\/\/yotavis.ch\/fr\/wp-json\/wp\/v2\/comments?post=10414"}],"wp:featuredmedia":[{"embeddable":true,"href":"https:\/\/yotavis.ch\/fr\/wp-json\/wp\/v2\/media\/11122"}],"wp:attachment":[{"href":"https:\/\/yotavis.ch\/fr\/wp-json\/wp\/v2\/media?parent=10414"}],"wp:term":[{"taxonomy":"product_brand","embeddable":true,"href":"https:\/\/yotavis.ch\/fr\/wp-json\/wp\/v2\/product_brand?post=10414"},{"taxonomy":"product_cat","embeddable":true,"href":"https:\/\/yotavis.ch\/fr\/wp-json\/wp\/v2\/product_cat?post=10414"},{"taxonomy":"product_tag","embeddable":true,"href":"https:\/\/yotavis.ch\/fr\/wp-json\/wp\/v2\/product_tag?post=10414"}],"curies":[{"name":"wp","href":"https:\/\/api.w.org\/{rel}","templated":true}]}}