{"id":10419,"date":"2025-10-09T00:00:00","date_gmt":"2025-10-08T22:00:00","guid":{"rendered":"https:\/\/yotavis.ch\/product\/it-m3144\/"},"modified":"2026-04-24T13:38:48","modified_gmt":"2026-04-24T11:38:48","slug":"it-m3144","status":"publish","type":"product","link":"https:\/\/yotavis.ch\/fr\/produit\/it-m3144\/","title":{"rendered":"IT-M3144"},"content":{"rendered":"<p>L'ITECH IT-M3144 est une alimentation en courant continu d'une puissance maximale de 3000 watts. Elle fonctionne \u00e0 une tension de 300 volts et peut d\u00e9livrer un courant allant jusqu'\u00e0 20 amp\u00e8res. Ce mod\u00e8le est dot\u00e9 d'un seul canal de sortie, ce qui permet une distribution cibl\u00e9e de la puissance. Il est dot\u00e9 d'une fonction de t\u00e9l\u00e9commande, ce qui permet aux utilisateurs de faire fonctionner l'appareil \u00e0 distance. L'alimentation est con\u00e7ue pour r\u00e9pondre \u00e0 des exigences de puissance \u00e9lev\u00e9es gr\u00e2ce \u00e0 ses sp\u00e9cifications de 300V\/20A\/3000W. Sa configuration prend en charge les applications qui n\u00e9cessitent une alimentation en courant continu stable et fiable. L'appareil convient \u00e0 divers environnements de test et de d\u00e9veloppement o\u00f9 un contr\u00f4le pr\u00e9cis de l'alimentation est n\u00e9cessaire.<\/p>","protected":false},"excerpt":{"rendered":"<p>Alimentation en courant continu 300V\/20A\/3000W<\/p>","protected":false},"featured_media":11122,"comment_status":"closed","ping_status":"closed","template":"","meta":{"_acf_changed":false,"slim_seo":{"title":"IT-M3144 - YOTAVIS AG","description":"Alimentation en courant continu 300V\/20A\/3000W"}},"product_brand":[822],"product_cat":[516,515],"product_tag":[],"class_list":{"0":"post-10419","1":"product","2":"type-product","3":"status-publish","4":"has-post-thumbnail","6":"product_brand-itech","7":"product_cat-dc-source-en","8":"product_cat-power-en","9":"pa_current-a-552","10":"pa_output-number-146","11":"pa_power-w-632","12":"pa_remote-control-yes","13":"pa_voltage-v-624","15":"first","16":"instock","17":"taxable","18":"shipping-taxable","19":"product-type-simple"},"acf":[],"_links":{"self":[{"href":"https:\/\/yotavis.ch\/fr\/wp-json\/wp\/v2\/product\/10419","targetHints":{"allow":["GET"]}}],"collection":[{"href":"https:\/\/yotavis.ch\/fr\/wp-json\/wp\/v2\/product"}],"about":[{"href":"https:\/\/yotavis.ch\/fr\/wp-json\/wp\/v2\/types\/product"}],"replies":[{"embeddable":true,"href":"https:\/\/yotavis.ch\/fr\/wp-json\/wp\/v2\/comments?post=10419"}],"wp:featuredmedia":[{"embeddable":true,"href":"https:\/\/yotavis.ch\/fr\/wp-json\/wp\/v2\/media\/11122"}],"wp:attachment":[{"href":"https:\/\/yotavis.ch\/fr\/wp-json\/wp\/v2\/media?parent=10419"}],"wp:term":[{"taxonomy":"product_brand","embeddable":true,"href":"https:\/\/yotavis.ch\/fr\/wp-json\/wp\/v2\/product_brand?post=10419"},{"taxonomy":"product_cat","embeddable":true,"href":"https:\/\/yotavis.ch\/fr\/wp-json\/wp\/v2\/product_cat?post=10419"},{"taxonomy":"product_tag","embeddable":true,"href":"https:\/\/yotavis.ch\/fr\/wp-json\/wp\/v2\/product_tag?post=10419"}],"curies":[{"name":"wp","href":"https:\/\/api.w.org\/{rel}","templated":true}]}}