{"id":10422,"date":"2025-10-09T00:00:00","date_gmt":"2025-10-08T22:00:00","guid":{"rendered":"https:\/\/yotavis.ch\/product\/it-m3135e\/"},"modified":"2026-04-24T13:38:49","modified_gmt":"2026-04-24T11:38:49","slug":"it-m3135e","status":"publish","type":"product","link":"https:\/\/yotavis.ch\/fr\/produit\/it-m3135e\/","title":{"rendered":"IT-M3135E"},"content":{"rendered":"<p>L'ITECH IT-M3135E est une alimentation DC avec une tension de sortie maximale de 600 volts et une capacit\u00e9 de courant de 10 amp\u00e8res. Elle d\u00e9livre une puissance de 1850 watts par le biais d'un seul canal de sortie. Ce mod\u00e8le est dot\u00e9 d'une fonction de commande \u00e0 distance, ce qui permet de l'utiliser facilement \u00e0 distance. L'alimentation est con\u00e7ue pour fournir un courant continu stable et fiable pour diverses applications n\u00e9cessitant jusqu'\u00e0 600V et 10A. Son num\u00e9ro de sortie unique simplifie les connexions et l'utilisation dans les configurations o\u00f9 une seule source d'alimentation est n\u00e9cessaire. L'appareil convient aux t\u00e2ches qui exigent un contr\u00f4le pr\u00e9cis de la tension et du courant dans les limites sp\u00e9cifi\u00e9es. La combinaison de ses caract\u00e9ristiques de tension, de courant et de puissance en fait un outil polyvalent pour tester et alimenter les \u00e9quipements \u00e9lectroniques.<\/p>","protected":false},"excerpt":{"rendered":"<p>600V\/10A\/1850W DC power supply<\/p>","protected":false},"featured_media":11122,"comment_status":"closed","ping_status":"closed","template":"","meta":{"_acf_changed":false,"slim_seo":{"title":"IT-M3135E - YOTAVIS AG","description":"600V\/10A\/1850W DC power supply"}},"product_brand":[822],"product_cat":[516,515],"product_tag":[],"class_list":{"0":"post-10422","1":"product","2":"type-product","3":"status-publish","4":"has-post-thumbnail","6":"product_brand-itech","7":"product_cat-dc-source-en","8":"product_cat-power-en","9":"pa_current-a-397","10":"pa_output-number-146","11":"pa_power-w-921","12":"pa_remote-control-yes","13":"pa_voltage-v-920","15":"first","16":"instock","17":"taxable","18":"shipping-taxable","19":"product-type-simple"},"acf":[],"_links":{"self":[{"href":"https:\/\/yotavis.ch\/fr\/wp-json\/wp\/v2\/product\/10422","targetHints":{"allow":["GET"]}}],"collection":[{"href":"https:\/\/yotavis.ch\/fr\/wp-json\/wp\/v2\/product"}],"about":[{"href":"https:\/\/yotavis.ch\/fr\/wp-json\/wp\/v2\/types\/product"}],"replies":[{"embeddable":true,"href":"https:\/\/yotavis.ch\/fr\/wp-json\/wp\/v2\/comments?post=10422"}],"wp:featuredmedia":[{"embeddable":true,"href":"https:\/\/yotavis.ch\/fr\/wp-json\/wp\/v2\/media\/11122"}],"wp:attachment":[{"href":"https:\/\/yotavis.ch\/fr\/wp-json\/wp\/v2\/media?parent=10422"}],"wp:term":[{"taxonomy":"product_brand","embeddable":true,"href":"https:\/\/yotavis.ch\/fr\/wp-json\/wp\/v2\/product_brand?post=10422"},{"taxonomy":"product_cat","embeddable":true,"href":"https:\/\/yotavis.ch\/fr\/wp-json\/wp\/v2\/product_cat?post=10422"},{"taxonomy":"product_tag","embeddable":true,"href":"https:\/\/yotavis.ch\/fr\/wp-json\/wp\/v2\/product_tag?post=10422"}],"curies":[{"name":"wp","href":"https:\/\/api.w.org\/{rel}","templated":true}]}}