{"id":10423,"date":"2025-10-09T00:00:00","date_gmt":"2025-10-08T22:00:00","guid":{"rendered":"https:\/\/yotavis.ch\/product\/it-m3146\/"},"modified":"2026-04-24T13:38:50","modified_gmt":"2026-04-24T11:38:50","slug":"it-m3146","status":"publish","type":"product","link":"https:\/\/yotavis.ch\/fr\/produit\/it-m3146\/","title":{"rendered":"IT-M3146"},"content":{"rendered":"<p>L'ITECH IT-M3146 est une alimentation DC con\u00e7ue pour d\u00e9livrer une puissance maximale de 3000 watts. Elle fonctionne \u00e0 une tension allant jusqu'\u00e0 1000 volts et peut fournir un courant allant jusqu'\u00e0 6 amp\u00e8res. Ce mod\u00e8le est dot\u00e9 d'un seul canal de sortie, ce qui permet une distribution cibl\u00e9e de la puissance. Il prend en charge la fonctionnalit\u00e9 de la t\u00e9l\u00e9commande, ce qui permet aux utilisateurs de faire fonctionner l'appareil \u00e0 distance pour plus de commodit\u00e9 et de flexibilit\u00e9. L'alimentation est con\u00e7ue pour r\u00e9pondre \u00e0 des exigences \u00e9lev\u00e9es en mati\u00e8re de tension et de courant, ce qui la rend adapt\u00e9e \u00e0 diverses applications n\u00e9cessitant une alimentation CC stable et fiable. Ses sp\u00e9cifications soulignent sa capacit\u00e9 \u00e0 g\u00e9rer efficacement des charges \u00e9lectriques importantes. La combinaison de ses caract\u00e9ristiques de tension, de courant et de puissance en fait une solution robuste pour une utilisation professionnelle et industrielle.<\/p>","protected":false},"excerpt":{"rendered":"<p>1000V\/6A\/3000W DC power supply<\/p>","protected":false},"featured_media":11122,"comment_status":"closed","ping_status":"closed","template":"","meta":{"_acf_changed":false,"slim_seo":{"title":"IT-M3146 - YOTAVIS AG","description":"1000V\/6A\/3000W DC power supply"}},"product_brand":[822],"product_cat":[516,515],"product_tag":[],"class_list":{"0":"post-10423","1":"product","2":"type-product","3":"status-publish","4":"has-post-thumbnail","6":"product_brand-itech","7":"product_cat-dc-source-en","8":"product_cat-power-en","9":"pa_current-a-399","10":"pa_output-number-146","11":"pa_power-w-632","12":"pa_remote-control-yes","13":"pa_voltage-v-639","15":"first","16":"instock","17":"taxable","18":"shipping-taxable","19":"product-type-simple"},"acf":[],"_links":{"self":[{"href":"https:\/\/yotavis.ch\/fr\/wp-json\/wp\/v2\/product\/10423","targetHints":{"allow":["GET"]}}],"collection":[{"href":"https:\/\/yotavis.ch\/fr\/wp-json\/wp\/v2\/product"}],"about":[{"href":"https:\/\/yotavis.ch\/fr\/wp-json\/wp\/v2\/types\/product"}],"replies":[{"embeddable":true,"href":"https:\/\/yotavis.ch\/fr\/wp-json\/wp\/v2\/comments?post=10423"}],"wp:featuredmedia":[{"embeddable":true,"href":"https:\/\/yotavis.ch\/fr\/wp-json\/wp\/v2\/media\/11122"}],"wp:attachment":[{"href":"https:\/\/yotavis.ch\/fr\/wp-json\/wp\/v2\/media?parent=10423"}],"wp:term":[{"taxonomy":"product_brand","embeddable":true,"href":"https:\/\/yotavis.ch\/fr\/wp-json\/wp\/v2\/product_brand?post=10423"},{"taxonomy":"product_cat","embeddable":true,"href":"https:\/\/yotavis.ch\/fr\/wp-json\/wp\/v2\/product_cat?post=10423"},{"taxonomy":"product_tag","embeddable":true,"href":"https:\/\/yotavis.ch\/fr\/wp-json\/wp\/v2\/product_tag?post=10423"}],"curies":[{"name":"wp","href":"https:\/\/api.w.org\/{rel}","templated":true}]}}