{"id":10427,"date":"2025-10-09T00:00:00","date_gmt":"2025-10-08T22:00:00","guid":{"rendered":"https:\/\/yotavis.ch\/product\/it-m3223\/"},"modified":"2026-04-24T13:42:29","modified_gmt":"2026-04-24T11:42:29","slug":"it-m3223","status":"publish","type":"product","link":"https:\/\/yotavis.ch\/fr\/produit\/it-m3223\/","title":{"rendered":"IT-M3223"},"content":{"rendered":"<p>L'IT-M3223 d'ITECH est une alimentation en courant continu d'une puissance de 100 watts. Elle fonctionne \u00e0 une tension de 60 volts et peut d\u00e9livrer un courant allant jusqu'\u00e0 10 amp\u00e8res. Ce mod\u00e8le est dot\u00e9 d'un seul canal de sortie, ce qui permet une connectivit\u00e9 et une utilisation simples. Il comprend \u00e9galement une fonction de t\u00e9l\u00e9commande, permettant aux utilisateurs de faire fonctionner l'appareil \u00e0 distance pour plus de commodit\u00e9. L'alimentation est con\u00e7ue pour fournir un courant continu stable et fiable pour diverses applications n\u00e9cessitant jusqu'\u00e0 60 volts et 10 amp\u00e8res. Sa conception compacte et ses capacit\u00e9s de sortie sp\u00e9cifiques la rendent adapt\u00e9e aux t\u00e2ches qui exigent un contr\u00f4le pr\u00e9cis de la tension et du courant. L'inclusion d'une t\u00e9l\u00e9commande am\u00e9liore son utilisation dans les environnements o\u00f9 l'acc\u00e8s direct \u00e0 l'appareil peut \u00eatre limit\u00e9.<\/p>","protected":false},"excerpt":{"rendered":"<p>Alimentation en courant continu 60V\/10A\/100W<\/p>","protected":false},"featured_media":11126,"comment_status":"closed","ping_status":"closed","template":"","meta":{"_acf_changed":false,"slim_seo":{"title":"IT-M3223 - YOTAVIS AG","description":"Alimentation en courant continu 60V\/10A\/100W"}},"product_brand":[822],"product_cat":[516,515],"product_tag":[],"class_list":{"0":"post-10427","1":"product","2":"type-product","3":"status-publish","4":"has-post-thumbnail","6":"product_brand-itech","7":"product_cat-dc-source-en","8":"product_cat-power-en","9":"pa_current-a-397","10":"pa_output-number-146","11":"pa_power-w-481","12":"pa_remote-control-yes","13":"pa_voltage-v-314","15":"first","16":"instock","17":"taxable","18":"shipping-taxable","19":"product-type-simple"},"acf":[],"_links":{"self":[{"href":"https:\/\/yotavis.ch\/fr\/wp-json\/wp\/v2\/product\/10427","targetHints":{"allow":["GET"]}}],"collection":[{"href":"https:\/\/yotavis.ch\/fr\/wp-json\/wp\/v2\/product"}],"about":[{"href":"https:\/\/yotavis.ch\/fr\/wp-json\/wp\/v2\/types\/product"}],"replies":[{"embeddable":true,"href":"https:\/\/yotavis.ch\/fr\/wp-json\/wp\/v2\/comments?post=10427"}],"wp:featuredmedia":[{"embeddable":true,"href":"https:\/\/yotavis.ch\/fr\/wp-json\/wp\/v2\/media\/11126"}],"wp:attachment":[{"href":"https:\/\/yotavis.ch\/fr\/wp-json\/wp\/v2\/media?parent=10427"}],"wp:term":[{"taxonomy":"product_brand","embeddable":true,"href":"https:\/\/yotavis.ch\/fr\/wp-json\/wp\/v2\/product_brand?post=10427"},{"taxonomy":"product_cat","embeddable":true,"href":"https:\/\/yotavis.ch\/fr\/wp-json\/wp\/v2\/product_cat?post=10427"},{"taxonomy":"product_tag","embeddable":true,"href":"https:\/\/yotavis.ch\/fr\/wp-json\/wp\/v2\/product_tag?post=10427"}],"curies":[{"name":"wp","href":"https:\/\/api.w.org\/{rel}","templated":true}]}}