{"id":10432,"date":"2025-10-09T00:00:00","date_gmt":"2025-10-08T22:00:00","guid":{"rendered":"https:\/\/yotavis.ch\/product\/it-m3273\/"},"modified":"2026-04-24T13:42:30","modified_gmt":"2026-04-24T11:42:30","slug":"it-m3273","status":"publish","type":"product","link":"https:\/\/yotavis.ch\/fr\/produit\/it-m3273\/","title":{"rendered":"IT-M3273"},"content":{"rendered":"<p>L'ITECH IT-M3273 est une alimentation en courant continu con\u00e7ue pour d\u00e9livrer une puissance maximale de 360 watts. Elle fonctionne \u00e0 une tension de 20 volts et peut fournir un courant allant jusqu'\u00e0 20 amp\u00e8res. Ce mod\u00e8le est dot\u00e9 d'un seul canal de sortie, ce qui permet de fournir une puissance cibl\u00e9e aux appareils connect\u00e9s. En outre, l'alimentation comprend une fonction de contr\u00f4le \u00e0 distance, permettant aux utilisateurs de faire fonctionner l'appareil \u00e0 distance pour plus de commodit\u00e9 et de flexibilit\u00e9. La combinaison de ses caract\u00e9ristiques de tension, de courant et de puissance la rend adapt\u00e9e \u00e0 diverses applications n\u00e9cessitant une alimentation en courant continu stable et fiable. L'appareil est con\u00e7u pour r\u00e9pondre \u00e0 des exigences \u00e9lectriques sp\u00e9cifiques avec pr\u00e9cision et efficacit\u00e9. Sa conception permet d'obtenir des performances constantes dans des environnements o\u00f9 une alimentation contr\u00f4l\u00e9e est essentielle.<\/p>","protected":false},"excerpt":{"rendered":"<p>20V\/20A\/360W  DC power supply<\/p>","protected":false},"featured_media":11126,"comment_status":"closed","ping_status":"closed","template":"","meta":{"_acf_changed":false,"slim_seo":{"title":"IT-M3273 - YOTAVIS AG","description":"Alimentation en courant continu 20V\/20A\/360W"}},"product_brand":[822],"product_cat":[516,515],"product_tag":[],"class_list":{"0":"post-10432","1":"product","2":"type-product","3":"status-publish","4":"has-post-thumbnail","6":"product_brand-itech","7":"product_cat-dc-source-en","8":"product_cat-power-en","9":"pa_current-a-552","10":"pa_output-number-146","11":"pa_power-w-403","12":"pa_remote-control-yes","13":"pa_voltage-v-315","15":"first","16":"instock","17":"taxable","18":"shipping-taxable","19":"product-type-simple"},"acf":[],"_links":{"self":[{"href":"https:\/\/yotavis.ch\/fr\/wp-json\/wp\/v2\/product\/10432","targetHints":{"allow":["GET"]}}],"collection":[{"href":"https:\/\/yotavis.ch\/fr\/wp-json\/wp\/v2\/product"}],"about":[{"href":"https:\/\/yotavis.ch\/fr\/wp-json\/wp\/v2\/types\/product"}],"replies":[{"embeddable":true,"href":"https:\/\/yotavis.ch\/fr\/wp-json\/wp\/v2\/comments?post=10432"}],"wp:featuredmedia":[{"embeddable":true,"href":"https:\/\/yotavis.ch\/fr\/wp-json\/wp\/v2\/media\/11126"}],"wp:attachment":[{"href":"https:\/\/yotavis.ch\/fr\/wp-json\/wp\/v2\/media?parent=10432"}],"wp:term":[{"taxonomy":"product_brand","embeddable":true,"href":"https:\/\/yotavis.ch\/fr\/wp-json\/wp\/v2\/product_brand?post=10432"},{"taxonomy":"product_cat","embeddable":true,"href":"https:\/\/yotavis.ch\/fr\/wp-json\/wp\/v2\/product_cat?post=10432"},{"taxonomy":"product_tag","embeddable":true,"href":"https:\/\/yotavis.ch\/fr\/wp-json\/wp\/v2\/product_tag?post=10432"}],"curies":[{"name":"wp","href":"https:\/\/api.w.org\/{rel}","templated":true}]}}