{"id":10433,"date":"2025-10-09T00:00:00","date_gmt":"2025-10-08T22:00:00","guid":{"rendered":"https:\/\/yotavis.ch\/product\/it-m3312\/"},"modified":"2026-04-24T13:42:31","modified_gmt":"2026-04-24T11:42:31","slug":"it-m3312","status":"publish","type":"product","link":"https:\/\/yotavis.ch\/fr\/produit\/it-m3312\/","title":{"rendered":"IT-M3312"},"content":{"rendered":"<p>L'ITECH IT-M3312 est une charge r\u00e9g\u00e9n\u00e9rative DC con\u00e7ue pour fonctionner \u00e0 une tension maximale de 60V et un courant de 30A, d\u00e9livrant une capacit\u00e9 de puissance de 200W. Il est dot\u00e9 d'un seul canal de sortie, ce qui permet d'effectuer des tests de charge cibl\u00e9s et efficaces. Cet appareil est dot\u00e9 d'une fonction de commande \u00e0 distance, ce qui permet aux utilisateurs de l'utiliser commod\u00e9ment \u00e0 distance. La charge r\u00e9g\u00e9n\u00e9rative est con\u00e7ue pour g\u00e9rer des applications de puissance en courant continu, ce qui la rend adapt\u00e9e \u00e0 divers sc\u00e9narios de test n\u00e9cessitant une gestion pr\u00e9cise de la charge. Sa conception met l'accent sur la fiabilit\u00e9 et le contr\u00f4le, ce qui garantit des performances stables pendant le fonctionnement. L'IT-M3312 est con\u00e7u pour r\u00e9pondre aux exigences des tests de puissance gr\u00e2ce \u00e0 ses valeurs nominales de tension et de courant, offrant ainsi une solution robuste pour les applications de charge \u00e9lectrique.<\/p>","protected":false},"excerpt":{"rendered":"<p>Charge r\u00e9g\u00e9n\u00e9ratrice 60V\/30A\/200W DC<\/p>","protected":false},"featured_media":11130,"comment_status":"closed","ping_status":"closed","template":"","meta":{"_acf_changed":false,"slim_seo":{"title":"IT-M3312 - YOTAVIS AG","description":"Charge r\u00e9g\u00e9n\u00e9ratrice 60V\/30A\/200W DC"}},"product_brand":[822],"product_cat":[517,515],"product_tag":[],"class_list":{"0":"post-10433","1":"product","2":"type-product","3":"status-publish","4":"has-post-thumbnail","6":"product_brand-itech","7":"product_cat-dc-load-en","8":"product_cat-power-en","9":"pa_current-a-404","10":"pa_output-number-146","11":"pa_power-w-414","12":"pa_remote-control-yes","13":"pa_voltage-v-314","15":"first","16":"instock","17":"taxable","18":"shipping-taxable","19":"product-type-simple"},"acf":[],"_links":{"self":[{"href":"https:\/\/yotavis.ch\/fr\/wp-json\/wp\/v2\/product\/10433","targetHints":{"allow":["GET"]}}],"collection":[{"href":"https:\/\/yotavis.ch\/fr\/wp-json\/wp\/v2\/product"}],"about":[{"href":"https:\/\/yotavis.ch\/fr\/wp-json\/wp\/v2\/types\/product"}],"replies":[{"embeddable":true,"href":"https:\/\/yotavis.ch\/fr\/wp-json\/wp\/v2\/comments?post=10433"}],"wp:featuredmedia":[{"embeddable":true,"href":"https:\/\/yotavis.ch\/fr\/wp-json\/wp\/v2\/media\/11130"}],"wp:attachment":[{"href":"https:\/\/yotavis.ch\/fr\/wp-json\/wp\/v2\/media?parent=10433"}],"wp:term":[{"taxonomy":"product_brand","embeddable":true,"href":"https:\/\/yotavis.ch\/fr\/wp-json\/wp\/v2\/product_brand?post=10433"},{"taxonomy":"product_cat","embeddable":true,"href":"https:\/\/yotavis.ch\/fr\/wp-json\/wp\/v2\/product_cat?post=10433"},{"taxonomy":"product_tag","embeddable":true,"href":"https:\/\/yotavis.ch\/fr\/wp-json\/wp\/v2\/product_tag?post=10433"}],"curies":[{"name":"wp","href":"https:\/\/api.w.org\/{rel}","templated":true}]}}