{"id":10439,"date":"2025-10-09T00:00:00","date_gmt":"2025-10-08T22:00:00","guid":{"rendered":"https:\/\/yotavis.ch\/product\/it-m3314\/"},"modified":"2026-04-24T13:42:33","modified_gmt":"2026-04-24T11:42:33","slug":"it-m3314","status":"publish","type":"product","link":"https:\/\/yotavis.ch\/fr\/produit\/it-m3314\/","title":{"rendered":"IT-M3314"},"content":{"rendered":"<p>L'ITECH IT-M3314 est une charge r\u00e9g\u00e9n\u00e9rative DC con\u00e7ue pour g\u00e9rer une puissance maximale de 200 watts. Elle fonctionne \u00e0 une tension allant jusqu'\u00e0 300 volts et supporte un courant de 6 amp\u00e8res. Ce mod\u00e8le est dot\u00e9 d'un seul canal de sortie, ce qui permet d'effectuer des tests de charge cibl\u00e9s et efficaces. La capacit\u00e9 de commande \u00e0 distance est incluse, ce qui permet aux utilisateurs de faire fonctionner l'appareil \u00e0 distance pour des raisons de commodit\u00e9 et de s\u00e9curit\u00e9. La fonction de r\u00e9g\u00e9n\u00e9ration permet \u00e0 l'appareil de r\u00e9injecter de l'\u00e9nergie dans la source d'alimentation, am\u00e9liorant ainsi l'efficacit\u00e9 \u00e9nerg\u00e9tique pendant les processus de test. L'IT-M3314 convient aux applications n\u00e9cessitant un contr\u00f4le pr\u00e9cis des charges CC dans les limites de tension et de courant sp\u00e9cifi\u00e9es. Sa conception permet d'obtenir des performances fiables dans divers environnements de test o\u00f9 une dissipation de puissance contr\u00f4l\u00e9e est n\u00e9cessaire.<\/p>","protected":false},"excerpt":{"rendered":"<p>Charge r\u00e9g\u00e9n\u00e9ratrice 300V\/6A\/200W DC<\/p>","protected":false},"featured_media":11130,"comment_status":"closed","ping_status":"closed","template":"","meta":{"_acf_changed":false,"slim_seo":{"title":"IT-M3314 - YOTAVIS AG","description":"Charge r\u00e9g\u00e9n\u00e9ratrice 300V\/6A\/200W DC"}},"product_brand":[822],"product_cat":[517,515],"product_tag":[],"class_list":{"0":"post-10439","1":"product","2":"type-product","3":"status-publish","4":"has-post-thumbnail","6":"product_brand-itech","7":"product_cat-dc-load-en","8":"product_cat-power-en","9":"pa_current-a-399","10":"pa_output-number-146","11":"pa_power-w-414","12":"pa_remote-control-yes","13":"pa_voltage-v-624","15":"first","16":"instock","17":"taxable","18":"shipping-taxable","19":"product-type-simple"},"acf":[],"_links":{"self":[{"href":"https:\/\/yotavis.ch\/fr\/wp-json\/wp\/v2\/product\/10439","targetHints":{"allow":["GET"]}}],"collection":[{"href":"https:\/\/yotavis.ch\/fr\/wp-json\/wp\/v2\/product"}],"about":[{"href":"https:\/\/yotavis.ch\/fr\/wp-json\/wp\/v2\/types\/product"}],"replies":[{"embeddable":true,"href":"https:\/\/yotavis.ch\/fr\/wp-json\/wp\/v2\/comments?post=10439"}],"wp:featuredmedia":[{"embeddable":true,"href":"https:\/\/yotavis.ch\/fr\/wp-json\/wp\/v2\/media\/11130"}],"wp:attachment":[{"href":"https:\/\/yotavis.ch\/fr\/wp-json\/wp\/v2\/media?parent=10439"}],"wp:term":[{"taxonomy":"product_brand","embeddable":true,"href":"https:\/\/yotavis.ch\/fr\/wp-json\/wp\/v2\/product_brand?post=10439"},{"taxonomy":"product_cat","embeddable":true,"href":"https:\/\/yotavis.ch\/fr\/wp-json\/wp\/v2\/product_cat?post=10439"},{"taxonomy":"product_tag","embeddable":true,"href":"https:\/\/yotavis.ch\/fr\/wp-json\/wp\/v2\/product_tag?post=10439"}],"curies":[{"name":"wp","href":"https:\/\/api.w.org\/{rel}","templated":true}]}}